{"id":67351,"date":"2023-12-23T01:26:51","date_gmt":"2023-12-23T01:26:51","guid":{"rendered":"https:\/\/occasionmachines.com\/?post_type=product&#038;p=67351"},"modified":"2024-01-15T15:00:50","modified_gmt":"2024-01-15T15:00:50","slug":"maquina-de-servico-de-ar-condicionado-r134a","status":"publish","type":"product","link":"https:\/\/occasionmachines.com\/pt\/produto\/maquina-de-servico-de-ar-condicionado-r134a\/","title":{"rendered":"M\u00e1quina de servi\u00e7o de ar condicionado R134A"},"content":{"rendered":"<p>Marca: Ecot\u00e9cnica<\/p>\n<p>C\u00f3digo do produto: <strong>ACVA500<\/strong><\/p>\n<p>EAN: 8720028105786<\/p>\n<p>m\u00e1quina de servi\u00e7o de ar condicionado\/esta\u00e7\u00e3o de diagn\u00f3stico\/unidade de servi\u00e7o\/esta\u00e7\u00e3o de abastecimento de ar condicionado\/esta\u00e7\u00e3o de servi\u00e7o de ar condicionado automotivo<\/p>\n<p>O modelo compacto, econ\u00f4mico e moderno ACVA500 da Ecotechnics \u00e9 uma esta\u00e7\u00e3o de abastecimento de ar condicionado s\u00f3lida e muito f\u00e1cil de usar, adequada para refrigerantes R134A.<br \/>\nO funcionamento da unidade de servi\u00e7o permite evitar completamente as t\u00edpicas \u201cemiss\u00f5es\u201d (dispers\u00e3o) de g\u00e1s refrigerante no meio ambiente, que \u00e9 liberado ao final de um reabastecimento normal do sistema de refrigera\u00e7\u00e3o do carro, quando as mangueiras de carga s\u00e3o retiradas deste sistema.<br \/>\nA m\u00e1quina recupera quase 100% do refrigerante e verifica se h\u00e1 vazamentos no sistema de ar condicionado. Sistema autom\u00e1tico de teste de vazamento do equipamento da esta\u00e7\u00e3o de diagn\u00f3stico: verifica\u00e7\u00e3o de vazamentos durante a fase de v\u00e1cuo. Se forem encontrados vazamentos, ele interrompe a opera\u00e7\u00e3o e emite um alarme.<br \/>\nPostos de ar condicionado equipados com cartuchos herm\u00e9ticos oferecem a vantagem de eliminar o contato entre a umidade naturalmente presente no ar ambiente e o \u00f3leo ou corante, que s\u00e3o subst\u00e2ncias hidrosc\u00f3picas (ou seja, subst\u00e2ncias que absorvem facilmente a umidade).<br \/>\nGest\u00e3o de \u00f3leo tanto com recipientes recarreg\u00e1veis \u200b\u200bpadr\u00e3o como com cartuchos herm\u00e9ticos.<br \/>\nA m\u00e1quina possui modo totalmente autom\u00e1tico e pode ser colocada em modo manual em casos de diagn\u00f3stico, onde cada fase pode ser realizada uma a uma.<br \/>\nGra\u00e7as ao seu tamanho extremamente compacto, o ACVA500 \u00e9 muito adequado para utiliza\u00e7\u00e3o em oficinas m\u00f3veis, autocarros de trabalho, etc.<\/p>\n<p>A m\u00e1quina est\u00e1 equipada com:<\/p>\n<p>Kit de transfer\u00eancia de carregamento Freon<br \/>\nPacote de mangueira de 3m com engates r\u00e1pidos<br \/>\nBanco de dados integrado Car-Truck-Agri<br \/>\nBomba de v\u00e1cuo integrada 51 lt\/min<br \/>\nImpressora t\u00e9rmica para um relat\u00f3rio completo e detalhado.<br \/>\nCaracter\u00edsticas:<\/p>\n<p>Servi\u00e7o totalmente autom\u00e1tico<br \/>\nBalan\u00e7a eletr\u00f4nica de \u00f3leo<br \/>\nil tipo de fun\u00e7\u00e3o de mudan\u00e7a<br \/>\nRecipientes padr\u00e3o recarreg\u00e1veis \u200b\u200bpara \u00f3leo e corante<br \/>\nTeste Autom\u00e1tico de Vazamento<br \/>\nEconomia de energia com tecnologia de v\u00e1lvula solen\u00f3ide de 12 volts<br \/>\nM\u00e9todo C.A.R.<br \/>\nVentilado<br \/>\nRecipientes padr\u00e3o recarreg\u00e1veis<br \/>\nFeito na It\u00e1lia<\/p>\n<p>Especifica\u00e7\u00f5es t\u00e9cnicas:<\/p>\n<p>Tens\u00e3o = 220-240 V 50\/60 Hz<br \/>\nTipo de refrigerante = R134A<br \/>\nV\u00e1lvulas de servi\u00e7o = Manual<br \/>\nPurga de g\u00e1s n\u00e3o condens\u00e1vel = Manual<br \/>\nMangueiras = 3m<br \/>\nBomba de v\u00e1cuo de capacidade = 51 L\/min<br \/>\nN\u00edvel de v\u00e1cuo = 0,2 Mbar<br \/>\nCompressor selado = 1\/3 HP<br \/>\nVelocidade de recupera\u00e7\u00e3o = 300 g\/min em fase l\u00edquida<br \/>\nResolu\u00e7\u00e3o da escala do tanque = 10 g<br \/>\nFaixa de temperatura de trabalho = 11\/49\u00b0C<br \/>\nSistema de filtro = 1 filtro para umidade<br \/>\nTanque de refrigerante = 12 litros recarreg\u00e1veis<\/p>","protected":false},"excerpt":{"rendered":"<p>Marca: Ecot\u00e9cnica C\u00f3digo do produto: ACVA500 EAN: 8720028105786 m\u00e1quina de servi\u00e7o de ar condicionado\/esta\u00e7\u00e3o de diagn\u00f3stico\/unidade de servi\u00e7o\/esta\u00e7\u00e3o de abastecimento de ar condicionado\/esta\u00e7\u00e3o de servi\u00e7o de ar condicionado automotivo O modelo compacto, econ\u00f4mico e moderno ACVA500 da Ecotechnics \u00e9 uma esta\u00e7\u00e3o de abastecimento de ar condicionado s\u00f3lida e muito f\u00e1cil de usar, adequada para refrigerantes [&hellip;]<\/p>\n","protected":false},"featured_media":67352,"comment_status":"open","ping_status":"closed","template":"","meta":[],"product_brand":[],"product_cat":[5678],"product_tag":[],"class_list":{"0":"post-67351","1":"product","2":"type-product","3":"status-publish","4":"has-post-thumbnail","6":"product_cat-automovel-e-oficina","7":"product_shipping_class-maquinas-medias","9":"first","10":"onbackorder","11":"taxable","12":"shipping-taxable","13":"purchasable","14":"product-type-simple"},"_links":{"self":[{"href":"https:\/\/occasionmachines.com\/pt\/wp-json\/wp\/v2\/product\/67351","targetHints":{"allow":["GET"]}}],"collection":[{"href":"https:\/\/occasionmachines.com\/pt\/wp-json\/wp\/v2\/product"}],"about":[{"href":"https:\/\/occasionmachines.com\/pt\/wp-json\/wp\/v2\/types\/product"}],"replies":[{"embeddable":true,"href":"https:\/\/occasionmachines.com\/pt\/wp-json\/wp\/v2\/comments?post=67351"}],"wp:featuredmedia":[{"embeddable":true,"href":"https:\/\/occasionmachines.com\/pt\/wp-json\/wp\/v2\/media\/67352"}],"wp:attachment":[{"href":"https:\/\/occasionmachines.com\/pt\/wp-json\/wp\/v2\/media?parent=67351"}],"wp:term":[{"taxonomy":"product_brand","embeddable":true,"href":"https:\/\/occasionmachines.com\/pt\/wp-json\/wp\/v2\/product_brand?post=67351"},{"taxonomy":"product_cat","embeddable":true,"href":"https:\/\/occasionmachines.com\/pt\/wp-json\/wp\/v2\/product_cat?post=67351"},{"taxonomy":"product_tag","embeddable":true,"href":"https:\/\/occasionmachines.com\/pt\/wp-json\/wp\/v2\/product_tag?post=67351"}],"curies":[{"name":"wp","href":"https:\/\/api.w.org\/{rel}","templated":true}]}}