{"id":67359,"date":"2023-12-26T19:33:10","date_gmt":"2023-12-26T19:33:10","guid":{"rendered":"https:\/\/occasionmachines.com\/?post_type=product&#038;p=67359"},"modified":"2024-01-15T14:59:50","modified_gmt":"2024-01-15T14:59:50","slug":"elevador-para-alinhamento-de-tesoura-dupla-4500kg-400v","status":"publish","type":"product","link":"https:\/\/occasionmachines.com\/pt\/produto\/elevador-para-alinhamento-de-tesoura-dupla-4500kg-400v\/","title":{"rendered":"Elevador para alinhamento de tesoura dupla 4500kg 400V"},"content":{"rendered":"<p>Marca: Falco Sollevatori<\/p>\n<p>C\u00f3digo do produto: <strong>VL9245ALL<\/strong><\/p>\n<p>EAN: 8720028101412<\/p>\n<p>Elevador de tesoura dupla totalmente autom\u00e1tico\/ponte de tesoura\/elevador de tesoura\/elevador de tesoura<br \/>\nEste elevador de tesoura dupla Falco Sollevatori \u00e9 de alta qualidade e extremamente adequado para uso profissional. Nas pontes elevat\u00f3rias Falco, a qualidade e o acabamento est\u00e3o em primeiro lugar.<\/p>\n<p>Este modelo de alinhamento est\u00e1 equipado com um macaco de ponte, plataformas girat\u00f3rias e placas longas nas rodas traseiras. Com a ajuda do macaco-ponte \u00e9 poss\u00edvel a eleva\u00e7\u00e3o sem rodas at\u00e9 uma altura de 450 mm acima das estradas.<\/p>\n<p>Devido \u00e0s longas faixas de rodagem de 4,8 m, a ponte \u00e9 adequada para autom\u00f3veis de passageiros pequenos e grandes, \u00f4nibus e ve\u00edculos comerciais mais pesados.<\/p>\n<p>Gra\u00e7as \u00e0 sua constru\u00e7\u00e3o robusta e design bem pensado, esta ponte de tesoura dupla est\u00e1 equipada de s\u00e9rie com as seguintes caracter\u00edsticas \u00fateis:<\/p>\n<p>Pistas longas de 4,8 metros<br \/>\nMacaco de ponte para eleva\u00e7\u00e3o sem rodas com faixa de eleva\u00e7\u00e3o de 65 a 450 mm<br \/>\nEstradas com plataformas girat\u00f3rias integradas e placas de roda traseira<br \/>\nBomba Dupla Hidr\u00e1ulica El\u00e9trica<br \/>\nEquipado com quatro potentes cilindros hidr\u00e1ulicos<br \/>\nVentila\u00e7\u00e3o autom\u00e1tica por meio de bot\u00e3o de ventila\u00e7\u00e3o<br \/>\nSincroniza\u00e7\u00e3o autom\u00e1tica<br \/>\nProte\u00e7\u00e3o autom\u00e1tica contra sobrecarga<br \/>\nRampas com perfil antiderrapante<br \/>\nV\u00e1lvula de controle para controlar a velocidade ao descer<br \/>\nSensores de limite para limitar a altura m\u00e1xima de eleva\u00e7\u00e3o e a altura m\u00ednima de seguran\u00e7a<br \/>\nOpera\u00e7\u00e3o de homem morto ao levantar e abaixar<br \/>\nProte\u00e7\u00e3o para os p\u00e9s incl. sinal ac\u00fastico de seguran\u00e7a<br \/>\nManual holand\u00eas incl. protocolo de manuten\u00e7\u00e3o e certificado CE 2006\/42\/EG<br \/>\nEst\u00e1 em conformidade com a norma de seguran\u00e7a NEN-EN1493<\/p>\n<p>Especifica\u00e7\u00f5es t\u00e9cnicas:<\/p>\n<p>capacidade = 4500kg<br \/>\naltura m\u00ednima da rampa = 240mm<br \/>\naltura m\u00e1xima de eleva\u00e7\u00e3o = 1800 mm (2250 mm incluindo ponte jack)<br \/>\ncomprimento das pistas = 4800mm<br \/>\nlargura da pista = 600 mm<br \/>\nmacaco de ponte de alcance de eleva\u00e7\u00e3o = 65 &#8211; 450 mm<br \/>\nbra\u00e7os de eleva\u00e7\u00e3o do macaco de ponte de alcance = 1450 &#8211; 1900 mm<br \/>\ntens\u00e3o = 400V<br \/>\npot\u00eancia do motor = 3kW<\/p>","protected":false},"excerpt":{"rendered":"<p>Marca: Falco Sollevatori C\u00f3digo do produto: VL9245ALL EAN: 8720028101412 Elevador de tesoura dupla totalmente autom\u00e1tico\/ponte de tesoura\/elevador de tesoura\/elevador de tesoura Este elevador de tesoura dupla Falco Sollevatori \u00e9 de alta qualidade e extremamente adequado para uso profissional. Nas pontes elevat\u00f3rias Falco, a qualidade e o acabamento est\u00e3o em primeiro lugar. Este modelo de alinhamento [&hellip;]<\/p>\n","protected":false},"featured_media":67360,"comment_status":"open","ping_status":"closed","template":"","meta":[],"product_brand":[],"product_cat":[6668],"product_tag":[],"class_list":{"0":"post-67359","1":"product","2":"type-product","3":"status-publish","4":"has-post-thumbnail","6":"product_cat-elevadores-de-tesoura","7":"product_shipping_class-maquinas-grandes","9":"first","10":"onbackorder","11":"taxable","12":"shipping-taxable","13":"purchasable","14":"product-type-simple"},"_links":{"self":[{"href":"https:\/\/occasionmachines.com\/pt\/wp-json\/wp\/v2\/product\/67359","targetHints":{"allow":["GET"]}}],"collection":[{"href":"https:\/\/occasionmachines.com\/pt\/wp-json\/wp\/v2\/product"}],"about":[{"href":"https:\/\/occasionmachines.com\/pt\/wp-json\/wp\/v2\/types\/product"}],"replies":[{"embeddable":true,"href":"https:\/\/occasionmachines.com\/pt\/wp-json\/wp\/v2\/comments?post=67359"}],"wp:featuredmedia":[{"embeddable":true,"href":"https:\/\/occasionmachines.com\/pt\/wp-json\/wp\/v2\/media\/67360"}],"wp:attachment":[{"href":"https:\/\/occasionmachines.com\/pt\/wp-json\/wp\/v2\/media?parent=67359"}],"wp:term":[{"taxonomy":"product_brand","embeddable":true,"href":"https:\/\/occasionmachines.com\/pt\/wp-json\/wp\/v2\/product_brand?post=67359"},{"taxonomy":"product_cat","embeddable":true,"href":"https:\/\/occasionmachines.com\/pt\/wp-json\/wp\/v2\/product_cat?post=67359"},{"taxonomy":"product_tag","embeddable":true,"href":"https:\/\/occasionmachines.com\/pt\/wp-json\/wp\/v2\/product_tag?post=67359"}],"curies":[{"name":"wp","href":"https:\/\/api.w.org\/{rel}","templated":true}]}}