{"id":67361,"date":"2023-12-26T19:41:55","date_gmt":"2023-12-26T19:41:55","guid":{"rendered":"https:\/\/occasionmachines.com\/?post_type=product&#038;p=67361"},"modified":"2024-01-15T14:56:38","modified_gmt":"2024-01-15T14:56:38","slug":"porta-paletes-semieletrico-2000kg-115cm","status":"publish","type":"product","link":"https:\/\/occasionmachines.com\/pt\/produto\/porta-paletes-semieletrico-2000kg-115cm\/","title":{"rendered":"Porta-paletes semiel\u00e9trico 2000kg 115cm"},"content":{"rendered":"<p>Marca: Mamute<\/p>\n<p>C\u00f3digo do produto: <strong>PT20SE<\/strong><\/p>\n<p>EAN: 8720028102327<\/p>\n<p>Porta-paletes el\u00e9trico \/ porta-paletes \/ porta-paletes manual \/ carrinho de bomba<\/p>\n<p>Este porta-paletes semiel\u00e9trico Mammuth oferece todas as vantagens de um porta-paletes manual padr\u00e3o e amplia-o com a conveni\u00eancia do acionamento el\u00e9trico.<\/p>\n<p>O porta-paletes \u00e9 de alt\u00edssima qualidade e progressivo no mercado. O motor n\u00e3o necessita de manuten\u00e7\u00e3o e \u00e9 sem escovas, a bateria de l\u00edtio de 48 V \u00e9 remov\u00edvel e carregada com o carregador externo de 230 V fornecido. O caminh\u00e3o bomba \u00e9 el\u00e9trico, mas bombeia manualmente. O acionamento el\u00e9trico garante que a movimenta\u00e7\u00e3o de paletes pesadas de at\u00e9 2.000 kg seja f\u00e1cil.<\/p>\n<p>Al\u00e9m disso, o tamanho do porta-paletes el\u00e9trico \u00e9 quase igual ao tamanho de um porta-paletes padr\u00e3o, portanto, trabalhar com o porta-paletes el\u00e9trico \u00e9 muito mais eficiente do que com um porta-paletes padr\u00e3o.<\/p>\n<p>F\u00e1cil de operar com a al\u00e7a ergon\u00f4mica multifuncional. Esta al\u00e7a \u00e9 equipada com bot\u00f5es de controle de dire\u00e7\u00e3o, buzina, alavanca de levantamento, bot\u00e3o de emerg\u00eancia, indicador de bateria e fun\u00e7\u00e3o que avisa quando a bateria precisa ser carregada. A partir de 5% ou menos, o indicador da bateria come\u00e7a a piscar, para que a bateria possa ser carregada a tempo.<\/p>\n<p>Especifica\u00e7\u00f5es:<\/p>\n<p>capacidade = 2.000kg<br \/>\ncomprimento do garfo x largura x altura = 1150 x 160 x 83 mm<br \/>\nfaixa de eleva\u00e7\u00e3o = 83 &#8211; 190 mm<br \/>\nlargura total = 550 mm<br \/>\nvelocidade de condu\u00e7\u00e3o carregada = 3,5km\/h<br \/>\nvelocidade de condu\u00e7\u00e3o sem carga = 5km\/h<br \/>\nm\u00e1x. capacidade de subida carregada = 5%<br \/>\nm\u00e1x. capacidade de inclina\u00e7\u00e3o descarregada = 20%<br \/>\nraio de viragem = 1353 mm<br \/>\nbateria = 48V &#8211; 10Ah de \u00edon de l\u00edtio<br \/>\nroda dianteira dupla<br \/>\nrodas de material = PU<br \/>\ndi\u00e2metro do volante = 180 mm<br \/>\nroda de carga de di\u00e2metro = 75mm<br \/>\ndimens\u00f5es = 1570 x 550 x 1310 mm<br \/>\npeso = 112kg<\/p>","protected":false},"excerpt":{"rendered":"<p>Marca: Mamute C\u00f3digo do produto: PT20SE EAN: 8720028102327 Porta-paletes el\u00e9trico \/ porta-paletes \/ porta-paletes manual \/ carrinho de bomba Este porta-paletes semiel\u00e9trico Mammuth oferece todas as vantagens de um porta-paletes manual padr\u00e3o e amplia-o com a conveni\u00eancia do acionamento el\u00e9trico. O porta-paletes \u00e9 de alt\u00edssima qualidade e progressivo no mercado. O motor n\u00e3o necessita de [&hellip;]<\/p>\n","protected":false},"featured_media":67362,"comment_status":"open","ping_status":"closed","template":"","meta":[],"product_brand":[],"product_cat":[5778],"product_tag":[],"class_list":{"0":"post-67361","1":"product","2":"type-product","3":"status-publish","4":"has-post-thumbnail","6":"product_cat-porta-paletes","7":"product_shipping_class-maquinas-pequenas","9":"first","10":"onbackorder","11":"taxable","12":"shipping-taxable","13":"purchasable","14":"product-type-simple"},"_links":{"self":[{"href":"https:\/\/occasionmachines.com\/pt\/wp-json\/wp\/v2\/product\/67361","targetHints":{"allow":["GET"]}}],"collection":[{"href":"https:\/\/occasionmachines.com\/pt\/wp-json\/wp\/v2\/product"}],"about":[{"href":"https:\/\/occasionmachines.com\/pt\/wp-json\/wp\/v2\/types\/product"}],"replies":[{"embeddable":true,"href":"https:\/\/occasionmachines.com\/pt\/wp-json\/wp\/v2\/comments?post=67361"}],"wp:featuredmedia":[{"embeddable":true,"href":"https:\/\/occasionmachines.com\/pt\/wp-json\/wp\/v2\/media\/67362"}],"wp:attachment":[{"href":"https:\/\/occasionmachines.com\/pt\/wp-json\/wp\/v2\/media?parent=67361"}],"wp:term":[{"taxonomy":"product_brand","embeddable":true,"href":"https:\/\/occasionmachines.com\/pt\/wp-json\/wp\/v2\/product_brand?post=67361"},{"taxonomy":"product_cat","embeddable":true,"href":"https:\/\/occasionmachines.com\/pt\/wp-json\/wp\/v2\/product_cat?post=67361"},{"taxonomy":"product_tag","embeddable":true,"href":"https:\/\/occasionmachines.com\/pt\/wp-json\/wp\/v2\/product_tag?post=67361"}],"curies":[{"name":"wp","href":"https:\/\/api.w.org\/{rel}","templated":true}]}}