{"id":67369,"date":"2023-12-26T20:01:48","date_gmt":"2023-12-26T20:01:48","guid":{"rendered":"https:\/\/occasionmachines.com\/?post_type=product&#038;p=67369"},"modified":"2024-11-12T12:14:24","modified_gmt":"2024-11-12T12:14:24","slug":"mesa-elevatoria-movel-para-bateria-eletrica-1200kg","status":"publish","type":"product","link":"https:\/\/occasionmachines.com\/pt\/produto\/mesa-elevatoria-movel-para-bateria-eletrica-1200kg\/","title":{"rendered":"Mesa elevat\u00f3ria movel para bateria el\u00e9trica 1200kg"},"content":{"rendered":"<p>Marca: Falco Sollevatori<\/p>\n<p>C\u00f3digo do produto: <strong>LT1200E<\/strong><\/p>\n<p>EAN: 8720028100569<\/p>\n<p>Mesa elevat\u00f3ria m\u00f3vel tipo tesoura\/mesa elevat\u00f3ria tipo tesoura\/mesa elevat\u00f3ria\/mesa elevat\u00f3ria eletro-hidr\u00e1ulica<\/p>\n<p>A bateria eletro-hidr\u00e1ulica Falco LT1200E foi especialmente desenvolvida para ve\u00edculos el\u00e9tricos e \u00e9 ideal para (des)montar motores, caixas de c\u00e2mbio, baterias de \u00edons de l\u00edtio para autom\u00f3veis e outros componentes de chassis. A mesa elevat\u00f3ria \u00e9 infinitamente ajust\u00e1vel em altura e comprimento, portanto possui um campo de aplica\u00e7\u00e3o flex\u00edvel.<\/p>\n<p>Caracter\u00edsticas:<\/p>\n<p>O tampo da mesa possui 104 furos roscados M10 com um padr\u00e3o de furos de 100 x 100 mm para f\u00e1cil montagem de ferramentas e adaptadores de eleva\u00e7\u00e3o<\/p>\n<p>A mesa elevat\u00f3ria \u00e9 facilmente ajust\u00e1vel em comprimento e dire\u00e7\u00e3o transversal e pode ser inclinada 5 graus<\/p>\n<p>Rodas girat\u00f3rias incluindo freio para movimento livre e opera\u00e7\u00e3o segura<\/p>\n<p>Haste dobr\u00e1vel para um espa\u00e7o de trabalho ideal<\/p>\n<p>Unidade eletro-hidr\u00e1ulica integrada 230V<\/p>","protected":false},"excerpt":{"rendered":"<p>Marca: Falco Sollevatori C\u00f3digo do produto: LT1200E EAN: 8720028100569 Mesa elevat\u00f3ria m\u00f3vel tipo tesoura\/mesa elevat\u00f3ria tipo tesoura\/mesa elevat\u00f3ria\/mesa elevat\u00f3ria eletro-hidr\u00e1ulica A bateria eletro-hidr\u00e1ulica Falco LT1200E foi especialmente desenvolvida para ve\u00edculos el\u00e9tricos e \u00e9 ideal para (des)montar motores, caixas de c\u00e2mbio, baterias de \u00edons de l\u00edtio para autom\u00f3veis e outros componentes de chassis. A mesa elevat\u00f3ria [&hellip;]<\/p>\n","protected":false},"featured_media":67370,"comment_status":"open","ping_status":"closed","template":"","meta":[],"product_brand":[],"product_cat":[6668],"product_tag":[],"class_list":{"0":"post-67369","1":"product","2":"type-product","3":"status-publish","4":"has-post-thumbnail","6":"product_cat-elevadores-de-tesoura","7":"product_shipping_class-maquinas-medias","9":"first","10":"onbackorder","11":"taxable","12":"shipping-taxable","13":"purchasable","14":"product-type-simple"},"_links":{"self":[{"href":"https:\/\/occasionmachines.com\/pt\/wp-json\/wp\/v2\/product\/67369","targetHints":{"allow":["GET"]}}],"collection":[{"href":"https:\/\/occasionmachines.com\/pt\/wp-json\/wp\/v2\/product"}],"about":[{"href":"https:\/\/occasionmachines.com\/pt\/wp-json\/wp\/v2\/types\/product"}],"replies":[{"embeddable":true,"href":"https:\/\/occasionmachines.com\/pt\/wp-json\/wp\/v2\/comments?post=67369"}],"wp:featuredmedia":[{"embeddable":true,"href":"https:\/\/occasionmachines.com\/pt\/wp-json\/wp\/v2\/media\/67370"}],"wp:attachment":[{"href":"https:\/\/occasionmachines.com\/pt\/wp-json\/wp\/v2\/media?parent=67369"}],"wp:term":[{"taxonomy":"product_brand","embeddable":true,"href":"https:\/\/occasionmachines.com\/pt\/wp-json\/wp\/v2\/product_brand?post=67369"},{"taxonomy":"product_cat","embeddable":true,"href":"https:\/\/occasionmachines.com\/pt\/wp-json\/wp\/v2\/product_cat?post=67369"},{"taxonomy":"product_tag","embeddable":true,"href":"https:\/\/occasionmachines.com\/pt\/wp-json\/wp\/v2\/product_tag?post=67369"}],"curies":[{"name":"wp","href":"https:\/\/api.w.org\/{rel}","templated":true}]}}