{"id":67371,"date":"2023-12-26T20:07:05","date_gmt":"2023-12-26T20:07:05","guid":{"rendered":"https:\/\/occasionmachines.com\/?post_type=product&#038;p=67371"},"modified":"2024-01-15T14:53:25","modified_gmt":"2024-01-15T14:53:25","slug":"serra-de-fita-hidraulica-170mm-400v","status":"publish","type":"product","link":"https:\/\/occasionmachines.com\/pt\/produto\/serra-de-fita-hidraulica-170mm-400v\/","title":{"rendered":"Serra de fita hidr\u00e1ulica 170mm 400V"},"content":{"rendered":"<p>Marca: Cowley<\/p>\n<p>C\u00f3digo do produto: <strong>BS210N<\/strong><\/p>\n<p>EAN: 8720028099986<\/p>\n<p>M\u00e1quina de serra de fita\/serra de fita de metal\/serra de fita para corte de metal\/serra de fita\/serra de fita horizontal tipo europeu<br \/>\nA serra de fita da Cowley possui uma s\u00f3lida base de metal, com painel de controle integrado na parte frontal da estrutura.<\/p>\n<p>O painel de controle de baixa tens\u00e3o f\u00e1cil de usar, incluindo interruptor de emerg\u00eancia, torna sua opera\u00e7\u00e3o muito f\u00e1cil e segura. Al\u00e9m disso, possui um avan\u00e7o hidr\u00e1ulico autom\u00e1tico ajust\u00e1vel que permite definir e ajustar a velocidade de descida do avan\u00e7o e realizar cortes controlados automaticamente.<\/p>\n<p>Gra\u00e7as ao guiamento ajust\u00e1vel da l\u00e2mina de serra com rolamento qu\u00edntuplo, possui alta precis\u00e3o de corte e a baixa velocidade do motor garante uma vida \u00fatil mais longa.<\/p>\n<p>A serra de fita horizontal tipo Euro \u00e9 ajust\u00e1vel no \u00e2ngulo de corte e possui alta precis\u00e3o de corte.<\/p>\n<p>A m\u00e1quina possui 2 velocidades de corte fixas de 40 ou 80 m\/min.<\/p>\n<p>O corpo em ferro fundido proporciona alta estabilidade e menos vibra\u00e7\u00e3o durante o corte. Usando o volante, a l\u00e2mina de serra \u00e9 apertada hidraulicamente e a for\u00e7a de aperto pode ser lida no man\u00f4metro. Esta serra de fita profissional \u00e9 recomendada para trabalhar metais. Este modelo silencioso \u00e9 adequado para serrar tubos e perfis de alum\u00ednio, a\u00e7o e a\u00e7o inoxid\u00e1vel.<\/p>\n<p>A serra de fita est\u00e1 equipada com sistema de refrigera\u00e7\u00e3o integrado com fluxo controlado com refrigerante e bomba el\u00e9trica, devido a isso o resfriamento da l\u00e2mina da serra garante um longo ciclo de trabalho e precis\u00e3o de corte.<\/p>\n<p>Serra de fita equipada com pin\u00e7a de material ajust\u00e1vel com sistema r\u00e1pido de travamento duplo.<\/p>\n<p>A trava de n\u00edvel de \u00e2ngulo de corte est\u00e1 integrada ao gabinete. A serra de fita possui um \u00e2ngulo de corte ajust\u00e1vel de 0\u00b0 a 45\u00b0 e est\u00e1 equipada com um batente de material ajust\u00e1vel para um corte r\u00e1pido e correto.<\/p>\n<p>Motor el\u00e9trico com redutor e certifica\u00e7\u00e3o ISO, instala\u00e7\u00f5es el\u00e9tricas de acordo com as normas CE.<\/p>\n<p>Este modelo vem com um pequeno conjunto de ferramentas de manuten\u00e7\u00e3o.<\/p>\n<p>Caracter\u00edsticas:<\/p>\n<p>Painel de controle f\u00e1cil de usar na frente<br \/>\nAlimenta\u00e7\u00e3o descendente autom\u00e1tica\/hidr\u00e1ulica com sistema de l\u00e2mina de serra<br \/>\nOrienta\u00e7\u00e3o ajust\u00e1vel da l\u00e2mina de serra com 5 rolamentos<br \/>\nParada de emerg\u00eancia<br \/>\nSistema de fixa\u00e7\u00e3o r\u00e1pida<br \/>\nL\u00e2mina de serra bimet\u00e1lica<br \/>\nBra\u00e7adeira de m\u00e1quina em ferro fundido<br \/>\nMedidor de press\u00e3o da l\u00e2mina de serra<br \/>\nRolamentos livres de manuten\u00e7\u00e3o<br \/>\nBomba de resfriamento embutida<br \/>\nParada de material ajust\u00e1vel<br \/>\n\u00c2ngulo de corte ajust\u00e1vel 0\u00b0 &#8211; 45\u00b0<br \/>\nEspecifica\u00e7\u00f5es t\u00e9cnicas:<\/p>\n<p>Tens\u00e3o = 400V\/ 50Hz trif\u00e1sico<br \/>\nPot\u00eancia = 0,75kW<br \/>\nVelocidade da serra de fita = 40 &#8211; \/ 80 m\/min<br \/>\nAltura da mesa de trabalho = 870 mm<br \/>\nVelocidades da l\u00e2mina = 2<br \/>\nPeso =146kg<br \/>\nDimens\u00f5es da l\u00e2mina:<\/p>\n<p>Comprimento da serra de fita = 2080 mm<br \/>\nLargura da serra de fita = 20mm<br \/>\nEspessura da serra de fita = 0,9 mm<br \/>\n\u00c2ngulo de corte ajust\u00e1vel de 0\u00b0 a 45\u00b0 usando uma al\u00e7a de travamento r\u00e1pido e um sistema de desligamento autom\u00e1tico.<\/p>\n<p>Capacidade de corte:<\/p>\n<p>0\u00b0 redondo 170 mm<br \/>\n0\u00b0 retangular 150 \u00d7 190 mm<br \/>\n45\u00b0 redondo 125 mm<br \/>\n45\u00b0 retangular 95 x 120 mm<\/p>","protected":false},"excerpt":{"rendered":"<p>Marca: Cowley C\u00f3digo do produto: BS210N EAN: 8720028099986 M\u00e1quina de serra de fita\/serra de fita de metal\/serra de fita para corte de metal\/serra de fita\/serra de fita horizontal tipo europeu A serra de fita da Cowley possui uma s\u00f3lida base de metal, com painel de controle integrado na parte frontal da estrutura. O painel de [&hellip;]<\/p>\n","protected":false},"featured_media":67372,"comment_status":"open","ping_status":"closed","template":"","meta":[],"product_brand":[],"product_cat":[4429],"product_tag":[],"class_list":{"0":"post-67371","1":"product","2":"type-product","3":"status-publish","4":"has-post-thumbnail","6":"product_cat-serrotes-de-fita","7":"product_shipping_class-maquinas-grandes","9":"first","10":"onbackorder","11":"taxable","12":"shipping-taxable","13":"purchasable","14":"product-type-simple"},"_links":{"self":[{"href":"https:\/\/occasionmachines.com\/pt\/wp-json\/wp\/v2\/product\/67371","targetHints":{"allow":["GET"]}}],"collection":[{"href":"https:\/\/occasionmachines.com\/pt\/wp-json\/wp\/v2\/product"}],"about":[{"href":"https:\/\/occasionmachines.com\/pt\/wp-json\/wp\/v2\/types\/product"}],"replies":[{"embeddable":true,"href":"https:\/\/occasionmachines.com\/pt\/wp-json\/wp\/v2\/comments?post=67371"}],"wp:featuredmedia":[{"embeddable":true,"href":"https:\/\/occasionmachines.com\/pt\/wp-json\/wp\/v2\/media\/67372"}],"wp:attachment":[{"href":"https:\/\/occasionmachines.com\/pt\/wp-json\/wp\/v2\/media?parent=67371"}],"wp:term":[{"taxonomy":"product_brand","embeddable":true,"href":"https:\/\/occasionmachines.com\/pt\/wp-json\/wp\/v2\/product_brand?post=67371"},{"taxonomy":"product_cat","embeddable":true,"href":"https:\/\/occasionmachines.com\/pt\/wp-json\/wp\/v2\/product_cat?post=67371"},{"taxonomy":"product_tag","embeddable":true,"href":"https:\/\/occasionmachines.com\/pt\/wp-json\/wp\/v2\/product_tag?post=67371"}],"curies":[{"name":"wp","href":"https:\/\/api.w.org\/{rel}","templated":true}]}}