{"id":67373,"date":"2023-12-26T20:11:55","date_gmt":"2023-12-26T20:11:55","guid":{"rendered":"https:\/\/occasionmachines.com\/?post_type=product&#038;p=67373"},"modified":"2024-01-15T14:52:11","modified_gmt":"2024-01-15T14:52:11","slug":"serra-de-fita-127mm-230v","status":"publish","type":"product","link":"https:\/\/occasionmachines.com\/pt\/produto\/serra-de-fita-127mm-230v\/","title":{"rendered":"Serra de fita 127mm 230V"},"content":{"rendered":"<p>Marca: Cowley<\/p>\n<p>C\u00f3digo do produto: <strong>BS125<\/strong><\/p>\n<p>EAN: 8720028099993<\/p>\n<p>M\u00e1quina de serra de fita\/serra de fita de metal\/serra de fita para corte de metal\/serra de fita\/serra de fita horizontal tipo europeu<\/p>\n<p>Esta serra de fita compacta e leve \u00e9 \u200b\u200bentregue com gabinete de suporte e pode ser facilmente desmontada para uso port\u00e1til. Apesar de seu pequeno tamanho, a serra de fita de corte \u00e9 bastante capaz de lidar com as tarefas a serem executadas.<\/p>\n<p>Gra\u00e7as \u00e0 orienta\u00e7\u00e3o ajust\u00e1vel da l\u00e2mina de serra com rolamento qu\u00edntuplo, possui uma alta precis\u00e3o de corte.<\/p>\n<p>A baixa velocidade do motor garante uma vida \u00fatil mais longa. A serra de fita \u00e9 ideal para cortar tubos e perfis de a\u00e7o e \u00e9 adequada para cortar a\u00e7o, alum\u00ednio, a\u00e7o inoxid\u00e1vel, teflon, pl\u00e1stico e muitos outros materiais.<\/p>\n<p>Conveniente para uso em empresas de constru\u00e7\u00e3o e estaleiros, uso industrial e em ve\u00edculos de servi\u00e7o.<\/p>\n<p>A serra de fita possui um \u00e2ngulo de corte ajust\u00e1vel de 0\u00b0 a 60\u00b0 e est\u00e1 equipada com um batente de material ajust\u00e1vel para um corte r\u00e1pido e correto.<\/p>\n<p>Caracter\u00edsticas:<\/p>\n<p>Compacto e leve<br \/>\nAlimenta\u00e7\u00e3o suspensa manual<br \/>\nOrienta\u00e7\u00e3o ajust\u00e1vel da l\u00e2mina de serra com 5 rolamentos<br \/>\nTorno de fixa\u00e7\u00e3o manual<br \/>\nTens\u00e3o manual da banda<br \/>\nSeguran\u00e7a contra sobrecarga do motor<br \/>\nFita de serra bimet\u00e1lica<br \/>\nBra\u00e7adeira de m\u00e1quina em ferro fundido<br \/>\nControle na al\u00e7a<br \/>\nRolamentos livres de manuten\u00e7\u00e3o<br \/>\nParada de material ajust\u00e1vel<br \/>\n\u00c2ngulo de corte ajust\u00e1vel 0\u00b0 &#8211; 60\u00b0<br \/>\nEspecifica\u00e7\u00f5es t\u00e9cnicas:<\/p>\n<p>Tens\u00e3o = 230V\/50Hz<br \/>\nPot\u00eancia = 0,55kW<br \/>\nVelocidade da serra de fita = 60 m\/min<br \/>\nVelocidades da l\u00e2mina = 1<br \/>\ncomprimento da l\u00e2mina de serra = 1440 mm<br \/>\nlargura da l\u00e2mina de serra = 13mm<br \/>\nespessura da l\u00e2mina de serra = 0,65 mm<br \/>\nCapacidade de corte:<\/p>\n<p>0\u00b0 redondo 127 mm<br \/>\n0\u00b0 retangular 125 \u00d7 130 mm<br \/>\n45\u00b0 redondo 90 mm<br \/>\n45\u00b0 quadrado 90 mm<br \/>\n60\u00b0 redondo 45 mm<br \/>\n60\u00b0 quadrado 45 mm<br \/>\nDimens\u00f5es\/peso:<\/p>\n<p>Arm\u00e1rio 470 x 370 x 800mm \/ 18kg<br \/>\nSerra de fita 880 x 285 x 705mm \/ 27Kg<\/p>","protected":false},"excerpt":{"rendered":"<p>Marca: Cowley C\u00f3digo do produto: BS125 EAN: 8720028099993 M\u00e1quina de serra de fita\/serra de fita de metal\/serra de fita para corte de metal\/serra de fita\/serra de fita horizontal tipo europeu Esta serra de fita compacta e leve \u00e9 \u200b\u200bentregue com gabinete de suporte e pode ser facilmente desmontada para uso port\u00e1til. Apesar de seu pequeno [&hellip;]<\/p>\n","protected":false},"featured_media":67374,"comment_status":"open","ping_status":"closed","template":"","meta":[],"product_brand":[],"product_cat":[4429],"product_tag":[],"class_list":{"0":"post-67373","1":"product","2":"type-product","3":"status-publish","4":"has-post-thumbnail","6":"product_cat-serrotes-de-fita","7":"product_shipping_class-maquinas-medias","9":"first","10":"onbackorder","11":"taxable","12":"shipping-taxable","13":"purchasable","14":"product-type-simple"},"_links":{"self":[{"href":"https:\/\/occasionmachines.com\/pt\/wp-json\/wp\/v2\/product\/67373","targetHints":{"allow":["GET"]}}],"collection":[{"href":"https:\/\/occasionmachines.com\/pt\/wp-json\/wp\/v2\/product"}],"about":[{"href":"https:\/\/occasionmachines.com\/pt\/wp-json\/wp\/v2\/types\/product"}],"replies":[{"embeddable":true,"href":"https:\/\/occasionmachines.com\/pt\/wp-json\/wp\/v2\/comments?post=67373"}],"wp:featuredmedia":[{"embeddable":true,"href":"https:\/\/occasionmachines.com\/pt\/wp-json\/wp\/v2\/media\/67374"}],"wp:attachment":[{"href":"https:\/\/occasionmachines.com\/pt\/wp-json\/wp\/v2\/media?parent=67373"}],"wp:term":[{"taxonomy":"product_brand","embeddable":true,"href":"https:\/\/occasionmachines.com\/pt\/wp-json\/wp\/v2\/product_brand?post=67373"},{"taxonomy":"product_cat","embeddable":true,"href":"https:\/\/occasionmachines.com\/pt\/wp-json\/wp\/v2\/product_cat?post=67373"},{"taxonomy":"product_tag","embeddable":true,"href":"https:\/\/occasionmachines.com\/pt\/wp-json\/wp\/v2\/product_tag?post=67373"}],"curies":[{"name":"wp","href":"https:\/\/api.w.org\/{rel}","templated":true}]}}