{"id":67379,"date":"2023-12-26T20:28:07","date_gmt":"2023-12-26T20:28:07","guid":{"rendered":"https:\/\/occasionmachines.com\/?post_type=product&#038;p=67379"},"modified":"2025-01-22T15:14:23","modified_gmt":"2025-01-22T15:14:23","slug":"prensa-de-oficina-ampla-cama-de-trabalho-hidraulica-pneumatica-com-pedal-30-toneladas","status":"publish","type":"product","link":"https:\/\/occasionmachines.com\/pt\/produto\/prensa-de-oficina-ampla-cama-de-trabalho-hidraulica-pneumatica-com-pedal-30-toneladas\/","title":{"rendered":"Prensa de oficina Ampla cama de trabalho hidr\u00e1ulica pneum\u00e1tica com pedal 30 toneladas"},"content":{"rendered":"<p>Marca: Mamute<\/p>\n<p>C\u00f3digo do produto: <strong>SP30HAMB<\/strong><\/p>\n<p>EAN: 8720028097791<\/p>\n<p>Prensa \/ prensa de garagem \/ prensa de rolamento<\/p>\n<p>Esta prensa de oficina Mammuth \u00e9 de alta qualidade e muito est\u00e1vel gra\u00e7as \u00e0 estrutura pesada totalmente soldada. A cama de trabalho \u00e9 facilmente ajust\u00e1vel em altura manualmente com a ajuda do guincho manual. A prensa pode ser operada com manivela e bomba (possui duas velocidades) e com pedal a ar comprimido. O cilindro hidr\u00e1ulico pode ser movido em largura (com rolamentos) e est\u00e1 equipado com um fuso regul\u00e1vel em altura, com 7,5 cm de comprimento. A press\u00e3o de descarga \u00e9 lida atrav\u00e9s do man\u00f4metro integrado.<\/p>\n<p>Vem com 2 blocos de prensa pesados, 8 pinos de prensa e uma bandeja de pe\u00e7as.<\/p>\n<p>Especifica\u00e7\u00f5es t\u00e9cnicas<\/p>\n<p>capacidade = 30 toneladas<br \/>\ncurso do cilindro = 220 mm<br \/>\nlargura da cama = 750mm<br \/>\nprofundidade da cama = 187 mm<br \/>\nfaixa de trabalho = 830 mm<br \/>\npress\u00e3o de trabalho = 8 &#8211; 12 bar<br \/>\nconex\u00e3o de ar = rosca macho NPT de 1\/4&#8243;<\/p>","protected":false},"excerpt":{"rendered":"<p>Marca: Mamute C\u00f3digo do produto: SP30HAMB EAN: 8720028097791 Prensa \/ prensa de garagem \/ prensa de rolamento Esta prensa de oficina Mammuth \u00e9 de alta qualidade e muito est\u00e1vel gra\u00e7as \u00e0 estrutura pesada totalmente soldada. A cama de trabalho \u00e9 facilmente ajust\u00e1vel em altura manualmente com a ajuda do guincho manual. A prensa pode ser [&hellip;]<\/p>\n","protected":false},"featured_media":67380,"comment_status":"open","ping_status":"closed","template":"","meta":[],"product_brand":[],"product_cat":[5777],"product_tag":[],"class_list":{"0":"post-67379","1":"product","2":"type-product","3":"status-publish","4":"has-post-thumbnail","6":"product_cat-prensas-hidraulicas-pneumaticas","7":"product_shipping_class-maquinas-pequenas","9":"first","10":"onbackorder","11":"taxable","12":"shipping-taxable","13":"purchasable","14":"product-type-simple"},"_links":{"self":[{"href":"https:\/\/occasionmachines.com\/pt\/wp-json\/wp\/v2\/product\/67379","targetHints":{"allow":["GET"]}}],"collection":[{"href":"https:\/\/occasionmachines.com\/pt\/wp-json\/wp\/v2\/product"}],"about":[{"href":"https:\/\/occasionmachines.com\/pt\/wp-json\/wp\/v2\/types\/product"}],"replies":[{"embeddable":true,"href":"https:\/\/occasionmachines.com\/pt\/wp-json\/wp\/v2\/comments?post=67379"}],"wp:featuredmedia":[{"embeddable":true,"href":"https:\/\/occasionmachines.com\/pt\/wp-json\/wp\/v2\/media\/67380"}],"wp:attachment":[{"href":"https:\/\/occasionmachines.com\/pt\/wp-json\/wp\/v2\/media?parent=67379"}],"wp:term":[{"taxonomy":"product_brand","embeddable":true,"href":"https:\/\/occasionmachines.com\/pt\/wp-json\/wp\/v2\/product_brand?post=67379"},{"taxonomy":"product_cat","embeddable":true,"href":"https:\/\/occasionmachines.com\/pt\/wp-json\/wp\/v2\/product_cat?post=67379"},{"taxonomy":"product_tag","embeddable":true,"href":"https:\/\/occasionmachines.com\/pt\/wp-json\/wp\/v2\/product_tag?post=67379"}],"curies":[{"name":"wp","href":"https:\/\/api.w.org\/{rel}","templated":true}]}}