{"id":67383,"date":"2023-12-26T20:39:13","date_gmt":"2023-12-26T20:39:13","guid":{"rendered":"https:\/\/occasionmachines.com\/?post_type=product&#038;p=67383"},"modified":"2025-01-22T15:13:12","modified_gmt":"2025-01-22T15:13:12","slug":"bancada-industrial-2","status":"publish","type":"product","link":"https:\/\/occasionmachines.com\/pt\/produto\/bancada-industrial-2\/","title":{"rendered":"Bancada Industrial"},"content":{"rendered":"<p>Marca: TOOLBOX4YOU<\/p>\n<p>C\u00f3digo do produto: <strong>WBG02<\/strong><\/p>\n<p>EAN: 8720028101139<\/p>\n<p>Bancadas industriais<\/p>\n<p>As bancadas industriais TOOLBOX4YOU s\u00e3o projetadas e produzidas para uso profissional na oficina ou garagem. O design bem pensado das bancadas permite uma utiliza\u00e7\u00e3o mais eficiente do seu local de trabalho e um armazenamento ordenado das ferramentas. As gavetas das bancadas t\u00eam elevada capacidade de carga e longa vida \u00fatil gra\u00e7as aos pesados \u200b\u200btrilhos de a\u00e7o industrial com rolamentos de esferas. As bancadas de trabalho tamb\u00e9m s\u00e3o equipadas com pernas ajust\u00e1veis \u200b\u200bpara que fiquem firmes mesmo em pisos irregulares. Todos os arm\u00e1rios e gavetas das bancadas podem ser trancados individualmente e trancados por meio de fechadura de cilindro.<br \/>\nOs tampos das bancadas t\u00eam uma superf\u00edcie de madeira resistente. Esta bancada de trabalho industrial est\u00e1 equipada com ilumina\u00e7\u00e3o LED economizadora s\u00f3lida em uma moldura de ilumina\u00e7\u00e3o com belo acabamento. As bancadas industriais n\u00e3o incluem acess\u00f3rios, que est\u00e3o dispon\u00edveis separadamente.<\/p>","protected":false},"excerpt":{"rendered":"<p>Marca: TOOLBOX4YOU C\u00f3digo do produto: WBG02 EAN: 8720028101139 Bancadas industriais As bancadas industriais TOOLBOX4YOU s\u00e3o projetadas e produzidas para uso profissional na oficina ou garagem. O design bem pensado das bancadas permite uma utiliza\u00e7\u00e3o mais eficiente do seu local de trabalho e um armazenamento ordenado das ferramentas. As gavetas das bancadas t\u00eam elevada capacidade de [&hellip;]<\/p>\n","protected":false},"featured_media":67384,"comment_status":"open","ping_status":"closed","template":"","meta":[],"product_brand":[],"product_cat":[4920],"product_tag":[],"class_list":{"0":"post-67383","1":"product","2":"type-product","3":"status-publish","4":"has-post-thumbnail","6":"product_cat-carrinhos-de-ferramentas","7":"product_shipping_class-ferramentas-grandes","9":"first","10":"onbackorder","11":"taxable","12":"shipping-taxable","13":"purchasable","14":"product-type-simple"},"_links":{"self":[{"href":"https:\/\/occasionmachines.com\/pt\/wp-json\/wp\/v2\/product\/67383","targetHints":{"allow":["GET"]}}],"collection":[{"href":"https:\/\/occasionmachines.com\/pt\/wp-json\/wp\/v2\/product"}],"about":[{"href":"https:\/\/occasionmachines.com\/pt\/wp-json\/wp\/v2\/types\/product"}],"replies":[{"embeddable":true,"href":"https:\/\/occasionmachines.com\/pt\/wp-json\/wp\/v2\/comments?post=67383"}],"wp:featuredmedia":[{"embeddable":true,"href":"https:\/\/occasionmachines.com\/pt\/wp-json\/wp\/v2\/media\/67384"}],"wp:attachment":[{"href":"https:\/\/occasionmachines.com\/pt\/wp-json\/wp\/v2\/media?parent=67383"}],"wp:term":[{"taxonomy":"product_brand","embeddable":true,"href":"https:\/\/occasionmachines.com\/pt\/wp-json\/wp\/v2\/product_brand?post=67383"},{"taxonomy":"product_cat","embeddable":true,"href":"https:\/\/occasionmachines.com\/pt\/wp-json\/wp\/v2\/product_cat?post=67383"},{"taxonomy":"product_tag","embeddable":true,"href":"https:\/\/occasionmachines.com\/pt\/wp-json\/wp\/v2\/product_tag?post=67383"}],"curies":[{"name":"wp","href":"https:\/\/api.w.org\/{rel}","templated":true}]}}