{"id":67727,"date":"2024-01-14T22:11:45","date_gmt":"2024-01-14T22:11:45","guid":{"rendered":"https:\/\/occasionmachines.com\/?post_type=product&#038;p=67727"},"modified":"2025-05-26T15:18:30","modified_gmt":"2025-05-26T14:18:30","slug":"guincho-eletrico-2-toneladas","status":"publish","type":"product","link":"https:\/\/occasionmachines.com\/pt\/produto\/guincho-eletrico-2-toneladas\/","title":{"rendered":"Guincho El\u00e9trico 2 Toneladas"},"content":{"rendered":"<p>Guincho El\u00e9trico 2 Toneladas<\/p>\n<p>Em bom estado<\/p>\n<p>Envio por cota\u00e7\u00e3o<\/p>","protected":false},"excerpt":{"rendered":"<p>Guincho El\u00e9trico 2 Toneladas Em bom estado Envio por cota\u00e7\u00e3o<\/p>\n","protected":false},"featured_media":67728,"comment_status":"closed","ping_status":"closed","template":"","meta":[],"product_brand":[],"product_cat":[7746],"product_tag":[],"class_list":{"0":"post-67727","1":"product","2":"type-product","3":"status-publish","4":"has-post-thumbnail","6":"product_cat-acessorios-e-ferramentas-usadas","8":"first","9":"instock","10":"taxable","11":"shipping-taxable","12":"purchasable","13":"product-type-simple"},"_links":{"self":[{"href":"https:\/\/occasionmachines.com\/pt\/wp-json\/wp\/v2\/product\/67727","targetHints":{"allow":["GET"]}}],"collection":[{"href":"https:\/\/occasionmachines.com\/pt\/wp-json\/wp\/v2\/product"}],"about":[{"href":"https:\/\/occasionmachines.com\/pt\/wp-json\/wp\/v2\/types\/product"}],"replies":[{"embeddable":true,"href":"https:\/\/occasionmachines.com\/pt\/wp-json\/wp\/v2\/comments?post=67727"}],"wp:featuredmedia":[{"embeddable":true,"href":"https:\/\/occasionmachines.com\/pt\/wp-json\/wp\/v2\/media\/67728"}],"wp:attachment":[{"href":"https:\/\/occasionmachines.com\/pt\/wp-json\/wp\/v2\/media?parent=67727"}],"wp:term":[{"taxonomy":"product_brand","embeddable":true,"href":"https:\/\/occasionmachines.com\/pt\/wp-json\/wp\/v2\/product_brand?post=67727"},{"taxonomy":"product_cat","embeddable":true,"href":"https:\/\/occasionmachines.com\/pt\/wp-json\/wp\/v2\/product_cat?post=67727"},{"taxonomy":"product_tag","embeddable":true,"href":"https:\/\/occasionmachines.com\/pt\/wp-json\/wp\/v2\/product_tag?post=67727"}],"curies":[{"name":"wp","href":"https:\/\/api.w.org\/{rel}","templated":true}]}}