{"id":67813,"date":"2024-01-15T01:13:57","date_gmt":"2024-01-15T01:13:57","guid":{"rendered":"https:\/\/occasionmachines.com\/?post_type=product&#038;p=67813"},"modified":"2025-05-26T15:17:58","modified_gmt":"2025-05-26T14:17:58","slug":"mesa-magnetica-700-mm-x-400-mm-para-retificadora-plana","status":"publish","type":"product","link":"https:\/\/occasionmachines.com\/pt\/produto\/mesa-magnetica-700-mm-x-400-mm-para-retificadora-plana\/","title":{"rendered":"Mesa Magn\u00e9tica 700 mm x 400 mm para Retificadora Plana"},"content":{"rendered":"<p>Mesa Magn\u00e9tica 700 mm x 400 mm para Retificadora Plana<\/p>\n<p>Dimens\u00f5es: 700 mm x 400 mm<\/p>\n<p>Rectificadora, retificadoras, veja os nossos produtos em OccasionMachines<\/p>\n<p>Em bom esta a funcionar<\/p>\n<p>Carregamento inclu\u00eddo, transporte por cota\u00e7\u00e3o<\/p>","protected":false},"excerpt":{"rendered":"<p>Mesa Magn\u00e9tica 700 mm x 400 mm para Retificadora Plana Dimens\u00f5es: 700 mm x 400 mm Rectificadora, retificadoras, veja os nossos produtos em OccasionMachines Em bom esta a funcionar Carregamento inclu\u00eddo, transporte por cota\u00e7\u00e3o<\/p>\n","protected":false},"featured_media":67814,"comment_status":"closed","ping_status":"closed","template":"","meta":[],"product_brand":[],"product_cat":[7746],"product_tag":[],"class_list":{"0":"post-67813","1":"product","2":"type-product","3":"status-publish","4":"has-post-thumbnail","6":"product_cat-acessorios-e-ferramentas-usadas","8":"first","9":"instock","10":"sold-individually","11":"taxable","12":"shipping-taxable","13":"purchasable","14":"product-type-simple"},"_links":{"self":[{"href":"https:\/\/occasionmachines.com\/pt\/wp-json\/wp\/v2\/product\/67813","targetHints":{"allow":["GET"]}}],"collection":[{"href":"https:\/\/occasionmachines.com\/pt\/wp-json\/wp\/v2\/product"}],"about":[{"href":"https:\/\/occasionmachines.com\/pt\/wp-json\/wp\/v2\/types\/product"}],"replies":[{"embeddable":true,"href":"https:\/\/occasionmachines.com\/pt\/wp-json\/wp\/v2\/comments?post=67813"}],"wp:featuredmedia":[{"embeddable":true,"href":"https:\/\/occasionmachines.com\/pt\/wp-json\/wp\/v2\/media\/67814"}],"wp:attachment":[{"href":"https:\/\/occasionmachines.com\/pt\/wp-json\/wp\/v2\/media?parent=67813"}],"wp:term":[{"taxonomy":"product_brand","embeddable":true,"href":"https:\/\/occasionmachines.com\/pt\/wp-json\/wp\/v2\/product_brand?post=67813"},{"taxonomy":"product_cat","embeddable":true,"href":"https:\/\/occasionmachines.com\/pt\/wp-json\/wp\/v2\/product_cat?post=67813"},{"taxonomy":"product_tag","embeddable":true,"href":"https:\/\/occasionmachines.com\/pt\/wp-json\/wp\/v2\/product_tag?post=67813"}],"curies":[{"name":"wp","href":"https:\/\/api.w.org\/{rel}","templated":true}]}}