{"id":68437,"date":"2024-04-26T11:59:22","date_gmt":"2024-04-26T10:59:22","guid":{"rendered":"https:\/\/occasionmachines.com\/?post_type=product&#038;p=68437"},"modified":"2024-06-18T15:47:15","modified_gmt":"2024-06-18T14:47:15","slug":"bomba-de-lubrificacao-para-fresadora-nova","status":"publish","type":"product","link":"https:\/\/occasionmachines.com\/pt\/produto\/bomba-de-lubrificacao-para-fresadora-nova\/","title":{"rendered":"Bomba de lubrifica\u00e7\u00e3o para fresadora Nova"},"content":{"rendered":"<p>Bomba de lubrifica\u00e7\u00e3o para fresadora Nova<\/p>","protected":false},"excerpt":{"rendered":"<p>Bomba de lubrifica\u00e7\u00e3o para fresadora Nova<\/p>\n","protected":false},"featured_media":68439,"comment_status":"open","ping_status":"closed","template":"","meta":[],"product_brand":[],"product_cat":[7746,7720],"product_tag":[],"class_list":{"0":"post-68437","1":"product","2":"type-product","3":"status-publish","4":"has-post-thumbnail","6":"product_cat-acessorios-e-ferramentas-usadas","7":"product_cat-maquinas-usadas-e-recondicionadas","8":"product_shipping_class-ferramentas-grandes","10":"first","11":"instock","12":"taxable","13":"shipping-taxable","14":"purchasable","15":"product-type-simple"},"_links":{"self":[{"href":"https:\/\/occasionmachines.com\/pt\/wp-json\/wp\/v2\/product\/68437","targetHints":{"allow":["GET"]}}],"collection":[{"href":"https:\/\/occasionmachines.com\/pt\/wp-json\/wp\/v2\/product"}],"about":[{"href":"https:\/\/occasionmachines.com\/pt\/wp-json\/wp\/v2\/types\/product"}],"replies":[{"embeddable":true,"href":"https:\/\/occasionmachines.com\/pt\/wp-json\/wp\/v2\/comments?post=68437"}],"wp:featuredmedia":[{"embeddable":true,"href":"https:\/\/occasionmachines.com\/pt\/wp-json\/wp\/v2\/media\/68439"}],"wp:attachment":[{"href":"https:\/\/occasionmachines.com\/pt\/wp-json\/wp\/v2\/media?parent=68437"}],"wp:term":[{"taxonomy":"product_brand","embeddable":true,"href":"https:\/\/occasionmachines.com\/pt\/wp-json\/wp\/v2\/product_brand?post=68437"},{"taxonomy":"product_cat","embeddable":true,"href":"https:\/\/occasionmachines.com\/pt\/wp-json\/wp\/v2\/product_cat?post=68437"},{"taxonomy":"product_tag","embeddable":true,"href":"https:\/\/occasionmachines.com\/pt\/wp-json\/wp\/v2\/product_tag?post=68437"}],"curies":[{"name":"wp","href":"https:\/\/api.w.org\/{rel}","templated":true}]}}