{"id":69356,"date":"2024-07-17T17:37:50","date_gmt":"2024-07-17T16:37:50","guid":{"rendered":"https:\/\/occasionmachines.com\/?post_type=product&#038;p=69356"},"modified":"2025-05-26T14:44:29","modified_gmt":"2025-05-26T13:44:29","slug":"retificadora-cilindrica-knuth-rsm-1500-c","status":"publish","type":"product","link":"https:\/\/occasionmachines.com\/pt\/produto\/retificadora-cilindrica-knuth-rsm-1500-c\/","title":{"rendered":"Retificadora cil\u00edndrica Knuth RSM 1500 C"},"content":{"rendered":"<p>Retificadora cil\u00edndrica Knuth RSM 1500 C<\/p>\n<p>Os modelos da s\u00e9rie RSM C s\u00e3o retificadoras cil\u00edndricas de precis\u00e3o projetadas para pe\u00e7as longas e pesadas. A s\u00e9rie \u00e9 adequada para o processamento de pe\u00e7as individuais, bem como para a produ\u00e7\u00e3o de pequenas s\u00e9ries e oferece flexibilidade adicional com o dispositivo de retifica\u00e7\u00e3o interna. O design cl\u00e1ssico com uma base de m\u00e1quina grande, guias de aterramento e acionamentos potentes para o fuso de trabalho, fuso de retifica\u00e7\u00e3o e unidade hidr\u00e1ulica, tornam essas m\u00e1quinas uma solu\u00e7\u00e3o econ\u00f4mica para o desbaste de precis\u00e3o de pe\u00e7as maiores.<\/p>\n<p>Moagem interna e externa<br \/>\nRolamentos hidrost\u00e1ticos para alta qualidade superficial<br \/>\nEstrutura pesada da m\u00e1quina para suportar pe\u00e7as grandes<br \/>\nCabe\u00e7ote girat\u00f3rio para retifica\u00e7\u00e3o c\u00f4nica de pe\u00e7as curtas<br \/>\nAlimenta\u00e7\u00e3o r\u00e1pida integrada no eixo Z com retorno manual<br \/>\nAmplo pacote de acess\u00f3rios padr\u00e3o<\/p>","protected":false},"excerpt":{"rendered":"<p>Retificadora cil\u00edndrica Knuth RSM 1500 C Os modelos da s\u00e9rie RSM C s\u00e3o retificadoras cil\u00edndricas de precis\u00e3o projetadas para pe\u00e7as longas e pesadas. A s\u00e9rie \u00e9 adequada para o processamento de pe\u00e7as individuais, bem como para a produ\u00e7\u00e3o de pequenas s\u00e9ries e oferece flexibilidade adicional com o dispositivo de retifica\u00e7\u00e3o interna. O design cl\u00e1ssico com [&hellip;]<\/p>\n","protected":false},"featured_media":69357,"comment_status":"closed","ping_status":"closed","template":"","meta":[],"product_brand":[],"product_cat":[7720,7832],"product_tag":[],"class_list":{"0":"post-69356","1":"product","2":"type-product","3":"status-publish","4":"has-post-thumbnail","6":"product_cat-maquinas-usadas-e-recondicionadas","7":"product_cat-retificadoras-cilindricas","9":"first","10":"instock","11":"taxable","12":"shipping-taxable","13":"purchasable","14":"product-type-simple"},"_links":{"self":[{"href":"https:\/\/occasionmachines.com\/pt\/wp-json\/wp\/v2\/product\/69356","targetHints":{"allow":["GET"]}}],"collection":[{"href":"https:\/\/occasionmachines.com\/pt\/wp-json\/wp\/v2\/product"}],"about":[{"href":"https:\/\/occasionmachines.com\/pt\/wp-json\/wp\/v2\/types\/product"}],"replies":[{"embeddable":true,"href":"https:\/\/occasionmachines.com\/pt\/wp-json\/wp\/v2\/comments?post=69356"}],"wp:featuredmedia":[{"embeddable":true,"href":"https:\/\/occasionmachines.com\/pt\/wp-json\/wp\/v2\/media\/69357"}],"wp:attachment":[{"href":"https:\/\/occasionmachines.com\/pt\/wp-json\/wp\/v2\/media?parent=69356"}],"wp:term":[{"taxonomy":"product_brand","embeddable":true,"href":"https:\/\/occasionmachines.com\/pt\/wp-json\/wp\/v2\/product_brand?post=69356"},{"taxonomy":"product_cat","embeddable":true,"href":"https:\/\/occasionmachines.com\/pt\/wp-json\/wp\/v2\/product_cat?post=69356"},{"taxonomy":"product_tag","embeddable":true,"href":"https:\/\/occasionmachines.com\/pt\/wp-json\/wp\/v2\/product_tag?post=69356"}],"curies":[{"name":"wp","href":"https:\/\/api.w.org\/{rel}","templated":true}]}}