{"id":69436,"date":"2024-08-19T17:40:32","date_gmt":"2024-08-19T16:40:32","guid":{"rendered":"https:\/\/occasionmachines.com\/?post_type=product&#038;p=69436"},"modified":"2025-05-26T14:42:42","modified_gmt":"2025-05-26T13:42:42","slug":"retificadora-full-mark","status":"publish","type":"product","link":"https:\/\/occasionmachines.com\/pt\/produto\/retificadora-full-mark\/","title":{"rendered":"Retificadora Full Mark"},"content":{"rendered":"<p>Retificadora Full Mark<\/p>\n<p>Sistema de Refrigera\u00e7\u00e3o:<br \/>\n&#8211; Equipamento com sistema de refrigera\u00e7\u00e3o eficiente, que reduz o calor gerado durante a retifica\u00e7\u00e3o e prolonga a vida \u00fatil do rebolo.<br \/>\n&#8211; Ajuda a evitar a deforma\u00e7\u00e3o t\u00e9rmica da pe\u00e7a de trabalho.<\/p>\n<p>Facilidade de Opera\u00e7\u00e3o:<br \/>\n&#8211; Painel de controle intuitivo que permite ajustar os par\u00e2metros de retifica\u00e7\u00e3o com facilidade.<br \/>\n&#8211; Sistemas autom\u00e1ticos ou semiautom\u00e1ticos para aumentar a efici\u00eancia e reduzir o tempo de setup.<\/p>\n<p>Aplica\u00e7\u00f5es T\u00edpicas:<\/p>\n<p>-Retifica\u00e7\u00e3o de componentes como eixos, cilindros, e outras partes cr\u00edticas de motores.<br \/>\n&#8211; Acabamento de moldes, matrizes e outras ferramentas de precis\u00e3o.<br \/>\n&#8211; Produ\u00e7\u00e3o de pe\u00e7as que requerem superf\u00edcies altamente precisas e lisas.<br \/>\n&#8211; Componentes que exigem alta precis\u00e3o e acabamento superficial superior.<\/p>\n<p>&#8211; Di\u00e2metro M\u00e1ximo da Pe\u00e7a:\u00a0 de 200 mm a 500 mm.<br \/>\n&#8211; Comprimento M\u00e1ximo da Pe\u00e7a:\u00a0 de 500 mm a 2000 mm.<br \/>\n&#8211; Velocidade do Rebolo: Ajust\u00e1vel, geralmente entre 1000 a 3000 RPM.<br \/>\n&#8211; Pot\u00eancia do Motor Principal:\u00a0 de 2 kW a 10 kW<\/p>\n<p>Dimens\u00f5es Gerais:<br \/>\n&#8211; Comprimento: Aproximadamente 2000 mm a 4000 mm.<br \/>\n&#8211; Largura: Aproximadamente 1500 mm a 2000 mm.<br \/>\n&#8211; Altura: Aproximadamente 1500 mm a 2000 mm.<br \/>\n&#8211; Peso: Pode variar de 1500 kg a 5000 kg, dependendo do modelo.<\/p>","protected":false},"excerpt":{"rendered":"<p>Retificadora Full Mark Sistema de Refrigera\u00e7\u00e3o: &#8211; Equipamento com sistema de refrigera\u00e7\u00e3o eficiente, que reduz o calor gerado durante a retifica\u00e7\u00e3o e prolonga a vida \u00fatil do rebolo. &#8211; Ajuda a evitar a deforma\u00e7\u00e3o t\u00e9rmica da pe\u00e7a de trabalho. Facilidade de Opera\u00e7\u00e3o: &#8211; Painel de controle intuitivo que permite ajustar os par\u00e2metros de retifica\u00e7\u00e3o com [&hellip;]<\/p>\n","protected":false},"featured_media":69448,"comment_status":"closed","ping_status":"closed","template":"","meta":[],"product_brand":[],"product_cat":[7720,7722],"product_tag":[],"class_list":{"0":"post-69436","1":"product","2":"type-product","3":"status-publish","4":"has-post-thumbnail","6":"product_cat-maquinas-usadas-e-recondicionadas","7":"product_cat-retificadoras-usadas","9":"first","10":"instock","11":"taxable","12":"shipping-taxable","13":"purchasable","14":"product-type-simple"},"_links":{"self":[{"href":"https:\/\/occasionmachines.com\/pt\/wp-json\/wp\/v2\/product\/69436","targetHints":{"allow":["GET"]}}],"collection":[{"href":"https:\/\/occasionmachines.com\/pt\/wp-json\/wp\/v2\/product"}],"about":[{"href":"https:\/\/occasionmachines.com\/pt\/wp-json\/wp\/v2\/types\/product"}],"replies":[{"embeddable":true,"href":"https:\/\/occasionmachines.com\/pt\/wp-json\/wp\/v2\/comments?post=69436"}],"wp:featuredmedia":[{"embeddable":true,"href":"https:\/\/occasionmachines.com\/pt\/wp-json\/wp\/v2\/media\/69448"}],"wp:attachment":[{"href":"https:\/\/occasionmachines.com\/pt\/wp-json\/wp\/v2\/media?parent=69436"}],"wp:term":[{"taxonomy":"product_brand","embeddable":true,"href":"https:\/\/occasionmachines.com\/pt\/wp-json\/wp\/v2\/product_brand?post=69436"},{"taxonomy":"product_cat","embeddable":true,"href":"https:\/\/occasionmachines.com\/pt\/wp-json\/wp\/v2\/product_cat?post=69436"},{"taxonomy":"product_tag","embeddable":true,"href":"https:\/\/occasionmachines.com\/pt\/wp-json\/wp\/v2\/product_tag?post=69436"}],"curies":[{"name":"wp","href":"https:\/\/api.w.org\/{rel}","templated":true}]}}