{"id":69481,"date":"2024-08-22T16:30:01","date_gmt":"2024-08-22T15:30:01","guid":{"rendered":"https:\/\/occasionmachines.com\/?post_type=product&#038;p=69481"},"modified":"2024-08-22T16:30:02","modified_gmt":"2024-08-22T15:30:02","slug":"escavadora-hitachi-zx130","status":"publish","type":"product","link":"https:\/\/occasionmachines.com\/pt\/produto\/escavadora-hitachi-zx130\/","title":{"rendered":"Escavadora HITACHI ZX130"},"content":{"rendered":"<p><\/p>\n<section class=\"productDetail__info accordion-item\">\n<div id=\"collapseOffer\" class=\"accordion-collapse collapse productDetail__infoContentAccordion\" aria-labelledby=\"sectionOffer\">\n<div class=\"productDetail__infoContent\">\n<dl class=\"table table-inAccordion\">\n<dd>Escavadora HITACHI ZX130<\/dd>\n<dt>Fabricante<\/dt>\n<dd class=\"c-2194\">HITACHI<\/dd>\n<dt>Tipo ZX130<\/dt>\n<dt><\/dt>\n<dd class=\"table-cell-p-0\">Ano de constru\u00e7\u00e3o<\/dd>\n<dd>2006<\/dd>\n<dt>Artigo dispon\u00edvel<\/dt>\n<dd class=\"c-6\">\n<div class=\"toolbar--item modal--trigger\" title=\"Mais informa\u00e7\u00f5es\" data-bs-toggle=\"modal\" data-bs-target=\"#machineConditionModal\"><\/div>\n<\/dd>\n<dd><span style=\"font-weight: 600;\">Dimens\u00f5es em planta aprox. (CxLxA)<\/span><\/dd>\n<\/dl>\n<\/div>\n<\/div>\n<\/section>\n<section class=\"productDetail__info accordion-item\">\n<div id=\"collapseTechnical\" class=\"accordion-collapse collapse productDetail__infoContentAccordion\" aria-labelledby=\"sectionTechnical\">\n<div class=\"productDetail__infoContent\">\n<dl>\n<dd>7 610 x 2 490 x 2 890 mm<\/dd>\n<dt>Fabricante do motor<\/dt>\n<dd>IZUZU<\/dd>\n<dt>Peso aprox.<\/dt>\n<dd>12 600 kg<\/dd>\n<\/dl>\n<\/div>\n<\/div>\n<\/section>\n<section class=\"productDetail__info accordion-item\">\n<div id=\"collapseDescription\" class=\"accordion-collapse collapse productDetail__infoContentAccordion\" aria-labelledby=\"sectionDescription\">\n<div class=\"productDetail__infoContent\">\n<div class=\"table table-inAccordion table-inAccordion--translated\">\n<p><strong>13 ton HITACHI ZX130 Excavator (3281)<\/strong><br \/>\nEngine: IZUZU<br \/>\nPower: 63kw at 1.950\/min<br \/>\nMaximum Power: 66kw at 2.150\/min<br \/>\n20.900 hours<\/p>\n<\/div>\n<\/div>\n<\/div>\n<\/section>\n<p><\/p>","protected":false},"excerpt":{"rendered":"<p>Escavadora HITACHI ZX130 Fabricante HITACHI Tipo ZX130 Ano de constru\u00e7\u00e3o 2006 Artigo dispon\u00edvel Dimens\u00f5es em planta aprox. (CxLxA) 7 610 x 2 490 x 2 890 mm Fabricante do motor IZUZU Peso aprox. 12 600 kg 13 ton HITACHI ZX130 Excavator (3281) Engine: IZUZU Power: 63kw at 1.950\/min Maximum Power: 66kw at 2.150\/min 20.900 hours<\/p>\n","protected":false},"featured_media":69490,"comment_status":"closed","ping_status":"closed","template":"","meta":[],"product_brand":[],"product_cat":[10531],"product_tag":[],"class_list":{"0":"post-69481","1":"product","2":"type-product","3":"status-publish","4":"has-post-thumbnail","6":"product_cat-veiculos-grande-portes","8":"first","9":"instock","10":"taxable","11":"shipping-taxable","12":"product-type-simple"},"_links":{"self":[{"href":"https:\/\/occasionmachines.com\/pt\/wp-json\/wp\/v2\/product\/69481","targetHints":{"allow":["GET"]}}],"collection":[{"href":"https:\/\/occasionmachines.com\/pt\/wp-json\/wp\/v2\/product"}],"about":[{"href":"https:\/\/occasionmachines.com\/pt\/wp-json\/wp\/v2\/types\/product"}],"replies":[{"embeddable":true,"href":"https:\/\/occasionmachines.com\/pt\/wp-json\/wp\/v2\/comments?post=69481"}],"wp:featuredmedia":[{"embeddable":true,"href":"https:\/\/occasionmachines.com\/pt\/wp-json\/wp\/v2\/media\/69490"}],"wp:attachment":[{"href":"https:\/\/occasionmachines.com\/pt\/wp-json\/wp\/v2\/media?parent=69481"}],"wp:term":[{"taxonomy":"product_brand","embeddable":true,"href":"https:\/\/occasionmachines.com\/pt\/wp-json\/wp\/v2\/product_brand?post=69481"},{"taxonomy":"product_cat","embeddable":true,"href":"https:\/\/occasionmachines.com\/pt\/wp-json\/wp\/v2\/product_cat?post=69481"},{"taxonomy":"product_tag","embeddable":true,"href":"https:\/\/occasionmachines.com\/pt\/wp-json\/wp\/v2\/product_tag?post=69481"}],"curies":[{"name":"wp","href":"https:\/\/api.w.org\/{rel}","templated":true}]}}