{"id":69526,"date":"2024-08-22T17:08:59","date_gmt":"2024-08-22T16:08:59","guid":{"rendered":"https:\/\/occasionmachines.com\/?post_type=product&#038;p=69526"},"modified":"2024-08-22T17:09:00","modified_gmt":"2024-08-22T16:09:00","slug":"escavadora-hitachi-zx160","status":"publish","type":"product","link":"https:\/\/occasionmachines.com\/pt\/produto\/escavadora-hitachi-zx160\/","title":{"rendered":"Escavadora HITACHI ZX160"},"content":{"rendered":"<p><\/p>\n<section class=\"productDetail__info accordion-item\">\n<div id=\"collapseOffer\" class=\"accordion-collapse collapse productDetail__infoContentAccordion\" aria-labelledby=\"sectionOffer\">\n<div class=\"productDetail__infoContent\">\n<dl class=\"table table-inAccordion\">\n<dd>Escavadora HITACHI ZX160<\/p>\n<p>Fabricante<br \/>\nHITACHI<br \/>\nTipo<br \/>\nZX160<\/p>\n<p>Manual de constru\u00e7\u00e3o<br \/>\n2006<\/p>\n<p>Arte dispon\u00edvel agora<br \/>\nImediatamente<\/p>\n<p>Dimens\u00f5es n\u00e3o planas aprox. (CxLxA)<br \/>\n8640x2490x2880mm<br \/>\nfabricante de motores<br \/>\nIZUZU<br \/>\nPeso aprox.<br \/>\n16.000kg<\/p>\n<p>Escavadora HITACHI ZX160 de 16 toneladas (3293)<br \/>\nMotor: IZUZU<br \/>\nPot\u00eancia: 74 kW a 1950\/min<br \/>\nPot\u00eancia m\u00e1xima: 81 kW \u00e0s 2150 rpm<br \/>\n22.175 horas<\/dd>\n<\/dl>\n<\/div>\n<\/div>\n<\/section>\n<p><\/p>","protected":false},"excerpt":{"rendered":"<p>Escavadora HITACHI ZX160 Fabricante HITACHI Tipo ZX160 Manual de constru\u00e7\u00e3o 2006 Arte dispon\u00edvel agora Imediatamente Dimens\u00f5es n\u00e3o planas aprox. (CxLxA) 8640x2490x2880mm fabricante de motores IZUZU Peso aprox. 16.000kg Escavadora HITACHI ZX160 de 16 toneladas (3293) Motor: IZUZU Pot\u00eancia: 74 kW a 1950\/min Pot\u00eancia m\u00e1xima: 81 kW \u00e0s 2150 rpm 22.175 horas<\/p>\n","protected":false},"featured_media":69538,"comment_status":"closed","ping_status":"closed","template":"","meta":[],"product_brand":[],"product_cat":[10531],"product_tag":[],"class_list":{"0":"post-69526","1":"product","2":"type-product","3":"status-publish","4":"has-post-thumbnail","6":"product_cat-veiculos-grande-portes","8":"first","9":"instock","10":"taxable","11":"shipping-taxable","12":"product-type-simple"},"_links":{"self":[{"href":"https:\/\/occasionmachines.com\/pt\/wp-json\/wp\/v2\/product\/69526","targetHints":{"allow":["GET"]}}],"collection":[{"href":"https:\/\/occasionmachines.com\/pt\/wp-json\/wp\/v2\/product"}],"about":[{"href":"https:\/\/occasionmachines.com\/pt\/wp-json\/wp\/v2\/types\/product"}],"replies":[{"embeddable":true,"href":"https:\/\/occasionmachines.com\/pt\/wp-json\/wp\/v2\/comments?post=69526"}],"wp:featuredmedia":[{"embeddable":true,"href":"https:\/\/occasionmachines.com\/pt\/wp-json\/wp\/v2\/media\/69538"}],"wp:attachment":[{"href":"https:\/\/occasionmachines.com\/pt\/wp-json\/wp\/v2\/media?parent=69526"}],"wp:term":[{"taxonomy":"product_brand","embeddable":true,"href":"https:\/\/occasionmachines.com\/pt\/wp-json\/wp\/v2\/product_brand?post=69526"},{"taxonomy":"product_cat","embeddable":true,"href":"https:\/\/occasionmachines.com\/pt\/wp-json\/wp\/v2\/product_cat?post=69526"},{"taxonomy":"product_tag","embeddable":true,"href":"https:\/\/occasionmachines.com\/pt\/wp-json\/wp\/v2\/product_tag?post=69526"}],"curies":[{"name":"wp","href":"https:\/\/api.w.org\/{rel}","templated":true}]}}