{"id":6962,"date":"2016-05-31T11:08:44","date_gmt":"2016-05-31T10:08:44","guid":{"rendered":"http:\/\/occasionmachines.com\/?post_type=product&#038;p=6962"},"modified":"2025-03-07T18:02:42","modified_gmt":"2025-03-07T18:02:42","slug":"dc20-codificador-linear-3000mm-5%c2%b5m","status":"publish","type":"product","link":"https:\/\/occasionmachines.com\/pt\/produto\/dc20-codificador-linear-3000mm-5%c2%b5m\/","title":{"rendered":"DC20 codificador linear (3000mm) 5\u00b5m"},"content":{"rendered":"<p>R\u00e9gua para digital DC20 (3000mm)curso 5um \u00e9 fabricada no tamanho que o cliente necessita. Medi\u00e7\u00e3o de alta precis\u00e3o de controlo.<\/p>\n<p>Somos representantes e enviamos directamente a partir da linha de produ\u00e7\u00e3o para os nossos clientes.<\/p>\n<p>R\u00e9gua para digital DC20 (3000mm) 5\u00b5m \u00e9 compativel com os Visualizador Digital que tamb\u00e9m vendemos. S\u00e3o usadas em m\u00e1quinas ou outros equipamentos com movimentos lineares, por exemplo tornos, fresadoras, retificadoras e maquinas cnc.<\/p>\n<p>Alternativa, a sa\u00edda da regua pode ser usada para controle autom\u00e1tico de posicionamento de m\u00e1quinas e ferramentas ou equipamentos similares via CNC ou PLC.<br \/>\nDispomos de outras medidas e formatos, compre online e em seguran\u00e7a com o nosso sistema de pagamento \u00e0 cobran\u00e7a, ou entidade e refer\u00eancia, transfer\u00eancia banc\u00e1ria ou paypal.<\/p>","protected":false},"excerpt":{"rendered":"<p>R\u00e9gua para digital DC20 (3000mm)curso 5um \u00e9 fabricada no tamanho que o cliente necessita. Medi\u00e7\u00e3o de alta precis\u00e3o de controlo. Somos representantes e enviamos directamente a partir da linha de produ\u00e7\u00e3o para os nossos clientes. R\u00e9gua para digital DC20 (3000mm) 5\u00b5m \u00e9 compativel com os Visualizador Digital que tamb\u00e9m vendemos. S\u00e3o usadas em m\u00e1quinas ou [&hellip;]<\/p>\n","protected":false},"featured_media":6986,"comment_status":"open","ping_status":"closed","template":"","meta":[],"product_brand":[],"product_cat":[3814],"product_tag":[3817,3819,3816,3818,3815,3820,3825,3823,3827,3821,3822,3828,3824,3826],"class_list":{"0":"post-6962","1":"product","2":"type-product","3":"status-publish","4":"has-post-thumbnail","6":"product_cat-reguas-para-digitais","7":"product_tag-codificador-linear","8":"product_tag-codificador-linear-3000mm","9":"product_tag-dc20-codificador-linear","10":"product_tag-dc20-codificador-linear-3000mm","11":"product_tag-dc20-codificador-linear-3000mm-5m","12":"product_tag-dc20-linear-encoder-3000mm-5m","13":"product_tag-dogrusal-olcek-3000mm-5m","14":"product_tag-echelle-lineaire-3000mm-5m","15":"product_tag-enkoder-liniowy-3000mm-5m","16":"product_tag-escala-lineal-3000mm-5m","17":"product_tag-linearen-skala-3000mm-5m","18":"product_tag-linearni-snimac-3000mm-5m","19":"product_tag-scala-lineare-3000mm-5m","20":"product_tag---3000mm-5m","21":"product_shipping_class-ferramentas-medias","23":"first","24":"onbackorder","25":"taxable","26":"shipping-taxable","27":"purchasable","28":"product-type-simple"},"_links":{"self":[{"href":"https:\/\/occasionmachines.com\/pt\/wp-json\/wp\/v2\/product\/6962","targetHints":{"allow":["GET"]}}],"collection":[{"href":"https:\/\/occasionmachines.com\/pt\/wp-json\/wp\/v2\/product"}],"about":[{"href":"https:\/\/occasionmachines.com\/pt\/wp-json\/wp\/v2\/types\/product"}],"replies":[{"embeddable":true,"href":"https:\/\/occasionmachines.com\/pt\/wp-json\/wp\/v2\/comments?post=6962"}],"wp:featuredmedia":[{"embeddable":true,"href":"https:\/\/occasionmachines.com\/pt\/wp-json\/wp\/v2\/media\/6986"}],"wp:attachment":[{"href":"https:\/\/occasionmachines.com\/pt\/wp-json\/wp\/v2\/media?parent=6962"}],"wp:term":[{"taxonomy":"product_brand","embeddable":true,"href":"https:\/\/occasionmachines.com\/pt\/wp-json\/wp\/v2\/product_brand?post=6962"},{"taxonomy":"product_cat","embeddable":true,"href":"https:\/\/occasionmachines.com\/pt\/wp-json\/wp\/v2\/product_cat?post=6962"},{"taxonomy":"product_tag","embeddable":true,"href":"https:\/\/occasionmachines.com\/pt\/wp-json\/wp\/v2\/product_tag?post=6962"}],"curies":[{"name":"wp","href":"https:\/\/api.w.org\/{rel}","templated":true}]}}