{"id":70013,"date":"2024-09-23T15:12:09","date_gmt":"2024-09-23T14:12:09","guid":{"rendered":"https:\/\/occasionmachines.com\/?post_type=product&#038;p=70013"},"modified":"2025-05-26T14:41:12","modified_gmt":"2025-05-26T13:41:12","slug":"retificadora-plana-monoprecis","status":"publish","type":"product","link":"https:\/\/occasionmachines.com\/pt\/produto\/retificadora-plana-monoprecis\/","title":{"rendered":"Retificadora Plana Monoprecis"},"content":{"rendered":"<p>Retificadora Plana Monoprecis<\/p>\n<p>M\u00f3: 180x32x20mm<br \/>\nMotor: 1.1kw<br \/>\nRota\u00e7\u00f5es 2850 RPM<\/p>\n<p>Dimens\u00f5es da M\u00e1quina: 1500 x 1100 x 2000 mm<br \/>\nMade in France<\/p>\n<p>Mesa Magn\u00e9tica 300mm x 150mm<br \/>\nPeso da M\u00e1quina: 1000Kg<\/p>\n<p>A funcionar em bom estado, carregamento inclu\u00eddo transporte por cota\u00e7\u00e3o.<\/p>","protected":false},"excerpt":{"rendered":"<p>Retificadora Plana Monoprecis M\u00f3: 180x32x20mm Motor: 1.1kw Rota\u00e7\u00f5es 2850 RPM Dimens\u00f5es da M\u00e1quina: 1500 x 1100 x 2000 mm Made in France Mesa Magn\u00e9tica 300mm x 150mm Peso da M\u00e1quina: 1000Kg A funcionar em bom estado, carregamento inclu\u00eddo transporte por cota\u00e7\u00e3o.<\/p>\n","protected":false},"featured_media":70017,"comment_status":"closed","ping_status":"closed","template":"","meta":[],"product_brand":[],"product_cat":[7720,7722],"product_tag":[],"class_list":{"0":"post-70013","1":"product","2":"type-product","3":"status-publish","4":"has-post-thumbnail","6":"product_cat-maquinas-usadas-e-recondicionadas","7":"product_cat-retificadoras-usadas","9":"first","10":"instock","11":"taxable","12":"shipping-taxable","13":"purchasable","14":"product-type-simple"},"_links":{"self":[{"href":"https:\/\/occasionmachines.com\/pt\/wp-json\/wp\/v2\/product\/70013","targetHints":{"allow":["GET"]}}],"collection":[{"href":"https:\/\/occasionmachines.com\/pt\/wp-json\/wp\/v2\/product"}],"about":[{"href":"https:\/\/occasionmachines.com\/pt\/wp-json\/wp\/v2\/types\/product"}],"replies":[{"embeddable":true,"href":"https:\/\/occasionmachines.com\/pt\/wp-json\/wp\/v2\/comments?post=70013"}],"wp:featuredmedia":[{"embeddable":true,"href":"https:\/\/occasionmachines.com\/pt\/wp-json\/wp\/v2\/media\/70017"}],"wp:attachment":[{"href":"https:\/\/occasionmachines.com\/pt\/wp-json\/wp\/v2\/media?parent=70013"}],"wp:term":[{"taxonomy":"product_brand","embeddable":true,"href":"https:\/\/occasionmachines.com\/pt\/wp-json\/wp\/v2\/product_brand?post=70013"},{"taxonomy":"product_cat","embeddable":true,"href":"https:\/\/occasionmachines.com\/pt\/wp-json\/wp\/v2\/product_cat?post=70013"},{"taxonomy":"product_tag","embeddable":true,"href":"https:\/\/occasionmachines.com\/pt\/wp-json\/wp\/v2\/product_tag?post=70013"}],"curies":[{"name":"wp","href":"https:\/\/api.w.org\/{rel}","templated":true}]}}