{"id":70055,"date":"2024-09-24T15:57:44","date_gmt":"2024-09-24T14:57:44","guid":{"rendered":"https:\/\/occasionmachines.com\/?post_type=product&#038;p=70055"},"modified":"2025-05-26T14:39:52","modified_gmt":"2025-05-26T13:39:52","slug":"erosao-edm-erosao-ona-600","status":"publish","type":"product","link":"https:\/\/occasionmachines.com\/pt\/produto\/erosao-edm-erosao-ona-600\/","title":{"rendered":"Eros\u00e3o EDM Eros\u00e3o ONA 600"},"content":{"rendered":"<p>Eros\u00e3o EDM Eros\u00e3o ONA 600<\/p>\n<p>Caracter\u00edsticas:<br \/>\nCurso do eixo X 800 mm<br \/>\nCurso do eixo Y 600 mm<br \/>\nCurso do eixo Z 500\/600\/700\/800 mm<\/p>\n<p>Tamanho m\u00e1ximo da pe\u00e7a:<br \/>\nComprimento 1.300 mm<br \/>\nLargura 1.040 mm<br \/>\nAltura 500 mm<\/p>\n<p>Peso m\u00e1ximo da pe\u00e7a 5.000 kg<br \/>\nCurso do veio U\/V 500 x 500 mm<br \/>\n\u00c2ngulo m\u00e1ximo de corte c\u00f3nico +\/- 30\u00ba \/ 400 mm<br \/>\nDi\u00e2metro do fio 0,20\/0,33 mm<br \/>\nVelocidade m\u00e1xima de corte 450 mm2\/min \u2013 \u00d8 0,33 mm<\/p>","protected":false},"excerpt":{"rendered":"<p>Eros\u00e3o EDM Eros\u00e3o ONA 600 Caracter\u00edsticas: Curso do eixo X 800 mm Curso do eixo Y 600 mm Curso do eixo Z 500\/600\/700\/800 mm Tamanho m\u00e1ximo da pe\u00e7a: Comprimento 1.300 mm Largura 1.040 mm Altura 500 mm Peso m\u00e1ximo da pe\u00e7a 5.000 kg Curso do veio U\/V 500 x 500 mm \u00c2ngulo m\u00e1ximo de corte [&hellip;]<\/p>\n","protected":false},"featured_media":70058,"comment_status":"closed","ping_status":"closed","template":"","meta":[],"product_brand":[],"product_cat":[7787,7720],"product_tag":[],"class_list":{"0":"post-70055","1":"product","2":"type-product","3":"status-publish","4":"has-post-thumbnail","6":"product_cat-electro-erosoes","7":"product_cat-maquinas-usadas-e-recondicionadas","9":"first","10":"instock","11":"taxable","12":"shipping-taxable","13":"product-type-simple"},"_links":{"self":[{"href":"https:\/\/occasionmachines.com\/pt\/wp-json\/wp\/v2\/product\/70055","targetHints":{"allow":["GET"]}}],"collection":[{"href":"https:\/\/occasionmachines.com\/pt\/wp-json\/wp\/v2\/product"}],"about":[{"href":"https:\/\/occasionmachines.com\/pt\/wp-json\/wp\/v2\/types\/product"}],"replies":[{"embeddable":true,"href":"https:\/\/occasionmachines.com\/pt\/wp-json\/wp\/v2\/comments?post=70055"}],"wp:featuredmedia":[{"embeddable":true,"href":"https:\/\/occasionmachines.com\/pt\/wp-json\/wp\/v2\/media\/70058"}],"wp:attachment":[{"href":"https:\/\/occasionmachines.com\/pt\/wp-json\/wp\/v2\/media?parent=70055"}],"wp:term":[{"taxonomy":"product_brand","embeddable":true,"href":"https:\/\/occasionmachines.com\/pt\/wp-json\/wp\/v2\/product_brand?post=70055"},{"taxonomy":"product_cat","embeddable":true,"href":"https:\/\/occasionmachines.com\/pt\/wp-json\/wp\/v2\/product_cat?post=70055"},{"taxonomy":"product_tag","embeddable":true,"href":"https:\/\/occasionmachines.com\/pt\/wp-json\/wp\/v2\/product_tag?post=70055"}],"curies":[{"name":"wp","href":"https:\/\/api.w.org\/{rel}","templated":true}]}}