{"id":70065,"date":"2024-09-24T17:03:56","date_gmt":"2024-09-24T16:03:56","guid":{"rendered":"https:\/\/occasionmachines.com\/?post_type=product&#038;p=70065"},"modified":"2025-05-26T14:39:28","modified_gmt":"2025-05-26T13:39:28","slug":"1-centro-de-maquinacao-cnc-huron-kx20","status":"publish","type":"product","link":"https:\/\/occasionmachines.com\/pt\/produto\/1-centro-de-maquinacao-cnc-huron-kx20\/","title":{"rendered":"1 &#8211; Centro de maquina\u00e7\u00e3o CNC Huron KX20"},"content":{"rendered":"<p>Centro de maquina\u00e7\u00e3o CNC Huron KX20<\/p>\n<p>Caracter\u00edsticas<br \/>\n&#8211; tra\u00e7os X x Y x Z: 1200 X 1000 x 550 [mm]<br \/>\n&#8211; dimens\u00f5es da mesa: 1400 x 1000 [mm]<br \/>\n&#8211; magazine de ferramentas: 30 [pos]<br \/>\n&#8211; velocidade do fuso: 15.000 [rpm]<br \/>\ntipo de pino: HSK 63 A<br \/>\n&#8211; pot\u00eancia do fuso: 15 [kW]<br \/>\n&#8211; bin\u00e1rio: 130 [Nm]<br \/>\n&#8211; avan\u00e7os r\u00e1pidos: 30.000 [mm\/min]<br \/>\n&#8211; avan\u00e7os de trabalho: 0 &#8211; 10.000 [mm\/min]<br \/>\n&#8211; peso m\u00e1ximo \u00e0 mesa: 2.000 [kg]<br \/>\n&#8211; \u00e1rea total: 4560 x 3955 x 3132 [mm]<br \/>\n&#8211; peso: 12.000 [kg]<br \/>\n&#8211; fonte de alimenta\u00e7\u00e3o: classifica\u00e7\u00e3o 400V 50 Hz 54 kVA<\/p>","protected":false},"excerpt":{"rendered":"<p>Centro de maquina\u00e7\u00e3o CNC Huron KX20 Caracter\u00edsticas &#8211; tra\u00e7os X x Y x Z: 1200 X 1000 x 550 [mm] &#8211; dimens\u00f5es da mesa: 1400 x 1000 [mm] &#8211; magazine de ferramentas: 30 [pos] &#8211; velocidade do fuso: 15.000 [rpm] tipo de pino: HSK 63 A &#8211; pot\u00eancia do fuso: 15 [kW] &#8211; bin\u00e1rio: 130 [&hellip;]<\/p>\n","protected":false},"featured_media":70072,"comment_status":"closed","ping_status":"closed","template":"","meta":[],"product_brand":[],"product_cat":[7733,7720],"product_tag":[],"class_list":{"0":"post-70065","1":"product","2":"type-product","3":"status-publish","4":"has-post-thumbnail","6":"product_cat-centros-de-maquinacao","7":"product_cat-maquinas-usadas-e-recondicionadas","9":"first","10":"instock","11":"taxable","12":"shipping-taxable","13":"product-type-simple"},"_links":{"self":[{"href":"https:\/\/occasionmachines.com\/pt\/wp-json\/wp\/v2\/product\/70065","targetHints":{"allow":["GET"]}}],"collection":[{"href":"https:\/\/occasionmachines.com\/pt\/wp-json\/wp\/v2\/product"}],"about":[{"href":"https:\/\/occasionmachines.com\/pt\/wp-json\/wp\/v2\/types\/product"}],"replies":[{"embeddable":true,"href":"https:\/\/occasionmachines.com\/pt\/wp-json\/wp\/v2\/comments?post=70065"}],"wp:featuredmedia":[{"embeddable":true,"href":"https:\/\/occasionmachines.com\/pt\/wp-json\/wp\/v2\/media\/70072"}],"wp:attachment":[{"href":"https:\/\/occasionmachines.com\/pt\/wp-json\/wp\/v2\/media?parent=70065"}],"wp:term":[{"taxonomy":"product_brand","embeddable":true,"href":"https:\/\/occasionmachines.com\/pt\/wp-json\/wp\/v2\/product_brand?post=70065"},{"taxonomy":"product_cat","embeddable":true,"href":"https:\/\/occasionmachines.com\/pt\/wp-json\/wp\/v2\/product_cat?post=70065"},{"taxonomy":"product_tag","embeddable":true,"href":"https:\/\/occasionmachines.com\/pt\/wp-json\/wp\/v2\/product_tag?post=70065"}],"curies":[{"name":"wp","href":"https:\/\/api.w.org\/{rel}","templated":true}]}}