{"id":70124,"date":"2024-09-25T14:36:22","date_gmt":"2024-09-25T13:36:22","guid":{"rendered":"https:\/\/occasionmachines.com\/?post_type=product&#038;p=70124"},"modified":"2025-05-26T14:38:55","modified_gmt":"2025-05-26T13:38:55","slug":"portico-cnc-vtec-2016","status":"publish","type":"product","link":"https:\/\/occasionmachines.com\/pt\/produto\/portico-cnc-vtec-2016\/","title":{"rendered":"CNC VTEC 2016"},"content":{"rendered":"<p>P\u00f3rtico CNC VTEC 2016<\/p>\n<p>Detalhes:<br \/>\nControlador CNC: HEIDENHAIN iTNC 530<br \/>\n&#8211; sonda detalhada: RENISHAW RMP-60<br \/>\n&#8211; sonda de contacto da ferramenta: RENISHAW TS 27R<br \/>\n&#8211; cabe\u00e7a rotativa autom\u00e1tica (poss\u00edvel maquina\u00e7\u00e3o em 5 eixos)<br \/>\n&#8211; Plataforma girat\u00f3ria<br \/>\n&#8211; Regras dos eixos X, Y, Z: HEIDENHAIN<br \/>\n&#8211; Revista de ferramentas com 32 posi\u00e7\u00f5es<br \/>\n&#8211; arrefecimento atrav\u00e9s do fuso<br \/>\n&#8211; transportador helicoidal de aparas (2 pe\u00e7as)<br \/>\n&#8211; transportador transversal de aparas com carris<br \/>\n&#8211; um conjunto rico de ferramentas<br \/>\n&#8211; cone do fuso: ISO 50\/ DIN 69871<br \/>\n&#8211; bomba de refrigera\u00e7\u00e3o: GRUNDFOS<br \/>\n&#8211; arrefecimento do centro da ferramenta at\u00e9 ao cabe\u00e7ote autom\u00e1tico<br \/>\n&#8211; guias deslizantes<br \/>\n&#8211; sistema de refrigera\u00e7\u00e3o de parafuso de esfera<br \/>\n&#8211; sistema de refrigera\u00e7\u00e3o l\u00edquida<\/p>\n<p>&#8211; N\u00famero de eixos: 3, 5<br \/>\n&#8211; dimens\u00f5es da mesa de trabalho (comprimento x largura): 2000 x 1300 mm<br \/>\n&#8211; avan\u00e7os nos eixos X\/Y\/Z: 2000\/1600\/1020 mm<br \/>\n&#8211; velocidade de rota\u00e7\u00e3o autom\u00e1tica: 3000 rpm<br \/>\n&#8211; peso m\u00e1ximo da ferramenta: 18 kg<br \/>\n&#8211; di\u00e2metro do disco rotativo: 800 mm<br \/>\n&#8211; carga m\u00e1xima na mesa girat\u00f3ria (posi\u00e7\u00e3o vertical): 500 kg<br \/>\n&#8211; carga m\u00e1xima na mesa girat\u00f3ria (posi\u00e7\u00e3o horizontal): 1000 kg<br \/>\n&#8211; dimens\u00f5es (comprimento x largura x altura): 7580 x 5355 x 4043 mm<br \/>\n&#8211; peso da plataforma girat\u00f3ria: 1200 kg<br \/>\n&#8211; peso da m\u00e1quina VTEC: 25.000 kg<\/p>","protected":false},"excerpt":{"rendered":"<p>P\u00f3rtico CNC VTEC 2016 Detalhes: Controlador CNC: HEIDENHAIN iTNC 530 &#8211; sonda detalhada: RENISHAW RMP-60 &#8211; sonda de contacto da ferramenta: RENISHAW TS 27R &#8211; cabe\u00e7a rotativa autom\u00e1tica (poss\u00edvel maquina\u00e7\u00e3o em 5 eixos) &#8211; Plataforma girat\u00f3ria &#8211; Regras dos eixos X, Y, Z: HEIDENHAIN &#8211; Revista de ferramentas com 32 posi\u00e7\u00f5es &#8211; arrefecimento atrav\u00e9s do [&hellip;]<\/p>\n","protected":false},"featured_media":70170,"comment_status":"closed","ping_status":"closed","template":"","meta":[],"product_brand":[],"product_cat":[7720,7722],"product_tag":[],"class_list":{"0":"post-70124","1":"product","2":"type-product","3":"status-publish","4":"has-post-thumbnail","6":"product_cat-maquinas-usadas-e-recondicionadas","7":"product_cat-retificadoras-usadas","9":"first","10":"instock","11":"taxable","12":"shipping-taxable","13":"product-type-simple"},"_links":{"self":[{"href":"https:\/\/occasionmachines.com\/pt\/wp-json\/wp\/v2\/product\/70124","targetHints":{"allow":["GET"]}}],"collection":[{"href":"https:\/\/occasionmachines.com\/pt\/wp-json\/wp\/v2\/product"}],"about":[{"href":"https:\/\/occasionmachines.com\/pt\/wp-json\/wp\/v2\/types\/product"}],"replies":[{"embeddable":true,"href":"https:\/\/occasionmachines.com\/pt\/wp-json\/wp\/v2\/comments?post=70124"}],"wp:featuredmedia":[{"embeddable":true,"href":"https:\/\/occasionmachines.com\/pt\/wp-json\/wp\/v2\/media\/70170"}],"wp:attachment":[{"href":"https:\/\/occasionmachines.com\/pt\/wp-json\/wp\/v2\/media?parent=70124"}],"wp:term":[{"taxonomy":"product_brand","embeddable":true,"href":"https:\/\/occasionmachines.com\/pt\/wp-json\/wp\/v2\/product_brand?post=70124"},{"taxonomy":"product_cat","embeddable":true,"href":"https:\/\/occasionmachines.com\/pt\/wp-json\/wp\/v2\/product_cat?post=70124"},{"taxonomy":"product_tag","embeddable":true,"href":"https:\/\/occasionmachines.com\/pt\/wp-json\/wp\/v2\/product_tag?post=70124"}],"curies":[{"name":"wp","href":"https:\/\/api.w.org\/{rel}","templated":true}]}}