{"id":70126,"date":"2024-09-25T15:43:24","date_gmt":"2024-09-25T14:43:24","guid":{"rendered":"https:\/\/occasionmachines.com\/?post_type=product&#038;p=70126"},"modified":"2024-09-25T15:43:24","modified_gmt":"2024-09-25T14:43:24","slug":"radial-mas-vo50","status":"publish","type":"product","link":"https:\/\/occasionmachines.com\/pt\/produto\/radial-mas-vo50\/","title":{"rendered":"RADIAL MAS VO50"},"content":{"rendered":"<p>RADIAL MAS VO50<\/p>\n<p>Especifica\u00e7\u00f5es<br \/>\nPerfura\u00e7\u00e3o \u00d8 &#8211; 60 mm<br \/>\nConicidade do fuso<br \/>\nComprimento do bra\u00e7o &#8211; 1250 mm<br \/>\nComprimento x Largura x Altura<br \/>\n2900,0 \u00d7 1120,0 \u00d7 3400,0<br \/>\nPeso &#8211; 4200 kg<br \/>\nEstado bom<br \/>\nNas normas locais Sim<br \/>\nM\u00e1x. torneira \u00d8 M50 x 1,5 M<br \/>\nCurso pinole 310 mm<br \/>\nDist\u00e2ncia m\u00e1xima fuso &#8211; mesa 1380 mm<\/p>","protected":false},"excerpt":{"rendered":"<p>RADIAL MAS VO50 Especifica\u00e7\u00f5es Perfura\u00e7\u00e3o \u00d8 &#8211; 60 mm Conicidade do fuso Comprimento do bra\u00e7o &#8211; 1250 mm Comprimento x Largura x Altura 2900,0 \u00d7 1120,0 \u00d7 3400,0 Peso &#8211; 4200 kg Estado bom Nas normas locais Sim M\u00e1x. torneira \u00d8 M50 x 1,5 M Curso pinole 310 mm Dist\u00e2ncia m\u00e1xima fuso &#8211; mesa 1380 [&hellip;]<\/p>\n","protected":false},"featured_media":70127,"comment_status":"closed","ping_status":"closed","template":"","meta":[],"product_brand":[],"product_cat":[7720],"product_tag":[],"class_list":{"0":"post-70126","1":"product","2":"type-product","3":"status-publish","4":"has-post-thumbnail","6":"product_cat-maquinas-usadas-e-recondicionadas","8":"first","9":"instock","10":"taxable","11":"shipping-taxable","12":"product-type-simple"},"_links":{"self":[{"href":"https:\/\/occasionmachines.com\/pt\/wp-json\/wp\/v2\/product\/70126","targetHints":{"allow":["GET"]}}],"collection":[{"href":"https:\/\/occasionmachines.com\/pt\/wp-json\/wp\/v2\/product"}],"about":[{"href":"https:\/\/occasionmachines.com\/pt\/wp-json\/wp\/v2\/types\/product"}],"replies":[{"embeddable":true,"href":"https:\/\/occasionmachines.com\/pt\/wp-json\/wp\/v2\/comments?post=70126"}],"wp:featuredmedia":[{"embeddable":true,"href":"https:\/\/occasionmachines.com\/pt\/wp-json\/wp\/v2\/media\/70127"}],"wp:attachment":[{"href":"https:\/\/occasionmachines.com\/pt\/wp-json\/wp\/v2\/media?parent=70126"}],"wp:term":[{"taxonomy":"product_brand","embeddable":true,"href":"https:\/\/occasionmachines.com\/pt\/wp-json\/wp\/v2\/product_brand?post=70126"},{"taxonomy":"product_cat","embeddable":true,"href":"https:\/\/occasionmachines.com\/pt\/wp-json\/wp\/v2\/product_cat?post=70126"},{"taxonomy":"product_tag","embeddable":true,"href":"https:\/\/occasionmachines.com\/pt\/wp-json\/wp\/v2\/product_tag?post=70126"}],"curies":[{"name":"wp","href":"https:\/\/api.w.org\/{rel}","templated":true}]}}