{"id":70189,"date":"2024-09-30T11:50:36","date_gmt":"2024-09-30T10:50:36","guid":{"rendered":"https:\/\/occasionmachines.com\/?post_type=product&#038;p=70189"},"modified":"2024-09-30T11:50:38","modified_gmt":"2024-09-30T10:50:38","slug":"cnc-deckel-dmc70v-hi-dyn","status":"publish","type":"product","link":"https:\/\/occasionmachines.com\/pt\/produto\/cnc-deckel-dmc70v-hi-dyn\/","title":{"rendered":"CNC Deckel dmc70v HI-DYN"},"content":{"rendered":"<p>CNC Deckel dmc70v HI-DYN<\/p>\n<div><\/div>\n<div>Classe: CENTRO DE USINAGEM VERTICAL<\/p>\n<p>Marca: DECKEL MAHO<\/p>\n<p>Modelo\/Tipo: DMC 70V hi-dyn<\/p>\n<p>Ano: 10\/1999<\/p>\n<p>Comando: HEIDENHAIN TMC 426<\/p>\n<p>Velocidade do fuso: 0 &#8211; 18.000 RPM<\/p>\n<p>Tamanho da mesa: 900 x 550 mm<\/p>\n<p>M\u00e1x. peso \u00e0 mesa: 800 kg<\/p>\n<p>Altura da mesa: 590 mm<\/p>\n<p>Dist\u00e2ncia mesa\/fuso: m\u00edn. 150mm; m\u00e1x. 650 mm<\/p>\n<p>Paleta: x2<\/p>\n<p>Tamanho da paleta: 900 x 550 mm<\/p>\n<p>Peso na paleta: 600 kg<\/p>\n<p>Altura da paleta (m\u00e1x.): 490 mm<\/p>\n<p>Dist\u00e2ncia paleta\/fuso: m\u00edn. 50mm; m\u00e1x. 550 mm<\/p>\n<p>Eixos de deslocamento XYZ: 700 x 550 x 500 mm<\/p>\n<p>Velocidade de avan\u00e7o (eixos XYZ): 1 &#8211; 50.000 mm\/min<\/p>\n<p>Taxa r\u00e1pida (eixos XYZ): 50.000 mm\/min<\/p>\n<p>Impulso do veio (100% DC): 7000 N (eixos XY); 10.000 N (eixo Z)<\/p>\n<p>Trocador de ferramentas: 30 FERRAMENTAS + 1<\/p><\/div>\n<div><\/div>\n<p><\/p>","protected":false},"excerpt":{"rendered":"<p>CNC Deckel dmc70v HI-DYN Classe: CENTRO DE USINAGEM VERTICAL Marca: DECKEL MAHO Modelo\/Tipo: DMC 70V hi-dyn Ano: 10\/1999 Comando: HEIDENHAIN TMC 426 Velocidade do fuso: 0 &#8211; 18.000 RPM Tamanho da mesa: 900 x 550 mm M\u00e1x. peso \u00e0 mesa: 800 kg Altura da mesa: 590 mm Dist\u00e2ncia mesa\/fuso: m\u00edn. 150mm; m\u00e1x. 650 mm Paleta: [&hellip;]<\/p>\n","protected":false},"featured_media":70209,"comment_status":"closed","ping_status":"closed","template":"","meta":[],"product_brand":[],"product_cat":[7746,7733],"product_tag":[],"class_list":{"0":"post-70189","1":"product","2":"type-product","3":"status-publish","4":"has-post-thumbnail","6":"product_cat-acessorios-e-ferramentas-usadas","7":"product_cat-centros-de-maquinacao","9":"first","10":"instock","11":"taxable","12":"shipping-taxable","13":"product-type-simple"},"_links":{"self":[{"href":"https:\/\/occasionmachines.com\/pt\/wp-json\/wp\/v2\/product\/70189","targetHints":{"allow":["GET"]}}],"collection":[{"href":"https:\/\/occasionmachines.com\/pt\/wp-json\/wp\/v2\/product"}],"about":[{"href":"https:\/\/occasionmachines.com\/pt\/wp-json\/wp\/v2\/types\/product"}],"replies":[{"embeddable":true,"href":"https:\/\/occasionmachines.com\/pt\/wp-json\/wp\/v2\/comments?post=70189"}],"wp:featuredmedia":[{"embeddable":true,"href":"https:\/\/occasionmachines.com\/pt\/wp-json\/wp\/v2\/media\/70209"}],"wp:attachment":[{"href":"https:\/\/occasionmachines.com\/pt\/wp-json\/wp\/v2\/media?parent=70189"}],"wp:term":[{"taxonomy":"product_brand","embeddable":true,"href":"https:\/\/occasionmachines.com\/pt\/wp-json\/wp\/v2\/product_brand?post=70189"},{"taxonomy":"product_cat","embeddable":true,"href":"https:\/\/occasionmachines.com\/pt\/wp-json\/wp\/v2\/product_cat?post=70189"},{"taxonomy":"product_tag","embeddable":true,"href":"https:\/\/occasionmachines.com\/pt\/wp-json\/wp\/v2\/product_tag?post=70189"}],"curies":[{"name":"wp","href":"https:\/\/api.w.org\/{rel}","templated":true}]}}