{"id":70250,"date":"2024-09-30T16:24:43","date_gmt":"2024-09-30T15:24:43","guid":{"rendered":"https:\/\/occasionmachines.com\/?post_type=product&#038;p=70250"},"modified":"2024-10-02T15:17:10","modified_gmt":"2024-10-02T14:17:10","slug":"maquina-de-injecao-bole-bl280eks","status":"publish","type":"product","link":"https:\/\/occasionmachines.com\/pt\/produto\/maquina-de-injecao-bole-bl280eks\/","title":{"rendered":"M\u00e1quina de Inje\u00e7\u00e3o BOLE BL280EKS"},"content":{"rendered":"<p>M\u00e1quina de Inje\u00e7\u00e3o BOLE BL280EKS<\/p>\n<p>Especifica\u00e7\u00f5es da m\u00e1quina modelo:<\/p>\n<p>Unidade de inje\u00e7\u00e3o aa \/ a \/ b \/ c<br \/>\nDi\u00e2metro do fuso\/ screw diameter mm 50 \/ 55 \/ 60 \/ 65<br \/>\nRela\u00e7\u00e3o fuso l\/d\/ screw l\/d ratio l\/d 20 \/ 23 \/ 23 \/ 23<br \/>\nVolume de inje\u00e7\u00e3o (te\u00f3rico)\/ shot volume (theoretical) cm\u00b3 569 \/ 689 \/ 820 \/ 962<br \/>\nPeso de inje\u00e7\u00e3o (ps)\/ injection weight (ps) g 524 \/ 634 \/ 754 \/ 885<br \/>\nCapacidade de inje\u00e7\u00e3o\/ injection rate cm\u00b3\/s 192 \/ 232 \/ 276 \/ 324<br \/>\nPress\u00e3o de inje\u00e7\u00e3o\/ injection pressure mpa 256 \/ 211 \/ 178 \/ 151<br \/>\nCurso de inje\u00e7\u00e3o\/ injection stroke mm 290<br \/>\nVelocidade de inje\u00e7\u00e3o (m\u00e1x.) \/ max. Injection speed mm\/s 98<br \/>\nVelocidade do fuso\/ screw speed rpm 210<\/p>\n<p>Unidade de fecho<br \/>\nFor\u00e7a de fecho\/ clamping force kn 2800<br \/>\nCurso de aperto\/ mold opening stroke mm 580<br \/>\nEspa\u00e7o entre colunas\/ space between tie bars mm 660 x 610<br \/>\nEspess. Min. Molde\/ min. Mold height mm 240<br \/>\nEspess. M\u00e1x. Molde\/ max. Mold height mm 680<br \/>\nM\u00e1x. Dist\u00e2ncia entre pratos\/ max. Distance platen mm 1260<br \/>\nCurso de extra\u00e7\u00e3o\/ ejector stroke mm 190<br \/>\nFor\u00e7a extra\u00e7\u00e3o avan\u00e7o\/ ejector force forward kn 68<br \/>\nFor\u00e7a extra\u00e7\u00e3o recuo\/ ejector force back kn 44<br \/>\nN\u00famero de extratores\/ number of ejector bar pc 13<\/p>\n<p>Unidade de pot\u00eancia<br \/>\nPress\u00e3o m\u00e1x. Bomba\/ max pump pressure mpa 17.5<br \/>\nPot\u00eancia motor bomba\/ power of pump motor kw 26.7<br \/>\nPot\u00eancia de aquecimento\/ power of electric heating kw 18.5 18.5 21.0 23.0<br \/>\nN\u00ba zonas de aquecimento\/ no. Of temp. Control zones # 5+1<\/p>\n<p>Outros<br \/>\nBon\u00e9. Tremonha\/espera capacidade kg 50<br \/>\nBon\u00e9. Dep\u00f3sito \u00f3leo\/capacidade do dep\u00f3sito de \u00f3leo l 350<br \/>\nDimens\u00f5es m\u00e1q. (cxlxa)\/ dimens\u00f5es da m\u00e1quina (l\u00d7w\u00d7h) mxmxm 6,6 \u00d7 1,8 \u00d7 2,4<br \/>\nPeso da m\u00e1quina\/ peso da m\u00e1quina ton 9,0<\/p>\n<p>Transporte inclu\u00eddo por cota\u00e7\u00e3o<\/p>","protected":false},"excerpt":{"rendered":"<p>M\u00e1quina de Inje\u00e7\u00e3o BOLE BL280EKS Especifica\u00e7\u00f5es da m\u00e1quina modelo: Unidade de inje\u00e7\u00e3o aa \/ a \/ b \/ c Di\u00e2metro do fuso\/ screw diameter mm 50 \/ 55 \/ 60 \/ 65 Rela\u00e7\u00e3o fuso l\/d\/ screw l\/d ratio l\/d 20 \/ 23 \/ 23 \/ 23 Volume de inje\u00e7\u00e3o (te\u00f3rico)\/ shot volume (theoretical) cm\u00b3 569 [&hellip;]<\/p>\n","protected":false},"featured_media":70255,"comment_status":"closed","ping_status":"closed","template":"","meta":[],"product_brand":[],"product_cat":[7843,7720],"product_tag":[],"class_list":{"0":"post-70250","1":"product","2":"type-product","3":"status-publish","4":"has-post-thumbnail","6":"product_cat-maquinas-de-injecao","7":"product_cat-maquinas-usadas-e-recondicionadas","9":"first","10":"instock","11":"taxable","12":"shipping-taxable","13":"product-type-simple"},"_links":{"self":[{"href":"https:\/\/occasionmachines.com\/pt\/wp-json\/wp\/v2\/product\/70250","targetHints":{"allow":["GET"]}}],"collection":[{"href":"https:\/\/occasionmachines.com\/pt\/wp-json\/wp\/v2\/product"}],"about":[{"href":"https:\/\/occasionmachines.com\/pt\/wp-json\/wp\/v2\/types\/product"}],"replies":[{"embeddable":true,"href":"https:\/\/occasionmachines.com\/pt\/wp-json\/wp\/v2\/comments?post=70250"}],"wp:featuredmedia":[{"embeddable":true,"href":"https:\/\/occasionmachines.com\/pt\/wp-json\/wp\/v2\/media\/70255"}],"wp:attachment":[{"href":"https:\/\/occasionmachines.com\/pt\/wp-json\/wp\/v2\/media?parent=70250"}],"wp:term":[{"taxonomy":"product_brand","embeddable":true,"href":"https:\/\/occasionmachines.com\/pt\/wp-json\/wp\/v2\/product_brand?post=70250"},{"taxonomy":"product_cat","embeddable":true,"href":"https:\/\/occasionmachines.com\/pt\/wp-json\/wp\/v2\/product_cat?post=70250"},{"taxonomy":"product_tag","embeddable":true,"href":"https:\/\/occasionmachines.com\/pt\/wp-json\/wp\/v2\/product_tag?post=70250"}],"curies":[{"name":"wp","href":"https:\/\/api.w.org\/{rel}","templated":true}]}}