{"id":70273,"date":"2024-09-30T16:40:55","date_gmt":"2024-09-30T15:40:55","guid":{"rendered":"https:\/\/occasionmachines.com\/?post_type=product&#038;p=70273"},"modified":"2024-09-30T16:40:58","modified_gmt":"2024-09-30T15:40:58","slug":"maquina-de-injecao-bole-bl-350eks","status":"publish","type":"product","link":"https:\/\/occasionmachines.com\/pt\/produto\/maquina-de-injecao-bole-bl-350eks\/","title":{"rendered":"M\u00e1quina de inje\u00e7\u00e3o BOLE BL 350EKS"},"content":{"rendered":"<p>M\u00e1quina de inje\u00e7\u00e3o BOLE BL 350EKS<\/p>\n<p>Especifica\u00e7\u00f5es da m\u00e1quina modelo:<\/p>\n<p>Unidade de inje\u00e7\u00e3o a \/ b \/ c \/ d<br \/>\nDi\u00e2metro do fuso\/ screw diameter mm 60 \/ 65 \/ 75 \/ 80<br \/>\nRela\u00e7\u00e3o fuso l\/d\/ screw l\/d ratio l\/d 23 \/ 23 \/ 23 \/ 21.3<br \/>\nVolume de inje\u00e7\u00e3o (te\u00f3rico)\/ shot volume (theoretical) cm\u00b3 918 \/ 1078 \/ 1435 \/ 1633<br \/>\nPeso de inje\u00e7\u00e3o (ps)\/ injection weight (ps) g 845 \/ 992 \/ 1320 \/ 1502<br \/>\nCapacidade de inje\u00e7\u00e3o\/ injection rate cm\u00b3\/s 271 \/ 318 \/ 423 \/ 481<br \/>\nPress\u00e3o de inje\u00e7\u00e3o\/ injection pressure mpa 226 \/ 193 \/ 145 \/ 127<br \/>\nCurso de inje\u00e7\u00e3o\/ injection stroke mm 325<br \/>\nVelocidade de inje\u00e7\u00e3o (m\u00e1x.) \/ max. Injection speed mm\/s 96<br \/>\nVelocidade do fuso\/ screw speed rpm 175<\/p>\n<p>Unidade de fecho<br \/>\nFor\u00e7a de fecho\/ clamping force kn 3500<br \/>\nCurso de aperto\/ mold opening stroke mm 660<br \/>\nEspa\u00e7o entre colunas\/ space between tie bars mm 710 x 660<br \/>\nEspess. Min. Molde\/ min. Mold height mm 270<br \/>\nEspess. M\u00e1x. Molde\/ max. Mold height mm 720<br \/>\nM\u00e1x. Dist\u00e2ncia entre pratos\/ max. Distance platen mm 1380<br \/>\nCurso de extra\u00e7\u00e3o\/ ejector stroke mm 190<br \/>\nFor\u00e7a extra\u00e7\u00e3o avan\u00e7o\/ ejector force forward kn 68<br \/>\nFor\u00e7a extra\u00e7\u00e3o recuo\/ ejector force back kn 44<br \/>\nN\u00famero de extratores\/ number of ejector bar pc 13<\/p>\n<p>Unidade de pot\u00eancia<br \/>\nPress\u00e3o m\u00e1x. Bomba\/ max pump pressure mpa 17.5<br \/>\nPot\u00eancia motor bomba\/ power of pump motor kw 40.9<br \/>\nPot\u00eancia de aquecimento\/ power of electric heating kw 21.8 24.0 26.2 26.2<br \/>\nN\u00ba zonas de aquecimento\/ no. Of temp. Control zones # 4+1<\/p>\n<p>Outros\/ others<br \/>\nCap. Tremonha\/ hoper capacity kg 50<br \/>\nCap. Tanque \u00f3leo\/ oil tank capacity l 420<br \/>\nDimens\u00f5es m\u00e1q. (cxlxa)\/ machine dimensions (l\u00d7w\u00d7h) mxmxm 7.4 \u00d7 2.0 \u00d7 2.5<br \/>\nPeso da m\u00e1quina\/ machine weight ton 12.5<\/p>\n<p>Transporte Inclu\u00eddo por cota\u00e7\u00e3o<\/p>","protected":false},"excerpt":{"rendered":"<p>M\u00e1quina de inje\u00e7\u00e3o BOLE BL 350EKS Especifica\u00e7\u00f5es da m\u00e1quina modelo: Unidade de inje\u00e7\u00e3o a \/ b \/ c \/ d Di\u00e2metro do fuso\/ screw diameter mm 60 \/ 65 \/ 75 \/ 80 Rela\u00e7\u00e3o fuso l\/d\/ screw l\/d ratio l\/d 23 \/ 23 \/ 23 \/ 21.3 Volume de inje\u00e7\u00e3o (te\u00f3rico)\/ shot volume (theoretical) cm\u00b3 [&hellip;]<\/p>\n","protected":false},"featured_media":70285,"comment_status":"closed","ping_status":"closed","template":"","meta":[],"product_brand":[],"product_cat":[7843,7720],"product_tag":[],"class_list":{"0":"post-70273","1":"product","2":"type-product","3":"status-publish","4":"has-post-thumbnail","6":"product_cat-maquinas-de-injecao","7":"product_cat-maquinas-usadas-e-recondicionadas","9":"first","10":"instock","11":"taxable","12":"shipping-taxable","13":"product-type-simple"},"_links":{"self":[{"href":"https:\/\/occasionmachines.com\/pt\/wp-json\/wp\/v2\/product\/70273","targetHints":{"allow":["GET"]}}],"collection":[{"href":"https:\/\/occasionmachines.com\/pt\/wp-json\/wp\/v2\/product"}],"about":[{"href":"https:\/\/occasionmachines.com\/pt\/wp-json\/wp\/v2\/types\/product"}],"replies":[{"embeddable":true,"href":"https:\/\/occasionmachines.com\/pt\/wp-json\/wp\/v2\/comments?post=70273"}],"wp:featuredmedia":[{"embeddable":true,"href":"https:\/\/occasionmachines.com\/pt\/wp-json\/wp\/v2\/media\/70285"}],"wp:attachment":[{"href":"https:\/\/occasionmachines.com\/pt\/wp-json\/wp\/v2\/media?parent=70273"}],"wp:term":[{"taxonomy":"product_brand","embeddable":true,"href":"https:\/\/occasionmachines.com\/pt\/wp-json\/wp\/v2\/product_brand?post=70273"},{"taxonomy":"product_cat","embeddable":true,"href":"https:\/\/occasionmachines.com\/pt\/wp-json\/wp\/v2\/product_cat?post=70273"},{"taxonomy":"product_tag","embeddable":true,"href":"https:\/\/occasionmachines.com\/pt\/wp-json\/wp\/v2\/product_tag?post=70273"}],"curies":[{"name":"wp","href":"https:\/\/api.w.org\/{rel}","templated":true}]}}