{"id":70367,"date":"2024-10-17T11:53:24","date_gmt":"2024-10-17T10:53:24","guid":{"rendered":"https:\/\/occasionmachines.com\/?post_type=product&#038;p=70367"},"modified":"2025-02-03T14:56:18","modified_gmt":"2025-02-03T14:56:18","slug":"avanco-rapido-para-fresadora-2","status":"publish","type":"product","link":"https:\/\/occasionmachines.com\/pt\/produto\/avanco-rapido-para-fresadora-2\/","title":{"rendered":"Avan\u00e7o R\u00e1pido para Fresadora"},"content":{"rendered":"<p><\/p>\n<div>Avan\u00e7o R\u00e1pido para Fresadora<\/div>\n<div><\/div>\n<div>Modelo: AL &#8211; 310S (X, Y,)<\/div>\n<div>A pot\u00eancia do motor principal: 130W<\/div>\n<div>Faixa de velocidade: 0-200<\/div>\n<div>Velocidade m\u00e1xima: 200 RPM<\/div>\n<div>O torque m\u00e1ximo: 450in- lb<\/div>\n<div>Exig\u00eancia do poder: AC110V<\/div>\n<div><\/div>\n<div data-spm-anchor-id=\"a2g0o.detail.1000023.i0.70ef5073GTWyxT\">Modelo adequado:<\/div>\n<div data-spm-anchor-id=\"a2g0o.detail.1000023.i0.70ef5073GTWyxT\">&#8211; fresadora vertical torre,<\/div>\n<div data-spm-anchor-id=\"a2g0o.detail.1000023.i0.70ef5073GTWyxT\">&#8211; m\u00e1quina de perfura\u00e7\u00e3o<\/div>\n<div data-spm-anchor-id=\"a2g0o.detail.1000023.i0.70ef5073GTWyxT\">&#8211; fresagem e outras m\u00e1quinas<\/div>\n<p><\/p>","protected":false},"excerpt":{"rendered":"<p>Avan\u00e7o R\u00e1pido para Fresadora Modelo: AL &#8211; 310S (X, Y,) A pot\u00eancia do motor principal: 130W Faixa de velocidade: 0-200 Velocidade m\u00e1xima: 200 RPM O torque m\u00e1ximo: 450in- lb Exig\u00eancia do poder: AC110V Modelo adequado: &#8211; fresadora vertical torre, &#8211; m\u00e1quina de perfura\u00e7\u00e3o &#8211; fresagem e outras m\u00e1quinas<\/p>\n","protected":false},"featured_media":70371,"comment_status":"closed","ping_status":"closed","template":"","meta":[],"product_brand":[],"product_cat":[7746,7720],"product_tag":[],"class_list":{"0":"post-70367","1":"product","2":"type-product","3":"status-publish","4":"has-post-thumbnail","6":"product_cat-acessorios-e-ferramentas-usadas","7":"product_cat-maquinas-usadas-e-recondicionadas","9":"first","10":"instock","11":"taxable","12":"shipping-taxable","13":"purchasable","14":"product-type-simple"},"_links":{"self":[{"href":"https:\/\/occasionmachines.com\/pt\/wp-json\/wp\/v2\/product\/70367","targetHints":{"allow":["GET"]}}],"collection":[{"href":"https:\/\/occasionmachines.com\/pt\/wp-json\/wp\/v2\/product"}],"about":[{"href":"https:\/\/occasionmachines.com\/pt\/wp-json\/wp\/v2\/types\/product"}],"replies":[{"embeddable":true,"href":"https:\/\/occasionmachines.com\/pt\/wp-json\/wp\/v2\/comments?post=70367"}],"wp:featuredmedia":[{"embeddable":true,"href":"https:\/\/occasionmachines.com\/pt\/wp-json\/wp\/v2\/media\/70371"}],"wp:attachment":[{"href":"https:\/\/occasionmachines.com\/pt\/wp-json\/wp\/v2\/media?parent=70367"}],"wp:term":[{"taxonomy":"product_brand","embeddable":true,"href":"https:\/\/occasionmachines.com\/pt\/wp-json\/wp\/v2\/product_brand?post=70367"},{"taxonomy":"product_cat","embeddable":true,"href":"https:\/\/occasionmachines.com\/pt\/wp-json\/wp\/v2\/product_cat?post=70367"},{"taxonomy":"product_tag","embeddable":true,"href":"https:\/\/occasionmachines.com\/pt\/wp-json\/wp\/v2\/product_tag?post=70367"}],"curies":[{"name":"wp","href":"https:\/\/api.w.org\/{rel}","templated":true}]}}