{"id":70412,"date":"2024-11-28T18:02:07","date_gmt":"2024-11-28T18:02:07","guid":{"rendered":"https:\/\/occasionmachines.com\/?post_type=product&#038;p=70412"},"modified":"2024-11-28T18:02:09","modified_gmt":"2024-11-28T18:02:09","slug":"cabeca-angular-de-alta-rotacao-hs9000","status":"publish","type":"product","link":"https:\/\/occasionmachines.com\/pt\/produto\/cabeca-angular-de-alta-rotacao-hs9000\/","title":{"rendered":"Cabe\u00e7a Angular de alta rota\u00e7\u00e3o HS9000"},"content":{"rendered":"<p>Cabe\u00e7a Angular de alta rota\u00e7\u00e3o HS9000<\/p>\n<p>Envio nacional 30\u20ac<\/p>","protected":false},"excerpt":{"rendered":"<p>Cabe\u00e7a Angular de alta rota\u00e7\u00e3o HS9000 Envio nacional 30\u20ac<\/p>\n","protected":false},"featured_media":70413,"comment_status":"closed","ping_status":"closed","template":"","meta":[],"product_brand":[],"product_cat":[7746,7720],"product_tag":[],"class_list":{"0":"post-70412","1":"product","2":"type-product","3":"status-publish","4":"has-post-thumbnail","6":"product_cat-acessorios-e-ferramentas-usadas","7":"product_cat-maquinas-usadas-e-recondicionadas","8":"product_shipping_class-ferramentas-medias","10":"first","11":"instock","12":"taxable","13":"shipping-taxable","14":"purchasable","15":"product-type-simple"},"_links":{"self":[{"href":"https:\/\/occasionmachines.com\/pt\/wp-json\/wp\/v2\/product\/70412","targetHints":{"allow":["GET"]}}],"collection":[{"href":"https:\/\/occasionmachines.com\/pt\/wp-json\/wp\/v2\/product"}],"about":[{"href":"https:\/\/occasionmachines.com\/pt\/wp-json\/wp\/v2\/types\/product"}],"replies":[{"embeddable":true,"href":"https:\/\/occasionmachines.com\/pt\/wp-json\/wp\/v2\/comments?post=70412"}],"wp:featuredmedia":[{"embeddable":true,"href":"https:\/\/occasionmachines.com\/pt\/wp-json\/wp\/v2\/media\/70413"}],"wp:attachment":[{"href":"https:\/\/occasionmachines.com\/pt\/wp-json\/wp\/v2\/media?parent=70412"}],"wp:term":[{"taxonomy":"product_brand","embeddable":true,"href":"https:\/\/occasionmachines.com\/pt\/wp-json\/wp\/v2\/product_brand?post=70412"},{"taxonomy":"product_cat","embeddable":true,"href":"https:\/\/occasionmachines.com\/pt\/wp-json\/wp\/v2\/product_cat?post=70412"},{"taxonomy":"product_tag","embeddable":true,"href":"https:\/\/occasionmachines.com\/pt\/wp-json\/wp\/v2\/product_tag?post=70412"}],"curies":[{"name":"wp","href":"https:\/\/api.w.org\/{rel}","templated":true}]}}