{"id":70469,"date":"2024-12-23T15:01:56","date_gmt":"2024-12-23T15:01:56","guid":{"rendered":"https:\/\/occasionmachines.com\/?post_type=product&#038;p=70469"},"modified":"2026-01-14T11:58:28","modified_gmt":"2026-01-14T11:58:28","slug":"cnc-horizontal-matsura-nigata","status":"publish","type":"product","link":"https:\/\/occasionmachines.com\/pt\/produto\/cnc-horizontal-matsura-nigata\/","title":{"rendered":"CNC horizontal Matsura Nigata"},"content":{"rendered":"<p>CNC horizontal Matsura Nigata<\/p>\n<p>N.\u00ba de paletes 2<br \/>\nEixo X 600 mm<br \/>\nEixo Y 580 mm<br \/>\nEixo Z 560 mm<br \/>\nCNC Fanuc 16i M<br \/>\nComprimento da palete 497,8 mm<br \/>\nLargura da palete 497,8 mm<br \/>\nN\u00famero de ferramentas 60<br \/>\nCone do fuso HSK100<br \/>\nVelocidade de rota\u00e7\u00e3o do fuso 15000 rpm<br \/>\nPot\u00eancia do motor do fuso 29,8 kW<br \/>\nMade in Japan<\/p>\n<p>Carregamento inclu\u00eddo transporte por cota\u00e7\u00e3o<\/p>","protected":false},"excerpt":{"rendered":"<p>CNC horizontal Matsura Nigata N.\u00ba de paletes 2 Eixo X 600 mm Eixo Y 580 mm Eixo Z 560 mm CNC Fanuc 16i M Comprimento da palete 497,8 mm Largura da palete 497,8 mm N\u00famero de ferramentas 60 Cone do fuso HSK100 Velocidade de rota\u00e7\u00e3o do fuso 15000 rpm Pot\u00eancia do motor do fuso 29,8 [&hellip;]<\/p>\n","protected":false},"featured_media":70472,"comment_status":"closed","ping_status":"closed","template":"","meta":[],"product_brand":[],"product_cat":[7733,7720],"product_tag":[],"class_list":{"0":"post-70469","1":"product","2":"type-product","3":"status-publish","4":"has-post-thumbnail","6":"product_cat-centros-de-maquinacao","7":"product_cat-maquinas-usadas-e-recondicionadas","8":"product_shipping_class-maquinas-grandes","10":"first","11":"instock","12":"taxable","13":"shipping-taxable","14":"purchasable","15":"product-type-simple"},"_links":{"self":[{"href":"https:\/\/occasionmachines.com\/pt\/wp-json\/wp\/v2\/product\/70469","targetHints":{"allow":["GET"]}}],"collection":[{"href":"https:\/\/occasionmachines.com\/pt\/wp-json\/wp\/v2\/product"}],"about":[{"href":"https:\/\/occasionmachines.com\/pt\/wp-json\/wp\/v2\/types\/product"}],"replies":[{"embeddable":true,"href":"https:\/\/occasionmachines.com\/pt\/wp-json\/wp\/v2\/comments?post=70469"}],"wp:featuredmedia":[{"embeddable":true,"href":"https:\/\/occasionmachines.com\/pt\/wp-json\/wp\/v2\/media\/70472"}],"wp:attachment":[{"href":"https:\/\/occasionmachines.com\/pt\/wp-json\/wp\/v2\/media?parent=70469"}],"wp:term":[{"taxonomy":"product_brand","embeddable":true,"href":"https:\/\/occasionmachines.com\/pt\/wp-json\/wp\/v2\/product_brand?post=70469"},{"taxonomy":"product_cat","embeddable":true,"href":"https:\/\/occasionmachines.com\/pt\/wp-json\/wp\/v2\/product_cat?post=70469"},{"taxonomy":"product_tag","embeddable":true,"href":"https:\/\/occasionmachines.com\/pt\/wp-json\/wp\/v2\/product_tag?post=70469"}],"curies":[{"name":"wp","href":"https:\/\/api.w.org\/{rel}","templated":true}]}}