{"id":70492,"date":"2024-12-23T15:54:45","date_gmt":"2024-12-23T15:54:45","guid":{"rendered":"https:\/\/occasionmachines.com\/?post_type=product&#038;p=70492"},"modified":"2024-12-23T15:54:46","modified_gmt":"2024-12-23T15:54:46","slug":"torno-mecanico-graziano-sag210n","status":"publish","type":"product","link":"https:\/\/occasionmachines.com\/pt\/produto\/torno-mecanico-graziano-sag210n\/","title":{"rendered":"Torno Mec\u00e2nico graziano Sag210n"},"content":{"rendered":"<p>Torno Mec\u00e2nico graziano Sag210n<\/p>\n<div dir=\"auto\"><\/div>\n<div dir=\"auto\">TORNO<\/div>\n<div dir=\"auto\"><\/div>\n<div dir=\"auto\">Marca: GRAZIANO (It\u00e1lia)<\/div>\n<div dir=\"auto\"><\/div>\n<div dir=\"auto\">Modelo: SAG 210 N<\/div>\n<div dir=\"auto\"><\/div>\n<div dir=\"auto\">Altura central: 420 mm Di\u00e2metro<\/div>\n<div dir=\"auto\">Dist\u00e2ncia entre centros: 1000 mm<\/div>\n<div dir=\"auto\">Di\u00e2metro do fuso: 57 mm<\/div>\n<div dir=\"auto\">A M\u00c1QUINA EST\u00c1 COMPLETA DE TODOS OS ACESS\u00d3RIOS<\/div>\n<div dir=\"auto\"><\/div>\n<div dir=\"auto\">Carregamento inclu\u00eddo transporte por cota\u00e7\u00e3o<\/div>\n<p><\/p>","protected":false},"excerpt":{"rendered":"<p>Torno Mec\u00e2nico graziano Sag210n TORNO Marca: GRAZIANO (It\u00e1lia) Modelo: SAG 210 N Altura central: 420 mm Di\u00e2metro Dist\u00e2ncia entre centros: 1000 mm Di\u00e2metro do fuso: 57 mm A M\u00c1QUINA EST\u00c1 COMPLETA DE TODOS OS ACESS\u00d3RIOS Carregamento inclu\u00eddo transporte por cota\u00e7\u00e3o<\/p>\n","protected":false},"featured_media":70494,"comment_status":"closed","ping_status":"closed","template":"","meta":[],"product_brand":[],"product_cat":[7720,7721,1836],"product_tag":[],"class_list":{"0":"post-70492","1":"product","2":"type-product","3":"status-publish","4":"has-post-thumbnail","6":"product_cat-maquinas-usadas-e-recondicionadas","7":"product_cat-tornos-mecanicos-usados","8":"product_cat-torno-mecanico","9":"product_shipping_class-maquinas-grandes","11":"first","12":"instock","13":"taxable","14":"shipping-taxable","15":"purchasable","16":"product-type-simple"},"_links":{"self":[{"href":"https:\/\/occasionmachines.com\/pt\/wp-json\/wp\/v2\/product\/70492","targetHints":{"allow":["GET"]}}],"collection":[{"href":"https:\/\/occasionmachines.com\/pt\/wp-json\/wp\/v2\/product"}],"about":[{"href":"https:\/\/occasionmachines.com\/pt\/wp-json\/wp\/v2\/types\/product"}],"replies":[{"embeddable":true,"href":"https:\/\/occasionmachines.com\/pt\/wp-json\/wp\/v2\/comments?post=70492"}],"wp:featuredmedia":[{"embeddable":true,"href":"https:\/\/occasionmachines.com\/pt\/wp-json\/wp\/v2\/media\/70494"}],"wp:attachment":[{"href":"https:\/\/occasionmachines.com\/pt\/wp-json\/wp\/v2\/media?parent=70492"}],"wp:term":[{"taxonomy":"product_brand","embeddable":true,"href":"https:\/\/occasionmachines.com\/pt\/wp-json\/wp\/v2\/product_brand?post=70492"},{"taxonomy":"product_cat","embeddable":true,"href":"https:\/\/occasionmachines.com\/pt\/wp-json\/wp\/v2\/product_cat?post=70492"},{"taxonomy":"product_tag","embeddable":true,"href":"https:\/\/occasionmachines.com\/pt\/wp-json\/wp\/v2\/product_tag?post=70492"}],"curies":[{"name":"wp","href":"https:\/\/api.w.org\/{rel}","templated":true}]}}