{"id":70527,"date":"2024-12-27T16:46:40","date_gmt":"2024-12-27T16:46:40","guid":{"rendered":"https:\/\/occasionmachines.com\/?post_type=product&#038;p=70527"},"modified":"2024-12-27T16:46:41","modified_gmt":"2024-12-27T16:46:41","slug":"bancada-de-trabalho-com-torno","status":"publish","type":"product","link":"https:\/\/occasionmachines.com\/pt\/produto\/bancada-de-trabalho-com-torno\/","title":{"rendered":"Bancada de trabalho com torno"},"content":{"rendered":"<p>Bancada de trabalho com torno de aperto e plano em bom estado<\/p>\n<p>Carregamento inclu\u00eddo transporte por cota\u00e7\u00e3o<\/p>","protected":false},"excerpt":{"rendered":"<p>Bancada de trabalho com torno de aperto e plano em bom estado Carregamento inclu\u00eddo transporte por cota\u00e7\u00e3o<\/p>\n","protected":false},"featured_media":70530,"comment_status":"closed","ping_status":"closed","template":"","meta":[],"product_brand":[],"product_cat":[7746,7720],"product_tag":[],"class_list":{"0":"post-70527","1":"product","2":"type-product","3":"status-publish","4":"has-post-thumbnail","6":"product_cat-acessorios-e-ferramentas-usadas","7":"product_cat-maquinas-usadas-e-recondicionadas","8":"product_shipping_class-ferramentas-medias","10":"first","11":"instock","12":"taxable","13":"shipping-taxable","14":"purchasable","15":"product-type-simple"},"_links":{"self":[{"href":"https:\/\/occasionmachines.com\/pt\/wp-json\/wp\/v2\/product\/70527","targetHints":{"allow":["GET"]}}],"collection":[{"href":"https:\/\/occasionmachines.com\/pt\/wp-json\/wp\/v2\/product"}],"about":[{"href":"https:\/\/occasionmachines.com\/pt\/wp-json\/wp\/v2\/types\/product"}],"replies":[{"embeddable":true,"href":"https:\/\/occasionmachines.com\/pt\/wp-json\/wp\/v2\/comments?post=70527"}],"wp:featuredmedia":[{"embeddable":true,"href":"https:\/\/occasionmachines.com\/pt\/wp-json\/wp\/v2\/media\/70530"}],"wp:attachment":[{"href":"https:\/\/occasionmachines.com\/pt\/wp-json\/wp\/v2\/media?parent=70527"}],"wp:term":[{"taxonomy":"product_brand","embeddable":true,"href":"https:\/\/occasionmachines.com\/pt\/wp-json\/wp\/v2\/product_brand?post=70527"},{"taxonomy":"product_cat","embeddable":true,"href":"https:\/\/occasionmachines.com\/pt\/wp-json\/wp\/v2\/product_cat?post=70527"},{"taxonomy":"product_tag","embeddable":true,"href":"https:\/\/occasionmachines.com\/pt\/wp-json\/wp\/v2\/product_tag?post=70527"}],"curies":[{"name":"wp","href":"https:\/\/api.w.org\/{rel}","templated":true}]}}