{"id":70548,"date":"2025-01-03T16:27:24","date_gmt":"2025-01-03T16:27:24","guid":{"rendered":"https:\/\/occasionmachines.com\/?post_type=product&#038;p=70548"},"modified":"2025-01-03T16:27:25","modified_gmt":"2025-01-03T16:27:25","slug":"cones-iso-50-ferramentas","status":"publish","type":"product","link":"https:\/\/occasionmachines.com\/pt\/produto\/cones-iso-50-ferramentas\/","title":{"rendered":"Cones ISO 50 ferramentas"},"content":{"rendered":"<p><\/p>\n<h4 class=\"css-1kc83jo\">Cones ISO 50 ferramentas<\/h4>\n<p>Ferramentas para Cnc centros de maquina\u00e7\u00e3o ou fresadoras cnc<br \/>\nCones ISO 50 com diversas ferramentas, o valor \u00e9 por unidade mas pode ser vendido em lote 800\u20ac inclui o arm\u00e1rio<\/p>\n<p>Envio por cota\u00e7\u00e3o<\/p>","protected":false},"excerpt":{"rendered":"<p>Cones ISO 50 ferramentas Ferramentas para Cnc centros de maquina\u00e7\u00e3o ou fresadoras cnc Cones ISO 50 com diversas ferramentas, o valor \u00e9 por unidade mas pode ser vendido em lote 800\u20ac inclui o arm\u00e1rio Envio por cota\u00e7\u00e3o<\/p>\n","protected":false},"featured_media":70555,"comment_status":"closed","ping_status":"closed","template":"","meta":[],"product_brand":[],"product_cat":[7746,7720],"product_tag":[],"class_list":{"0":"post-70548","1":"product","2":"type-product","3":"status-publish","4":"has-post-thumbnail","6":"product_cat-acessorios-e-ferramentas-usadas","7":"product_cat-maquinas-usadas-e-recondicionadas","8":"product_shipping_class-ferramentas-pequenas","10":"first","11":"instock","12":"taxable","13":"shipping-taxable","14":"purchasable","15":"product-type-simple"},"_links":{"self":[{"href":"https:\/\/occasionmachines.com\/pt\/wp-json\/wp\/v2\/product\/70548","targetHints":{"allow":["GET"]}}],"collection":[{"href":"https:\/\/occasionmachines.com\/pt\/wp-json\/wp\/v2\/product"}],"about":[{"href":"https:\/\/occasionmachines.com\/pt\/wp-json\/wp\/v2\/types\/product"}],"replies":[{"embeddable":true,"href":"https:\/\/occasionmachines.com\/pt\/wp-json\/wp\/v2\/comments?post=70548"}],"wp:featuredmedia":[{"embeddable":true,"href":"https:\/\/occasionmachines.com\/pt\/wp-json\/wp\/v2\/media\/70555"}],"wp:attachment":[{"href":"https:\/\/occasionmachines.com\/pt\/wp-json\/wp\/v2\/media?parent=70548"}],"wp:term":[{"taxonomy":"product_brand","embeddable":true,"href":"https:\/\/occasionmachines.com\/pt\/wp-json\/wp\/v2\/product_brand?post=70548"},{"taxonomy":"product_cat","embeddable":true,"href":"https:\/\/occasionmachines.com\/pt\/wp-json\/wp\/v2\/product_cat?post=70548"},{"taxonomy":"product_tag","embeddable":true,"href":"https:\/\/occasionmachines.com\/pt\/wp-json\/wp\/v2\/product_tag?post=70548"}],"curies":[{"name":"wp","href":"https:\/\/api.w.org\/{rel}","templated":true}]}}