{"id":70567,"date":"2025-01-03T17:04:48","date_gmt":"2025-01-03T17:04:48","guid":{"rendered":"https:\/\/occasionmachines.com\/?post_type=product&#038;p=70567"},"modified":"2025-01-03T17:04:49","modified_gmt":"2025-01-03T17:04:49","slug":"cabeca-de-atarachar-roscar","status":"publish","type":"product","link":"https:\/\/occasionmachines.com\/pt\/produto\/cabeca-de-atarachar-roscar\/","title":{"rendered":"Cabe\u00e7a de atarachar Roscar"},"content":{"rendered":"<p>Cabe\u00e7a de atarachar Roscar<\/p>\n<p>Com pin\u00e7as inclu\u00eddas em muito bom estado<\/p>\n<p>Envio nacional 40\u20ac<\/p>","protected":false},"excerpt":{"rendered":"<p>Cabe\u00e7a de atarachar Roscar Com pin\u00e7as inclu\u00eddas em muito bom estado Envio nacional 40\u20ac<\/p>\n","protected":false},"featured_media":70572,"comment_status":"closed","ping_status":"closed","template":"","meta":[],"product_brand":[],"product_cat":[7746,7720],"product_tag":[],"class_list":{"0":"post-70567","1":"product","2":"type-product","3":"status-publish","4":"has-post-thumbnail","6":"product_cat-acessorios-e-ferramentas-usadas","7":"product_cat-maquinas-usadas-e-recondicionadas","8":"product_shipping_class-ferramentas-pequenas","10":"first","11":"instock","12":"taxable","13":"shipping-taxable","14":"purchasable","15":"product-type-simple"},"_links":{"self":[{"href":"https:\/\/occasionmachines.com\/pt\/wp-json\/wp\/v2\/product\/70567","targetHints":{"allow":["GET"]}}],"collection":[{"href":"https:\/\/occasionmachines.com\/pt\/wp-json\/wp\/v2\/product"}],"about":[{"href":"https:\/\/occasionmachines.com\/pt\/wp-json\/wp\/v2\/types\/product"}],"replies":[{"embeddable":true,"href":"https:\/\/occasionmachines.com\/pt\/wp-json\/wp\/v2\/comments?post=70567"}],"wp:featuredmedia":[{"embeddable":true,"href":"https:\/\/occasionmachines.com\/pt\/wp-json\/wp\/v2\/media\/70572"}],"wp:attachment":[{"href":"https:\/\/occasionmachines.com\/pt\/wp-json\/wp\/v2\/media?parent=70567"}],"wp:term":[{"taxonomy":"product_brand","embeddable":true,"href":"https:\/\/occasionmachines.com\/pt\/wp-json\/wp\/v2\/product_brand?post=70567"},{"taxonomy":"product_cat","embeddable":true,"href":"https:\/\/occasionmachines.com\/pt\/wp-json\/wp\/v2\/product_cat?post=70567"},{"taxonomy":"product_tag","embeddable":true,"href":"https:\/\/occasionmachines.com\/pt\/wp-json\/wp\/v2\/product_tag?post=70567"}],"curies":[{"name":"wp","href":"https:\/\/api.w.org\/{rel}","templated":true}]}}