{"id":70580,"date":"2025-01-08T16:06:20","date_gmt":"2025-01-08T16:06:20","guid":{"rendered":"https:\/\/occasionmachines.com\/?post_type=product&#038;p=70580"},"modified":"2025-01-15T11:02:11","modified_gmt":"2025-01-15T11:02:11","slug":"varredora-bateria-csw-700b-00055-0014900056-00068-comet","status":"publish","type":"product","link":"https:\/\/occasionmachines.com\/pt\/produto\/varredora-bateria-csw-700b-00055-0014900056-00068-comet\/","title":{"rendered":"VARREDORA BATERIA CSW 700B + 00055-00149+00056-00068 COMET"},"content":{"rendered":"<p><\/p>\n<h4>VARREDORA BATERIA CSW 700B + 00055-00149+00056-00068 COMET<\/h4>\n<p>Caracter\u00edsticas T\u00e9cnicas<\/p>\n<ul>\n<li>Capacidade de Limpeza m\u00b2\/h 2620<\/li>\n<li>Largura Limpeza mm 680<\/li>\n<li>Largura do Rodo mm 510<\/li>\n<li>Dep\u00f3sito Residuos Lt 45<\/li>\n<li>Desloca\u00e7\u00e3o Km\/h 4<\/li>\n<li>Pot\u00eancia W 400<\/li>\n<li>Voltagem V 12<\/li>\n<li>Fonte de energia Bateria<\/li>\n<li>Superficie filtrante m\u00b2 2<\/li>\n<\/ul>\n<p><\/p>","protected":false},"excerpt":{"rendered":"<p>VARREDORA BATERIA CSW 700B + 00055-00149+00056-00068 COMET Caracter\u00edsticas T\u00e9cnicas Capacidade de Limpeza m\u00b2\/h 2620 Largura Limpeza mm 680 Largura do Rodo mm 510 Dep\u00f3sito Residuos Lt 45 Desloca\u00e7\u00e3o Km\/h 4 Pot\u00eancia W 400 Voltagem V 12 Fonte de energia Bateria Superficie filtrante m\u00b2 2<\/p>\n","protected":false},"featured_media":70581,"comment_status":"closed","ping_status":"closed","template":"","meta":[],"product_brand":[],"product_cat":[1432,7720],"product_tag":[],"class_list":{"0":"post-70580","1":"product","2":"type-product","3":"status-publish","4":"has-post-thumbnail","6":"product_cat-ferramentas","7":"product_cat-maquinas-usadas-e-recondicionadas","8":"product_shipping_class-maquinas-medias","10":"first","11":"onbackorder","12":"taxable","13":"shipping-taxable","14":"purchasable","15":"product-type-simple"},"_links":{"self":[{"href":"https:\/\/occasionmachines.com\/pt\/wp-json\/wp\/v2\/product\/70580","targetHints":{"allow":["GET"]}}],"collection":[{"href":"https:\/\/occasionmachines.com\/pt\/wp-json\/wp\/v2\/product"}],"about":[{"href":"https:\/\/occasionmachines.com\/pt\/wp-json\/wp\/v2\/types\/product"}],"replies":[{"embeddable":true,"href":"https:\/\/occasionmachines.com\/pt\/wp-json\/wp\/v2\/comments?post=70580"}],"wp:featuredmedia":[{"embeddable":true,"href":"https:\/\/occasionmachines.com\/pt\/wp-json\/wp\/v2\/media\/70581"}],"wp:attachment":[{"href":"https:\/\/occasionmachines.com\/pt\/wp-json\/wp\/v2\/media?parent=70580"}],"wp:term":[{"taxonomy":"product_brand","embeddable":true,"href":"https:\/\/occasionmachines.com\/pt\/wp-json\/wp\/v2\/product_brand?post=70580"},{"taxonomy":"product_cat","embeddable":true,"href":"https:\/\/occasionmachines.com\/pt\/wp-json\/wp\/v2\/product_cat?post=70580"},{"taxonomy":"product_tag","embeddable":true,"href":"https:\/\/occasionmachines.com\/pt\/wp-json\/wp\/v2\/product_tag?post=70580"}],"curies":[{"name":"wp","href":"https:\/\/api.w.org\/{rel}","templated":true}]}}