{"id":70583,"date":"2025-01-08T16:30:01","date_gmt":"2025-01-08T16:30:01","guid":{"rendered":"https:\/\/occasionmachines.com\/?post_type=product&#038;p=70583"},"modified":"2025-01-15T11:49:11","modified_gmt":"2025-01-15T11:49:11","slug":"varredora-gasolina-csw-700g-honda-comet","status":"publish","type":"product","link":"https:\/\/occasionmachines.com\/pt\/produto\/varredora-gasolina-csw-700g-honda-comet\/","title":{"rendered":"VARREDORA GASOLINA CSW 700G HONDA COMET"},"content":{"rendered":"<p><\/p>\n<h4>VARREDORA GASOLINA CSW 700G HONDA COMET<\/h4>\n<p>Caracter\u00edsticas T\u00e9cnicas<\/p>\n<ul>\n<li>Capacidade de Limpeza m\u00b2\/h 2620<\/li>\n<li>Largura Limpeza mm 680<\/li>\n<li>Largura do Rodo mm 510<\/li>\n<li>Dep\u00f3sito Residuos Lt 45<\/li>\n<li>Desloca\u00e7\u00e3o Km\/h 4<\/li>\n<li>Superficie filtrante m\u00b2 2<\/li>\n<li>Combustivel Gasolina<\/li>\n<li>Pot\u00eancia Motor HP 5.5<\/li>\n<li>Peso 86Kg<\/li>\n<\/ul>\n<p><\/p>","protected":false},"excerpt":{"rendered":"<p>VARREDORA GASOLINA CSW 700G HONDA COMET Caracter\u00edsticas T\u00e9cnicas Capacidade de Limpeza m\u00b2\/h 2620 Largura Limpeza mm 680 Largura do Rodo mm 510 Dep\u00f3sito Residuos Lt 45 Desloca\u00e7\u00e3o Km\/h 4 Superficie filtrante m\u00b2 2 Combustivel Gasolina Pot\u00eancia Motor HP 5.5 Peso 86Kg<\/p>\n","protected":false},"featured_media":70584,"comment_status":"closed","ping_status":"closed","template":"","meta":[],"product_brand":[],"product_cat":[1432,7720],"product_tag":[],"class_list":{"0":"post-70583","1":"product","2":"type-product","3":"status-publish","4":"has-post-thumbnail","6":"product_cat-ferramentas","7":"product_cat-maquinas-usadas-e-recondicionadas","8":"product_shipping_class-maquinas-medias","10":"first","11":"onbackorder","12":"taxable","13":"shipping-taxable","14":"purchasable","15":"product-type-simple"},"_links":{"self":[{"href":"https:\/\/occasionmachines.com\/pt\/wp-json\/wp\/v2\/product\/70583","targetHints":{"allow":["GET"]}}],"collection":[{"href":"https:\/\/occasionmachines.com\/pt\/wp-json\/wp\/v2\/product"}],"about":[{"href":"https:\/\/occasionmachines.com\/pt\/wp-json\/wp\/v2\/types\/product"}],"replies":[{"embeddable":true,"href":"https:\/\/occasionmachines.com\/pt\/wp-json\/wp\/v2\/comments?post=70583"}],"wp:featuredmedia":[{"embeddable":true,"href":"https:\/\/occasionmachines.com\/pt\/wp-json\/wp\/v2\/media\/70584"}],"wp:attachment":[{"href":"https:\/\/occasionmachines.com\/pt\/wp-json\/wp\/v2\/media?parent=70583"}],"wp:term":[{"taxonomy":"product_brand","embeddable":true,"href":"https:\/\/occasionmachines.com\/pt\/wp-json\/wp\/v2\/product_brand?post=70583"},{"taxonomy":"product_cat","embeddable":true,"href":"https:\/\/occasionmachines.com\/pt\/wp-json\/wp\/v2\/product_cat?post=70583"},{"taxonomy":"product_tag","embeddable":true,"href":"https:\/\/occasionmachines.com\/pt\/wp-json\/wp\/v2\/product_tag?post=70583"}],"curies":[{"name":"wp","href":"https:\/\/api.w.org\/{rel}","templated":true}]}}