{"id":70585,"date":"2025-01-08T16:36:55","date_gmt":"2025-01-08T16:36:55","guid":{"rendered":"https:\/\/occasionmachines.com\/?post_type=product&#038;p=70585"},"modified":"2025-01-15T11:00:36","modified_gmt":"2025-01-15T11:00:36","slug":"lavadora-190-bar-330%c3%b7780l-h-400v-k-250-13-190-tsr-extra","status":"publish","type":"product","link":"https:\/\/occasionmachines.com\/pt\/produto\/lavadora-190-bar-330%c3%b7780l-h-400v-k-250-13-190-tsr-extra\/","title":{"rendered":"LAVADORA 190 BAR 330\u00f7780L\/H 400V (K 250 13\/190 TSR EXTRA)"},"content":{"rendered":"<p>LAVADORA 190 BAR 330\u00f7780L\/H 400V (K 250 13\/190 TSR EXTRA)<\/p>\n<p>Caracter\u00edsticas T\u00e9cnicas<br \/>\nPress\u00e3o Funcionamento bar 180<br \/>\nPress\u00e3o M\u00e1xima bar 190<br \/>\nCaudal L\/h 330\u00f7780<br \/>\nCaudal L\/min 5.5\u00f713<br \/>\nVoltagem V 400<br \/>\nPot\u00eancia kW 5.5<br \/>\nRota\u00e7\u00e3o do Motor rpm 1400<br \/>\nTemp. M\u00e1x. Entrada \u00c1gua \u00b0C 50<br \/>\nCapac. Reserv. Deterg. L 3.5<br \/>\nBomba LW-K 250<br \/>\nPonteira Leque Ajust\u00e1vel Sim<br \/>\nPonteira Rotativa Sim<br \/>\nMangueira mt 10<br \/>\nEnrolador Incorporado Sim<br \/>\nPeso 50Kg<\/p>","protected":false},"excerpt":{"rendered":"<p>LAVADORA 190 BAR 330\u00f7780L\/H 400V (K 250 13\/190 TSR EXTRA) Caracter\u00edsticas T\u00e9cnicas Press\u00e3o Funcionamento bar 180 Press\u00e3o M\u00e1xima bar 190 Caudal L\/h 330\u00f7780 Caudal L\/min 5.5\u00f713 Voltagem V 400 Pot\u00eancia kW 5.5 Rota\u00e7\u00e3o do Motor rpm 1400 Temp. M\u00e1x. Entrada \u00c1gua \u00b0C 50 Capac. Reserv. Deterg. L 3.5 Bomba LW-K 250 Ponteira Leque Ajust\u00e1vel Sim [&hellip;]<\/p>\n","protected":false},"featured_media":70586,"comment_status":"closed","ping_status":"closed","template":"","meta":[],"product_brand":[],"product_cat":[1432,7720],"product_tag":[],"class_list":{"0":"post-70585","1":"product","2":"type-product","3":"status-publish","4":"has-post-thumbnail","6":"product_cat-ferramentas","7":"product_cat-maquinas-usadas-e-recondicionadas","8":"product_shipping_class-maquinas-medias","10":"first","11":"onbackorder","12":"taxable","13":"shipping-taxable","14":"purchasable","15":"product-type-simple"},"_links":{"self":[{"href":"https:\/\/occasionmachines.com\/pt\/wp-json\/wp\/v2\/product\/70585","targetHints":{"allow":["GET"]}}],"collection":[{"href":"https:\/\/occasionmachines.com\/pt\/wp-json\/wp\/v2\/product"}],"about":[{"href":"https:\/\/occasionmachines.com\/pt\/wp-json\/wp\/v2\/types\/product"}],"replies":[{"embeddable":true,"href":"https:\/\/occasionmachines.com\/pt\/wp-json\/wp\/v2\/comments?post=70585"}],"wp:featuredmedia":[{"embeddable":true,"href":"https:\/\/occasionmachines.com\/pt\/wp-json\/wp\/v2\/media\/70586"}],"wp:attachment":[{"href":"https:\/\/occasionmachines.com\/pt\/wp-json\/wp\/v2\/media?parent=70585"}],"wp:term":[{"taxonomy":"product_brand","embeddable":true,"href":"https:\/\/occasionmachines.com\/pt\/wp-json\/wp\/v2\/product_brand?post=70585"},{"taxonomy":"product_cat","embeddable":true,"href":"https:\/\/occasionmachines.com\/pt\/wp-json\/wp\/v2\/product_cat?post=70585"},{"taxonomy":"product_tag","embeddable":true,"href":"https:\/\/occasionmachines.com\/pt\/wp-json\/wp\/v2\/product_tag?post=70585"}],"curies":[{"name":"wp","href":"https:\/\/api.w.org\/{rel}","templated":true}]}}