{"id":70587,"date":"2025-01-08T16:57:03","date_gmt":"2025-01-08T16:57:03","guid":{"rendered":"https:\/\/occasionmachines.com\/?post_type=product&#038;p=70587"},"modified":"2025-01-15T10:59:54","modified_gmt":"2025-01-15T10:59:54","slug":"lavadora-a-pressao-160bar-510l-h-230v-ksx-1850-gold-class","status":"publish","type":"product","link":"https:\/\/occasionmachines.com\/pt\/produto\/lavadora-a-pressao-160bar-510l-h-230v-ksx-1850-gold-class\/","title":{"rendered":"LAVADORA A. PRESSAO 160BAR 510L\/H 230V KSX 1850 GOLD CLASS"},"content":{"rendered":"<p>LAVADORA A. PRESSAO 160BAR 510L\/H 230V KSX 1850 GOLD CLASS<\/p>\n<p>Caracter\u00edsticas T\u00e9cnicas Press\u00e3o Funcionamento bar 160<br \/>\nPress\u00e3o M\u00e1xima bar 160<br \/>\nCaudal L\/h 510<br \/>\nCaudal L\/min 8.5<br \/>\nVoltagem V 230<br \/>\nPot\u00eancia kW 2.5<br \/>\nTemp. M\u00e1x. Entrada \u00c1gua \u00b0C 40<br \/>\nCapac. Reserv. Deterg. L 0.7<br \/>\nBomba PT 03 Escovas<br \/>\nPonteira Leque Ajust\u00e1vel Sim<br \/>\nMangueira mt 10<br \/>\nLiga\u00e7\u00e3o Mangueira-M\u00e1quina M22x1,5 F &#8211; \u00d815<br \/>\nPeso 23Kg<\/p>","protected":false},"excerpt":{"rendered":"<p>LAVADORA A. PRESSAO 160BAR 510L\/H 230V KSX 1850 GOLD CLASS Caracter\u00edsticas T\u00e9cnicas Press\u00e3o Funcionamento bar 160 Press\u00e3o M\u00e1xima bar 160 Caudal L\/h 510 Caudal L\/min 8.5 Voltagem V 230 Pot\u00eancia kW 2.5 Temp. M\u00e1x. Entrada \u00c1gua \u00b0C 40 Capac. Reserv. Deterg. L 0.7 Bomba PT 03 Escovas Ponteira Leque Ajust\u00e1vel Sim Mangueira mt 10 Liga\u00e7\u00e3o [&hellip;]<\/p>\n","protected":false},"featured_media":70589,"comment_status":"closed","ping_status":"closed","template":"","meta":[],"product_brand":[],"product_cat":[1432,7720],"product_tag":[],"class_list":{"0":"post-70587","1":"product","2":"type-product","3":"status-publish","4":"has-post-thumbnail","6":"product_cat-ferramentas","7":"product_cat-maquinas-usadas-e-recondicionadas","8":"product_shipping_class-maquinas-medias","10":"first","11":"onbackorder","12":"taxable","13":"shipping-taxable","14":"purchasable","15":"product-type-simple"},"_links":{"self":[{"href":"https:\/\/occasionmachines.com\/pt\/wp-json\/wp\/v2\/product\/70587","targetHints":{"allow":["GET"]}}],"collection":[{"href":"https:\/\/occasionmachines.com\/pt\/wp-json\/wp\/v2\/product"}],"about":[{"href":"https:\/\/occasionmachines.com\/pt\/wp-json\/wp\/v2\/types\/product"}],"replies":[{"embeddable":true,"href":"https:\/\/occasionmachines.com\/pt\/wp-json\/wp\/v2\/comments?post=70587"}],"wp:featuredmedia":[{"embeddable":true,"href":"https:\/\/occasionmachines.com\/pt\/wp-json\/wp\/v2\/media\/70589"}],"wp:attachment":[{"href":"https:\/\/occasionmachines.com\/pt\/wp-json\/wp\/v2\/media?parent=70587"}],"wp:term":[{"taxonomy":"product_brand","embeddable":true,"href":"https:\/\/occasionmachines.com\/pt\/wp-json\/wp\/v2\/product_brand?post=70587"},{"taxonomy":"product_cat","embeddable":true,"href":"https:\/\/occasionmachines.com\/pt\/wp-json\/wp\/v2\/product_cat?post=70587"},{"taxonomy":"product_tag","embeddable":true,"href":"https:\/\/occasionmachines.com\/pt\/wp-json\/wp\/v2\/product_tag?post=70587"}],"curies":[{"name":"wp","href":"https:\/\/api.w.org\/{rel}","templated":true}]}}