{"id":71072,"date":"2025-07-25T14:43:48","date_gmt":"2025-07-25T13:43:48","guid":{"rendered":"https:\/\/occasionmachines.com\/?post_type=product&#038;p=71072"},"modified":"2025-07-25T15:09:56","modified_gmt":"2025-07-25T14:09:56","slug":"puncionadeira-finn-power-a5-25-fb","status":"publish","type":"product","link":"https:\/\/occasionmachines.com\/pt\/produto\/puncionadeira-finn-power-a5-25-fb\/","title":{"rendered":"puncionadeira FINN-POWER A5-25 FB"},"content":{"rendered":"<p>A puncionadeira FINN-POWER A5-25 FB foi constru\u00edda em 1999 na Finl\u00e2ndia e se destaca por sua alta confiabilidade e produtividade. A m\u00e1quina utilizada para puncionar chapas com espessura m\u00e1xima de 4 mm proporciona excelentes resultados de usinagem, comprovados pela aus\u00eancia de arranh\u00f5es e cortes na superf\u00edcie da pe\u00e7a. A puncionadeira hidr\u00e1ulica FINN-POWER possui um controle CNC FANUC intuitivo com todas as fun\u00e7\u00f5es necess\u00e1rias, software JETCAM e as ferramentas mostradas nas fotos. O peso total da puncionadeira FINN-POWER A5-25FB \u00e9 de 12.000 kg.<\/p>\n<p>Dados t\u00e9cnicos da puncionadeira FINN-POWER A5-25 FB<\/p>\n<ul>\n<li>Controle CNC: FANUC<\/li>\n<li>for\u00e7a m\u00e1xima de prensagem: 23 t (230 kN)<\/li>\n<li>espessura m\u00e1xima da chapa: 4 mm<\/li>\n<li>taxas de avan\u00e7o no eixo X\/Y: 2500\/1250 mm<\/li>\n<li>software: JETCAM<\/li>\n<li>ferramentas<\/li>\n<li>mesa de escova<\/li>\n<li>press\u00e3o hidr\u00e1ulica m\u00e1xima: 300 bar<\/li>\n<li>fonte de alimenta\u00e7\u00e3o: 3x 400 V; 50 Hz<\/li>\n<li>dimens\u00f5es (C x L x A): 6000 x 6000 x 2000 mm<\/li>\n<li>Peso da m\u00e1quina A5-25 FB : 12000 kg<\/li>\n<\/ul>\n<p><\/p>","protected":false},"excerpt":{"rendered":"<p>A puncionadeira FINN-POWER A5-25 FB foi constru\u00edda em 1999 na Finl\u00e2ndia e se destaca por sua alta confiabilidade e produtividade. A m\u00e1quina utilizada para puncionar chapas com espessura m\u00e1xima de 4 mm proporciona excelentes resultados de usinagem, comprovados pela aus\u00eancia de arranh\u00f5es e cortes na superf\u00edcie da pe\u00e7a. A puncionadeira hidr\u00e1ulica FINN-POWER possui um controle [&hellip;]<\/p>\n","protected":false},"featured_media":71077,"comment_status":"closed","ping_status":"closed","template":"","meta":[],"product_brand":[],"product_cat":[7720,7754],"product_tag":[],"class_list":{"0":"post-71072","1":"product","2":"type-product","3":"status-publish","4":"has-post-thumbnail","6":"product_cat-maquinas-usadas-e-recondicionadas","7":"product_cat-punconadoras","8":"product_shipping_class-maquinas-grandes","10":"first","11":"instock","12":"taxable","13":"shipping-taxable","14":"purchasable","15":"product-type-simple"},"_links":{"self":[{"href":"https:\/\/occasionmachines.com\/pt\/wp-json\/wp\/v2\/product\/71072","targetHints":{"allow":["GET"]}}],"collection":[{"href":"https:\/\/occasionmachines.com\/pt\/wp-json\/wp\/v2\/product"}],"about":[{"href":"https:\/\/occasionmachines.com\/pt\/wp-json\/wp\/v2\/types\/product"}],"replies":[{"embeddable":true,"href":"https:\/\/occasionmachines.com\/pt\/wp-json\/wp\/v2\/comments?post=71072"}],"wp:featuredmedia":[{"embeddable":true,"href":"https:\/\/occasionmachines.com\/pt\/wp-json\/wp\/v2\/media\/71077"}],"wp:attachment":[{"href":"https:\/\/occasionmachines.com\/pt\/wp-json\/wp\/v2\/media?parent=71072"}],"wp:term":[{"taxonomy":"product_brand","embeddable":true,"href":"https:\/\/occasionmachines.com\/pt\/wp-json\/wp\/v2\/product_brand?post=71072"},{"taxonomy":"product_cat","embeddable":true,"href":"https:\/\/occasionmachines.com\/pt\/wp-json\/wp\/v2\/product_cat?post=71072"},{"taxonomy":"product_tag","embeddable":true,"href":"https:\/\/occasionmachines.com\/pt\/wp-json\/wp\/v2\/product_tag?post=71072"}],"curies":[{"name":"wp","href":"https:\/\/api.w.org\/{rel}","templated":true}]}}