{"id":71100,"date":"2025-09-18T16:09:36","date_gmt":"2025-09-18T15:09:36","guid":{"rendered":"https:\/\/occasionmachines.com\/?post_type=product&#038;p=71100"},"modified":"2025-09-18T16:09:39","modified_gmt":"2025-09-18T15:09:39","slug":"torno-mecanico-graziano-sag-180","status":"publish","type":"product","link":"https:\/\/occasionmachines.com\/pt\/produto\/torno-mecanico-graziano-sag-180\/","title":{"rendered":"Torno Mec\u00e2nico Graziano SAG 180"},"content":{"rendered":"<p><\/p>\n<h4 class=\"css-1au435n\">Torno Mec\u00e2nico Graziano SAG 180<\/h4>\n<p>Made in Italy<br \/>\n1500 mm entre pontos<br \/>\n500 mm Di\u00e2metro Toreneavel<br \/>\n58 mm furo da \u00e1rvore<br \/>\nDiversos acess\u00f3rios inclu\u00eddos<br \/>\nCarregamento inclu\u00eddo transporte por cota\u00e7\u00e3o<\/p>","protected":false},"excerpt":{"rendered":"<p>Torno Mec\u00e2nico Graziano SAG 180 Made in Italy 1500 mm entre pontos 500 mm Di\u00e2metro Toreneavel 58 mm furo da \u00e1rvore Diversos acess\u00f3rios inclu\u00eddos Carregamento inclu\u00eddo transporte por cota\u00e7\u00e3o<\/p>\n","protected":false},"featured_media":71108,"comment_status":"closed","ping_status":"closed","template":"","meta":[],"product_brand":[],"product_cat":[7720,7721],"product_tag":[],"class_list":{"0":"post-71100","1":"product","2":"type-product","3":"status-publish","4":"has-post-thumbnail","6":"product_cat-maquinas-usadas-e-recondicionadas","7":"product_cat-tornos-mecanicos-usados","8":"product_shipping_class-maquinas-grandes","10":"first","11":"instock","12":"taxable","13":"shipping-taxable","14":"purchasable","15":"product-type-simple"},"_links":{"self":[{"href":"https:\/\/occasionmachines.com\/pt\/wp-json\/wp\/v2\/product\/71100","targetHints":{"allow":["GET"]}}],"collection":[{"href":"https:\/\/occasionmachines.com\/pt\/wp-json\/wp\/v2\/product"}],"about":[{"href":"https:\/\/occasionmachines.com\/pt\/wp-json\/wp\/v2\/types\/product"}],"replies":[{"embeddable":true,"href":"https:\/\/occasionmachines.com\/pt\/wp-json\/wp\/v2\/comments?post=71100"}],"wp:featuredmedia":[{"embeddable":true,"href":"https:\/\/occasionmachines.com\/pt\/wp-json\/wp\/v2\/media\/71108"}],"wp:attachment":[{"href":"https:\/\/occasionmachines.com\/pt\/wp-json\/wp\/v2\/media?parent=71100"}],"wp:term":[{"taxonomy":"product_brand","embeddable":true,"href":"https:\/\/occasionmachines.com\/pt\/wp-json\/wp\/v2\/product_brand?post=71100"},{"taxonomy":"product_cat","embeddable":true,"href":"https:\/\/occasionmachines.com\/pt\/wp-json\/wp\/v2\/product_cat?post=71100"},{"taxonomy":"product_tag","embeddable":true,"href":"https:\/\/occasionmachines.com\/pt\/wp-json\/wp\/v2\/product_tag?post=71100"}],"curies":[{"name":"wp","href":"https:\/\/api.w.org\/{rel}","templated":true}]}}