{"id":71120,"date":"2025-09-19T14:52:41","date_gmt":"2025-09-19T13:52:41","guid":{"rendered":"https:\/\/occasionmachines.com\/?post_type=product&#038;p=71120"},"modified":"2025-09-19T15:25:00","modified_gmt":"2025-09-19T14:25:00","slug":"torno-m400-harrison","status":"publish","type":"product","link":"https:\/\/occasionmachines.com\/pt\/produto\/torno-m400-harrison\/","title":{"rendered":"Torno M400 Harrison"},"content":{"rendered":"<p><\/p>\n<div class=\"col-lg-6 border-right\">\n<p>Torno M400 Harrison<br \/>\nEspecifica\u00e7\u00f5es<br \/>\nCentro a Centro: 1524 mm<br \/>\nDi\u00e2metro sobre a Base: 406,4 mm<br \/>\nNariz do Fuso:<br \/>\nRevisto: N\u00e3o<br \/>\nCabe\u00e7ote M\u00f3vel: N\u00e3o<br \/>\nResguardo: N\u00e3o<br \/>\nTipo de Mandril: 4 Garras<\/p>\n<p>Horas de Opera\u00e7\u00e3o<br \/>\nCondi\u00e7\u00e3o: Boa<br \/>\nDe acordo com as Normas Locais &#8212;&#8212;&#8212;<br \/>\nCondi\u00e7\u00e3o Vis\u00edvel<br \/>\nDescri\u00e7\u00e3o<br \/>\nTorno Harrison M400 x 60&#8243; Tipo Base<br \/>\nBase Girat\u00f3ria de 16&#8243;<br \/>\n60&#8243; Centro a Centro<br \/>\nMandris de 3 e 4 Garras<br \/>\nPlaca Frontal<br \/>\nApoios Fixos e Deslizantes<br \/>\nProte\u00e7\u00e3o do Mandril<br \/>\nRefrigerante<br \/>\nLeve<br \/>\nPonte de Ferramentas de Mudan\u00e7a R\u00e1pida<\/p>\n<\/div>\n<p><\/p>","protected":false},"excerpt":{"rendered":"<p>Torno M400 Harrison Especifica\u00e7\u00f5es Centro a Centro: 1524 mm Di\u00e2metro sobre a Base: 406,4 mm Nariz do Fuso: Revisto: N\u00e3o Cabe\u00e7ote M\u00f3vel: N\u00e3o Resguardo: N\u00e3o Tipo de Mandril: 4 Garras Horas de Opera\u00e7\u00e3o Condi\u00e7\u00e3o: Boa De acordo com as Normas Locais &#8212;&#8212;&#8212; Condi\u00e7\u00e3o Vis\u00edvel Descri\u00e7\u00e3o Torno Harrison M400 x 60&#8243; Tipo Base Base Girat\u00f3ria de [&hellip;]<\/p>\n","protected":false},"featured_media":71122,"comment_status":"closed","ping_status":"closed","template":"","meta":[],"product_brand":[],"product_cat":[7720,7721],"product_tag":[],"class_list":{"0":"post-71120","1":"product","2":"type-product","3":"status-publish","4":"has-post-thumbnail","6":"product_cat-maquinas-usadas-e-recondicionadas","7":"product_cat-tornos-mecanicos-usados","8":"product_shipping_class-maquinas-medias","10":"first","11":"instock","12":"taxable","13":"shipping-taxable","14":"purchasable","15":"product-type-simple"},"_links":{"self":[{"href":"https:\/\/occasionmachines.com\/pt\/wp-json\/wp\/v2\/product\/71120","targetHints":{"allow":["GET"]}}],"collection":[{"href":"https:\/\/occasionmachines.com\/pt\/wp-json\/wp\/v2\/product"}],"about":[{"href":"https:\/\/occasionmachines.com\/pt\/wp-json\/wp\/v2\/types\/product"}],"replies":[{"embeddable":true,"href":"https:\/\/occasionmachines.com\/pt\/wp-json\/wp\/v2\/comments?post=71120"}],"wp:featuredmedia":[{"embeddable":true,"href":"https:\/\/occasionmachines.com\/pt\/wp-json\/wp\/v2\/media\/71122"}],"wp:attachment":[{"href":"https:\/\/occasionmachines.com\/pt\/wp-json\/wp\/v2\/media?parent=71120"}],"wp:term":[{"taxonomy":"product_brand","embeddable":true,"href":"https:\/\/occasionmachines.com\/pt\/wp-json\/wp\/v2\/product_brand?post=71120"},{"taxonomy":"product_cat","embeddable":true,"href":"https:\/\/occasionmachines.com\/pt\/wp-json\/wp\/v2\/product_cat?post=71120"},{"taxonomy":"product_tag","embeddable":true,"href":"https:\/\/occasionmachines.com\/pt\/wp-json\/wp\/v2\/product_tag?post=71120"}],"curies":[{"name":"wp","href":"https:\/\/api.w.org\/{rel}","templated":true}]}}