{"id":71149,"date":"2025-09-30T14:09:57","date_gmt":"2025-09-30T13:09:57","guid":{"rendered":"https:\/\/occasionmachines.com\/?post_type=product&#038;p=71149"},"modified":"2025-09-30T14:09:58","modified_gmt":"2025-09-30T13:09:58","slug":"retificadora-plana-perfect-pfg2550","status":"publish","type":"product","link":"https:\/\/occasionmachines.com\/pt\/produto\/retificadora-plana-perfect-pfg2550\/","title":{"rendered":"Retificadora Plana Perfect PFG2550"},"content":{"rendered":"<p>Retificadora Plana Perfect PFG2550<br \/>\nAutom\u00e1tica, hidr\u00e1ulica manual e CNC<br \/>\nMesa 500mm x 250mm<br \/>\nCurso: 550mm x 270mm<br \/>\nEm bom estado de conserva\u00e7\u00e3o,<br \/>\ncarregamento inclu\u00eddo, transporte por cota\u00e7\u00e3o<br \/>\nTemos diversas m\u00e1quinas, ferramentas e acess\u00f3rios em stock.<\/p>","protected":false},"excerpt":{"rendered":"<p>Retificadora Plana Perfect PFG2550 Autom\u00e1tica, hidr\u00e1ulica manual e CNC Mesa 500mm x 250mm Curso: 550mm x 270mm Em bom estado de conserva\u00e7\u00e3o, carregamento inclu\u00eddo, transporte por cota\u00e7\u00e3o Temos diversas m\u00e1quinas, ferramentas e acess\u00f3rios em stock.<\/p>\n","protected":false},"featured_media":71150,"comment_status":"closed","ping_status":"closed","template":"","meta":[],"product_brand":[],"product_cat":[7720,7722],"product_tag":[],"class_list":{"0":"post-71149","1":"product","2":"type-product","3":"status-publish","4":"has-post-thumbnail","6":"product_cat-maquinas-usadas-e-recondicionadas","7":"product_cat-retificadoras-usadas","8":"product_shipping_class-maquinas-medias","10":"first","11":"instock","12":"taxable","13":"shipping-taxable","14":"purchasable","15":"product-type-simple"},"_links":{"self":[{"href":"https:\/\/occasionmachines.com\/pt\/wp-json\/wp\/v2\/product\/71149","targetHints":{"allow":["GET"]}}],"collection":[{"href":"https:\/\/occasionmachines.com\/pt\/wp-json\/wp\/v2\/product"}],"about":[{"href":"https:\/\/occasionmachines.com\/pt\/wp-json\/wp\/v2\/types\/product"}],"replies":[{"embeddable":true,"href":"https:\/\/occasionmachines.com\/pt\/wp-json\/wp\/v2\/comments?post=71149"}],"wp:featuredmedia":[{"embeddable":true,"href":"https:\/\/occasionmachines.com\/pt\/wp-json\/wp\/v2\/media\/71150"}],"wp:attachment":[{"href":"https:\/\/occasionmachines.com\/pt\/wp-json\/wp\/v2\/media?parent=71149"}],"wp:term":[{"taxonomy":"product_brand","embeddable":true,"href":"https:\/\/occasionmachines.com\/pt\/wp-json\/wp\/v2\/product_brand?post=71149"},{"taxonomy":"product_cat","embeddable":true,"href":"https:\/\/occasionmachines.com\/pt\/wp-json\/wp\/v2\/product_cat?post=71149"},{"taxonomy":"product_tag","embeddable":true,"href":"https:\/\/occasionmachines.com\/pt\/wp-json\/wp\/v2\/product_tag?post=71149"}],"curies":[{"name":"wp","href":"https:\/\/api.w.org\/{rel}","templated":true}]}}