{"id":71158,"date":"2025-10-06T10:19:07","date_gmt":"2025-10-06T09:19:07","guid":{"rendered":"https:\/\/occasionmachines.com\/?post_type=product&#038;p=71158"},"modified":"2025-10-06T10:19:09","modified_gmt":"2025-10-06T09:19:09","slug":"ferramentas-iso-50","status":"publish","type":"product","link":"https:\/\/occasionmachines.com\/pt\/produto\/ferramentas-iso-50\/","title":{"rendered":"Ferramentas ISO 50"},"content":{"rendered":"<p>Ferramentas ISO 50 para fresadoras, centro de m\u00e1quina cnc, mandriladora ferramentas diversas para venda, vendemos \u00e0 unidade tamb\u00e9m valor para mais de 70 ferramentas<\/p>","protected":false},"excerpt":{"rendered":"<p>Ferramentas ISO 50 para fresadoras, centro de m\u00e1quina cnc, mandriladora ferramentas diversas para venda, vendemos \u00e0 unidade tamb\u00e9m valor para mais de 70 ferramentas<\/p>\n","protected":false},"featured_media":71159,"comment_status":"closed","ping_status":"closed","template":"","meta":[],"product_brand":[],"product_cat":[7746,7720],"product_tag":[],"class_list":{"0":"post-71158","1":"product","2":"type-product","3":"status-publish","4":"has-post-thumbnail","6":"product_cat-acessorios-e-ferramentas-usadas","7":"product_cat-maquinas-usadas-e-recondicionadas","9":"first","10":"instock","11":"taxable","12":"shipping-taxable","13":"product-type-simple"},"_links":{"self":[{"href":"https:\/\/occasionmachines.com\/pt\/wp-json\/wp\/v2\/product\/71158","targetHints":{"allow":["GET"]}}],"collection":[{"href":"https:\/\/occasionmachines.com\/pt\/wp-json\/wp\/v2\/product"}],"about":[{"href":"https:\/\/occasionmachines.com\/pt\/wp-json\/wp\/v2\/types\/product"}],"replies":[{"embeddable":true,"href":"https:\/\/occasionmachines.com\/pt\/wp-json\/wp\/v2\/comments?post=71158"}],"wp:featuredmedia":[{"embeddable":true,"href":"https:\/\/occasionmachines.com\/pt\/wp-json\/wp\/v2\/media\/71159"}],"wp:attachment":[{"href":"https:\/\/occasionmachines.com\/pt\/wp-json\/wp\/v2\/media?parent=71158"}],"wp:term":[{"taxonomy":"product_brand","embeddable":true,"href":"https:\/\/occasionmachines.com\/pt\/wp-json\/wp\/v2\/product_brand?post=71158"},{"taxonomy":"product_cat","embeddable":true,"href":"https:\/\/occasionmachines.com\/pt\/wp-json\/wp\/v2\/product_cat?post=71158"},{"taxonomy":"product_tag","embeddable":true,"href":"https:\/\/occasionmachines.com\/pt\/wp-json\/wp\/v2\/product_tag?post=71158"}],"curies":[{"name":"wp","href":"https:\/\/api.w.org\/{rel}","templated":true}]}}