{"id":71329,"date":"2026-03-02T18:46:11","date_gmt":"2026-03-02T18:46:11","guid":{"rendered":"https:\/\/occasionmachines.com\/?post_type=product&#038;p=71329"},"modified":"2026-03-02T18:46:13","modified_gmt":"2026-03-02T18:46:13","slug":"aquecedor-a-oleo-wle-75","status":"publish","type":"product","link":"https:\/\/occasionmachines.com\/pt\/produto\/aquecedor-a-oleo-wle-75\/","title":{"rendered":"Aquecedor a oleo WLE-75"},"content":{"rendered":"<p>Aquecedor a oleo WLE-75<\/p>\n<p><span data-sheets-root=\"1\">Aquecedor Industrial a \u00d3leo Wilms WLE-75 Modelo: WLE-75<br \/>\nPot\u00eancia t\u00e9rmica nominal: 70,0 kW<br \/>\nConsumo de combust\u00edvel: aprox. 5,9 kg\/h<br \/>\nRendimento \/ perdas de gases: 9,0%<br \/>\nFluxo de ar: 5.200 m\u00b3\/h (a 20 \u00b0C)<br \/>\nTipo de aquecimento: combust\u00e3o direta, ar quente com exaust\u00e3o livre<br \/>\nAlimenta\u00e7\u00e3o el\u00e9trica: 230 V \/ 50 Hz<br \/>\nConsumo el\u00e9trico: 840 W<br \/>\nCombust\u00edvel: \u00f3leo combust\u00edvel leve (Heiz\u00f6l EL)<br \/>\nCertifica\u00e7\u00e3o: CE<\/span><\/p>\n","protected":false},"excerpt":{"rendered":"<p>Aquecedor a oleo WLE-75 Aquecedor Industrial a \u00d3leo Wilms WLE-75 Modelo: WLE-75 Pot\u00eancia t\u00e9rmica nominal: 70,0 kW Consumo de combust\u00edvel: aprox. 5,9 kg\/h Rendimento \/ perdas de gases: 9,0% Fluxo de ar: 5.200 m\u00b3\/h (a 20 \u00b0C) Tipo de aquecimento: combust\u00e3o direta, ar quente com exaust\u00e3o livre Alimenta\u00e7\u00e3o el\u00e9trica: 230 V \/ 50 Hz Consumo [&hellip;]<\/p>\n","protected":false},"featured_media":71330,"comment_status":"closed","ping_status":"closed","template":"","meta":[],"product_brand":[],"product_cat":[7746,7720],"product_tag":[],"class_list":{"0":"post-71329","1":"product","2":"type-product","3":"status-publish","4":"has-post-thumbnail","6":"product_cat-acessorios-e-ferramentas-usadas","7":"product_cat-maquinas-usadas-e-recondicionadas","8":"product_shipping_class-ferramentas-medias","10":"first","11":"instock","12":"taxable","13":"shipping-taxable","14":"purchasable","15":"product-type-simple"},"_links":{"self":[{"href":"https:\/\/occasionmachines.com\/pt\/wp-json\/wp\/v2\/product\/71329","targetHints":{"allow":["GET"]}}],"collection":[{"href":"https:\/\/occasionmachines.com\/pt\/wp-json\/wp\/v2\/product"}],"about":[{"href":"https:\/\/occasionmachines.com\/pt\/wp-json\/wp\/v2\/types\/product"}],"replies":[{"embeddable":true,"href":"https:\/\/occasionmachines.com\/pt\/wp-json\/wp\/v2\/comments?post=71329"}],"wp:featuredmedia":[{"embeddable":true,"href":"https:\/\/occasionmachines.com\/pt\/wp-json\/wp\/v2\/media\/71330"}],"wp:attachment":[{"href":"https:\/\/occasionmachines.com\/pt\/wp-json\/wp\/v2\/media?parent=71329"}],"wp:term":[{"taxonomy":"product_brand","embeddable":true,"href":"https:\/\/occasionmachines.com\/pt\/wp-json\/wp\/v2\/product_brand?post=71329"},{"taxonomy":"product_cat","embeddable":true,"href":"https:\/\/occasionmachines.com\/pt\/wp-json\/wp\/v2\/product_cat?post=71329"},{"taxonomy":"product_tag","embeddable":true,"href":"https:\/\/occasionmachines.com\/pt\/wp-json\/wp\/v2\/product_tag?post=71329"}],"curies":[{"name":"wp","href":"https:\/\/api.w.org\/{rel}","templated":true}]}}