{"id":71332,"date":"2026-03-02T18:56:09","date_gmt":"2026-03-02T18:56:09","guid":{"rendered":"https:\/\/occasionmachines.com\/?post_type=product&#038;p=71332"},"modified":"2026-03-02T19:03:22","modified_gmt":"2026-03-02T19:03:22","slug":"maquina-de-injecao-krauss-maffei","status":"publish","type":"product","link":"https:\/\/occasionmachines.com\/pt\/produto\/maquina-de-injecao-krauss-maffei\/","title":{"rendered":"M\u00e1quina de inje\u00e7\u00e3o Krauss Maffei"},"content":{"rendered":"<p><span data-sheets-root=\"1\">Fabricante: KraussMaffei<br \/>\nModelo: 50\u2011190 C1<br \/>\nTipo: M\u00e1quina de moldagem por inje\u00e7\u00e3o hidr\u00e1ulica<br \/>\nControle: Unidade de controle KraussMaffei MC 3F<br \/>\nPeso da m\u00e1quina: ~2300\u202fkg<br \/>\nFor\u00e7a de fechamento: ~500\u202fkN (\u2248\u202f50\u202ftoneladas)<br \/>\nCurso de abertura do molde: ~350\u202fmm<br \/>\nEspa\u00e7amento das colunas (horizontal \u00d7 vertical): ~321\u202fmm \u00d7 321\u202fmm<br \/>\nAltura do molde (m\u00edn.\u2013m\u00e1x.): ~200\u202fmm \u2013 550\u202fmm<br \/>\nTamanho das placas do molde (platens): ~540\u202fmm \u00d7 540\u202fmm<br \/>\nCurso do ejetor: ~100\u202fmm com for\u00e7a de ~22\u202fkN<br \/>\nDi\u00e2metro do parafuso: ~30\u202fmm<br \/>\nPeso m\u00e1ximo de inje\u00e7\u00e3o: ~66\u202fg (equivalente a poliestireno \u2013 PS)<br \/>\nPress\u00e3o de inje\u00e7\u00e3o: ~2222\u202fbar (m\u00e1x.)<\/span><\/p>\n","protected":false},"excerpt":{"rendered":"<p>Fabricante: KraussMaffei Modelo: 50\u2011190 C1 Tipo: M\u00e1quina de moldagem por inje\u00e7\u00e3o hidr\u00e1ulica Controle: Unidade de controle KraussMaffei MC 3F Peso da m\u00e1quina: ~2300\u202fkg For\u00e7a de fechamento: ~500\u202fkN (\u2248\u202f50\u202ftoneladas) Curso de abertura do molde: ~350\u202fmm Espa\u00e7amento das colunas (horizontal \u00d7 vertical): ~321\u202fmm \u00d7 321\u202fmm Altura do molde (m\u00edn.\u2013m\u00e1x.): ~200\u202fmm \u2013 550\u202fmm Tamanho das placas do molde [&hellip;]<\/p>\n","protected":false},"featured_media":71334,"comment_status":"closed","ping_status":"closed","template":"","meta":[],"product_brand":[],"product_cat":[7843,7720],"product_tag":[],"class_list":{"0":"post-71332","1":"product","2":"type-product","3":"status-publish","4":"has-post-thumbnail","6":"product_cat-maquinas-de-injecao","7":"product_cat-maquinas-usadas-e-recondicionadas","8":"product_shipping_class-maquinas-medias","10":"first","11":"instock","12":"taxable","13":"shipping-taxable","14":"purchasable","15":"product-type-simple"},"_links":{"self":[{"href":"https:\/\/occasionmachines.com\/pt\/wp-json\/wp\/v2\/product\/71332","targetHints":{"allow":["GET"]}}],"collection":[{"href":"https:\/\/occasionmachines.com\/pt\/wp-json\/wp\/v2\/product"}],"about":[{"href":"https:\/\/occasionmachines.com\/pt\/wp-json\/wp\/v2\/types\/product"}],"replies":[{"embeddable":true,"href":"https:\/\/occasionmachines.com\/pt\/wp-json\/wp\/v2\/comments?post=71332"}],"wp:featuredmedia":[{"embeddable":true,"href":"https:\/\/occasionmachines.com\/pt\/wp-json\/wp\/v2\/media\/71334"}],"wp:attachment":[{"href":"https:\/\/occasionmachines.com\/pt\/wp-json\/wp\/v2\/media?parent=71332"}],"wp:term":[{"taxonomy":"product_brand","embeddable":true,"href":"https:\/\/occasionmachines.com\/pt\/wp-json\/wp\/v2\/product_brand?post=71332"},{"taxonomy":"product_cat","embeddable":true,"href":"https:\/\/occasionmachines.com\/pt\/wp-json\/wp\/v2\/product_cat?post=71332"},{"taxonomy":"product_tag","embeddable":true,"href":"https:\/\/occasionmachines.com\/pt\/wp-json\/wp\/v2\/product_tag?post=71332"}],"curies":[{"name":"wp","href":"https:\/\/api.w.org\/{rel}","templated":true}]}}