{"id":71343,"date":"2026-03-02T18:59:40","date_gmt":"2026-03-02T18:59:40","guid":{"rendered":"https:\/\/occasionmachines.com\/?post_type=product&#038;p=71343"},"modified":"2026-03-02T19:00:52","modified_gmt":"2026-03-02T19:00:52","slug":"maquina-de-injecao-kraussmaffei","status":"publish","type":"product","link":"https:\/\/occasionmachines.com\/pt\/produto\/maquina-de-injecao-kraussmaffei\/","title":{"rendered":"M\u00e1quina de Inje\u00e7\u00e3o KraussMaffei"},"content":{"rendered":"<p><span data-sheets-root=\"1\">M\u00e1quina de Inje\u00e7\u00e3o KraussMaffei KraussMaffei 50\u2011160 C1<br \/>\nFabricante: KraussMaffei<br \/>\nModelo: 50\u2011160 C1 (tamb\u00e9m visto como KM 50\u2011160 C1)<br \/>\nCategoria: M\u00e1quina de moldagem por inje\u00e7\u00e3o de pl\u00e1stico<br \/>\n<\/span><\/p>\n","protected":false},"excerpt":{"rendered":"<p>M\u00e1quina de Inje\u00e7\u00e3o KraussMaffei KraussMaffei 50\u2011160 C1 Fabricante: KraussMaffei Modelo: 50\u2011160 C1 (tamb\u00e9m visto como KM 50\u2011160 C1) Categoria: M\u00e1quina de moldagem por inje\u00e7\u00e3o de pl\u00e1stico<\/p>\n","protected":false},"featured_media":71345,"comment_status":"closed","ping_status":"closed","template":"","meta":[],"product_brand":[],"product_cat":[7843,7720],"product_tag":[],"class_list":{"0":"post-71343","1":"product","2":"type-product","3":"status-publish","4":"has-post-thumbnail","6":"product_cat-maquinas-de-injecao","7":"product_cat-maquinas-usadas-e-recondicionadas","8":"product_shipping_class-maquinas-medias","10":"first","11":"instock","12":"taxable","13":"shipping-taxable","14":"purchasable","15":"product-type-simple"},"_links":{"self":[{"href":"https:\/\/occasionmachines.com\/pt\/wp-json\/wp\/v2\/product\/71343","targetHints":{"allow":["GET"]}}],"collection":[{"href":"https:\/\/occasionmachines.com\/pt\/wp-json\/wp\/v2\/product"}],"about":[{"href":"https:\/\/occasionmachines.com\/pt\/wp-json\/wp\/v2\/types\/product"}],"replies":[{"embeddable":true,"href":"https:\/\/occasionmachines.com\/pt\/wp-json\/wp\/v2\/comments?post=71343"}],"wp:featuredmedia":[{"embeddable":true,"href":"https:\/\/occasionmachines.com\/pt\/wp-json\/wp\/v2\/media\/71345"}],"wp:attachment":[{"href":"https:\/\/occasionmachines.com\/pt\/wp-json\/wp\/v2\/media?parent=71343"}],"wp:term":[{"taxonomy":"product_brand","embeddable":true,"href":"https:\/\/occasionmachines.com\/pt\/wp-json\/wp\/v2\/product_brand?post=71343"},{"taxonomy":"product_cat","embeddable":true,"href":"https:\/\/occasionmachines.com\/pt\/wp-json\/wp\/v2\/product_cat?post=71343"},{"taxonomy":"product_tag","embeddable":true,"href":"https:\/\/occasionmachines.com\/pt\/wp-json\/wp\/v2\/product_tag?post=71343"}],"curies":[{"name":"wp","href":"https:\/\/api.w.org\/{rel}","templated":true}]}}