{"id":71359,"date":"2026-03-02T19:52:15","date_gmt":"2026-03-02T19:52:15","guid":{"rendered":"https:\/\/occasionmachines.com\/?post_type=product&#038;p=71359"},"modified":"2026-03-02T19:56:01","modified_gmt":"2026-03-02T19:56:01","slug":"cilindros-hidraulicos","status":"publish","type":"product","link":"https:\/\/occasionmachines.com\/pt\/produto\/cilindros-hidraulicos\/","title":{"rendered":"Cilindros hidr\u00e1ulicos"},"content":{"rendered":"<p>Press\u00e3o M\u00e1xima de Trabalho: A press\u00e3o m\u00e1xima que o cilindro pode suportar. Geralmente varia entre 100 a 700 bar, dependendo do tipo e da aplica\u00e7\u00e3o.<\/p>\n<p>Comprimento do Curso: Refere-se \u00e0 dist\u00e2ncia que o \u00eambolo do cilindro pode percorrer, desde a posi\u00e7\u00e3o inicial at\u00e9 o final do seu movimento. O curso pode ser ajustado conforme a necessidade.<\/p>\n<p>\u00c1rea de Se\u00e7\u00e3o Transversal<br \/>\nA \u00e1rea da se\u00e7\u00e3o transversal do pist\u00e3o e da haste determina a for\u00e7a de atua\u00e7\u00e3o do cilindro. O c\u00e1lculo da for\u00e7a \u00e9 feito multiplicando a press\u00e3o pela \u00e1rea da se\u00e7\u00e3o transversal.<\/p>\n<p>Material: O corpo do cilindro e o \u00eambolo s\u00e3o geralmente feitos de a\u00e7o carbono ou a\u00e7o inoxid\u00e1vel, dependendo das condi\u00e7\u00f5es de trabalho e resist\u00eancia \u00e0 corros\u00e3o exigidas.<\/p>\n<p>A temperatura do fluido hidr\u00e1ulico afeta o desempenho do cilindro. A maioria dos cilindros opera de -20\u00b0C a 100\u00b0C, mas pode ser projetada para resistir a temperaturas mais extremas, com fluido adequado.<\/p>\n<p>A velocidade de movimento do pist\u00e3o pode ser ajustada com v\u00e1lvulas de controle, e depende do volume de fluido que \u00e9 deslocado para o cilindro, bem como da press\u00e3o.<br \/>\nA montagem pode ser de diferentes tipos: frontal, lateral, com ou sem suportes, etc., dependendo do tipo de aplica\u00e7\u00e3o.<br \/>\nA carga m\u00e1xima que o cilindro pode suportar sem falhar ou deformar \u00e9 um par\u00e2metro importante. Geralmente, \u00e9 calculado com base na press\u00e3o de trabalho e na \u00e1rea do pist\u00e3o.<\/p>\n","protected":false},"excerpt":{"rendered":"<p>Press\u00e3o M\u00e1xima de Trabalho: A press\u00e3o m\u00e1xima que o cilindro pode suportar. Geralmente varia entre 100 a 700 bar, dependendo do tipo e da aplica\u00e7\u00e3o. Comprimento do Curso: Refere-se \u00e0 dist\u00e2ncia que o \u00eambolo do cilindro pode percorrer, desde a posi\u00e7\u00e3o inicial at\u00e9 o final do seu movimento. O curso pode ser ajustado conforme a [&hellip;]<\/p>\n","protected":false},"featured_media":71367,"comment_status":"closed","ping_status":"closed","template":"","meta":[],"product_brand":[],"product_cat":[7720],"product_tag":[],"class_list":{"0":"post-71359","1":"product","2":"type-product","3":"status-publish","4":"has-post-thumbnail","6":"product_cat-maquinas-usadas-e-recondicionadas","7":"product_shipping_class-maquinas-pequenas","9":"first","10":"instock","11":"taxable","12":"shipping-taxable","13":"purchasable","14":"product-type-simple"},"_links":{"self":[{"href":"https:\/\/occasionmachines.com\/pt\/wp-json\/wp\/v2\/product\/71359","targetHints":{"allow":["GET"]}}],"collection":[{"href":"https:\/\/occasionmachines.com\/pt\/wp-json\/wp\/v2\/product"}],"about":[{"href":"https:\/\/occasionmachines.com\/pt\/wp-json\/wp\/v2\/types\/product"}],"replies":[{"embeddable":true,"href":"https:\/\/occasionmachines.com\/pt\/wp-json\/wp\/v2\/comments?post=71359"}],"wp:featuredmedia":[{"embeddable":true,"href":"https:\/\/occasionmachines.com\/pt\/wp-json\/wp\/v2\/media\/71367"}],"wp:attachment":[{"href":"https:\/\/occasionmachines.com\/pt\/wp-json\/wp\/v2\/media?parent=71359"}],"wp:term":[{"taxonomy":"product_brand","embeddable":true,"href":"https:\/\/occasionmachines.com\/pt\/wp-json\/wp\/v2\/product_brand?post=71359"},{"taxonomy":"product_cat","embeddable":true,"href":"https:\/\/occasionmachines.com\/pt\/wp-json\/wp\/v2\/product_cat?post=71359"},{"taxonomy":"product_tag","embeddable":true,"href":"https:\/\/occasionmachines.com\/pt\/wp-json\/wp\/v2\/product_tag?post=71359"}],"curies":[{"name":"wp","href":"https:\/\/api.w.org\/{rel}","templated":true}]}}