{"id":71428,"date":"2026-03-02T21:53:40","date_gmt":"2026-03-02T21:53:40","guid":{"rendered":"https:\/\/occasionmachines.com\/?post_type=product&#038;p=71428"},"modified":"2026-03-02T21:53:42","modified_gmt":"2026-03-02T21:53:42","slug":"cleancut-edm-650-cnc-electro-erosao","status":"publish","type":"product","link":"https:\/\/occasionmachines.com\/pt\/produto\/cleancut-edm-650-cnc-electro-erosao\/","title":{"rendered":"Cleancut EDM 650 CNC Electro Eros\u00e3o"},"content":{"rendered":"<h3 data-start=\"501\" data-end=\"535\">Par\u00e2metros de processamento<\/h3>\n<p data-start=\"536\" data-end=\"570\"><strong data-start=\"536\" data-end=\"568\">Tamanho da mesa de trabalho:<\/strong><\/p>\n<ul data-start=\"571\" data-end=\"683\">\n<li data-start=\"571\" data-end=\"683\">\n<p data-start=\"573\" data-end=\"683\">tipicamente <strong data-start=\"585\" data-end=\"603\">~1000 \u00d7 600 mm<\/strong> para a vers\u00e3o 650 (comprimento \u00d7 largura)<\/p>\n<\/li>\n<\/ul>\n<p data-start=\"685\" data-end=\"717\"><strong data-start=\"685\" data-end=\"715\">Curso dos eixos (X, Y, Z):<\/strong><\/p>\n<ul data-start=\"718\" data-end=\"867\">\n<li data-start=\"718\" data-end=\"736\">\n<p data-start=\"720\" data-end=\"736\"><strong data-start=\"720\" data-end=\"726\">X:<\/strong> ~650 mm<\/p>\n<\/li>\n<li data-start=\"737\" data-end=\"755\">\n<p data-start=\"739\" data-end=\"755\"><strong data-start=\"739\" data-end=\"745\">Y:<\/strong> ~550 mm<\/p>\n<\/li>\n<li data-start=\"756\" data-end=\"867\">\n<p data-start=\"758\" data-end=\"867\"><strong data-start=\"758\" data-end=\"764\">Z:<\/strong> ~280 + 300 mm (movimento vertical com \u201celeva\u00e7\u00e3o \u00fatil\u201d combinada)<\/p>\n<\/li>\n<\/ul>\n<p data-start=\"869\" data-end=\"907\"><strong data-start=\"869\" data-end=\"905\">Peso m\u00e1ximo da pe\u00e7a de trabalho:<\/strong><\/p>\n<ul data-start=\"908\" data-end=\"1005\">\n<li data-start=\"908\" data-end=\"1005\">\n<p data-start=\"910\" data-end=\"1005\">geralmente at\u00e9 <strong data-start=\"925\" data-end=\"937\">~2000 kg<\/strong> (capacidade de carga da mesa)<\/p>\n<\/li>\n<\/ul>\n<p data-start=\"1007\" data-end=\"1031\"><strong data-start=\"1007\" data-end=\"1029\">Peso do el\u00e9ctrodo:<\/strong><\/p>\n<ul data-start=\"1032\" data-end=\"1130\">\n<li data-start=\"1032\" data-end=\"1130\">\n<p data-start=\"1034\" data-end=\"1130\">at\u00e9 <strong data-start=\"1038\" data-end=\"1049\">~150 kg<\/strong> m\u00e1ximo suportado pelo suporte de el\u00e9ctrodo<\/p>\n<\/li>\n<\/ul>\n<p data-start=\"1132\" data-end=\"1164\"><strong data-start=\"1132\" data-end=\"1162\">Dist\u00e2ncia eletrodo \u2013 mesa:<\/strong><\/p>\n<ul data-start=\"1165\" data-end=\"1257\">\n<li data-start=\"1165\" data-end=\"1257\">\n<p data-start=\"1167\" data-end=\"1257\"><strong data-start=\"1167\" data-end=\"1184\">~320 \u2013 900 mm<\/strong> (varia conforme posi\u00e7\u00e3o do eixo Z)<\/p>\n<\/li>\n<\/ul>\n<hr data-start=\"1259\" data-end=\"1262\" \/>\n<h3 data-start=\"1264\" data-end=\"1300\">\u26a1 Sistema el\u00e9trico e performance<\/h3>\n<p data-start=\"1301\" data-end=\"1319\"><strong data-start=\"1301\" data-end=\"1317\">Controlador:<\/strong><\/p>\n<ul data-start=\"1320\" data-end=\"1496\">\n<li data-start=\"1320\" data-end=\"1496\">\n<p data-start=\"1322\" data-end=\"1496\">CNC com painel e ecr\u00e3, muitas vezes LCD TFT (por ex., 15-inch) com fun\u00e7\u00f5es de programa\u00e7\u00e3o em segmentos e l\u00f3gica autom\u00e1tica de par\u00e2metros<\/p>\n<\/li>\n<\/ul>\n<p data-start=\"1498\" data-end=\"1525\"><strong data-start=\"1498\" data-end=\"1523\">Corrente de usinagem:<\/strong><\/p>\n<ul data-start=\"1526\" data-end=\"1630\">\n<li data-start=\"1526\" data-end=\"1630\">\n<p data-start=\"1528\" data-end=\"1630\">~<strong data-start=\"1529\" data-end=\"1537\">50 A<\/strong> de corrente m\u00e1xima de descarga para usinagem eficiente<\/p>\n<\/li>\n<\/ul>\n<p data-start=\"1632\" data-end=\"1660\"><strong data-start=\"1632\" data-end=\"1658\">Desgaste do el\u00e9ctrodo:<\/strong><\/p>\n<ul data-start=\"1661\" data-end=\"1760\">\n<li data-start=\"1661\" data-end=\"1760\">\n<p data-start=\"1663\" data-end=\"1760\">baixo desgaste t\u00edpico <strong data-start=\"1685\" data-end=\"1696\">&lt; 0,2 %<\/strong> durante o processo de EDM<\/p>\n<\/li>\n<\/ul>\n<p data-start=\"1762\" data-end=\"1791\"><strong data-start=\"1762\" data-end=\"1789\">Acabamento superficial:<\/strong><\/p>\n<ul data-start=\"1792\" data-end=\"1922\">\n<li data-start=\"1792\" data-end=\"1922\">\n<p data-start=\"1794\" data-end=\"1922\">fino, frequentemente at\u00e9 <strong data-start=\"1819\" data-end=\"1834\">Ra \u2264 0,3 \u00b5m<\/strong>, dependendo do material e par\u00e2metros selecionados<\/p>\n<\/li>\n<\/ul>\n<p data-start=\"1924\" data-end=\"1950\"><strong data-start=\"1924\" data-end=\"1948\">Efici\u00eancia de corte:<\/strong><\/p>\n<ul data-start=\"1951\" data-end=\"2072\">\n<li data-start=\"1951\" data-end=\"2072\">\n<p data-start=\"1953\" data-end=\"2072\">valores t\u00edpicos de efici\u00eancia de usinagem <strong data-start=\"1995\" data-end=\"2011\">~500 mm\u00b2\/min<\/strong> em aplica\u00e7\u00f5es padr\u00e3o<\/p>\n<\/li>\n<\/ul>\n","protected":false},"excerpt":{"rendered":"<p>Par\u00e2metros de processamento Tamanho da mesa de trabalho: tipicamente ~1000 \u00d7 600 mm para a vers\u00e3o 650 (comprimento \u00d7 largura) Curso dos eixos (X, Y, Z): X: ~650 mm Y: ~550 mm Z: ~280 + 300 mm (movimento vertical com \u201celeva\u00e7\u00e3o \u00fatil\u201d combinada) Peso m\u00e1ximo da pe\u00e7a de trabalho: geralmente at\u00e9 ~2000 kg (capacidade de [&hellip;]<\/p>\n","protected":false},"featured_media":71440,"comment_status":"closed","ping_status":"closed","template":"","meta":[],"product_brand":[],"product_cat":[7787,7720],"product_tag":[],"class_list":{"0":"post-71428","1":"product","2":"type-product","3":"status-publish","4":"has-post-thumbnail","6":"product_cat-electro-erosoes","7":"product_cat-maquinas-usadas-e-recondicionadas","8":"product_shipping_class-maquinas-medias","10":"first","11":"instock","12":"taxable","13":"shipping-taxable","14":"purchasable","15":"product-type-simple"},"_links":{"self":[{"href":"https:\/\/occasionmachines.com\/pt\/wp-json\/wp\/v2\/product\/71428","targetHints":{"allow":["GET"]}}],"collection":[{"href":"https:\/\/occasionmachines.com\/pt\/wp-json\/wp\/v2\/product"}],"about":[{"href":"https:\/\/occasionmachines.com\/pt\/wp-json\/wp\/v2\/types\/product"}],"replies":[{"embeddable":true,"href":"https:\/\/occasionmachines.com\/pt\/wp-json\/wp\/v2\/comments?post=71428"}],"wp:featuredmedia":[{"embeddable":true,"href":"https:\/\/occasionmachines.com\/pt\/wp-json\/wp\/v2\/media\/71440"}],"wp:attachment":[{"href":"https:\/\/occasionmachines.com\/pt\/wp-json\/wp\/v2\/media?parent=71428"}],"wp:term":[{"taxonomy":"product_brand","embeddable":true,"href":"https:\/\/occasionmachines.com\/pt\/wp-json\/wp\/v2\/product_brand?post=71428"},{"taxonomy":"product_cat","embeddable":true,"href":"https:\/\/occasionmachines.com\/pt\/wp-json\/wp\/v2\/product_cat?post=71428"},{"taxonomy":"product_tag","embeddable":true,"href":"https:\/\/occasionmachines.com\/pt\/wp-json\/wp\/v2\/product_tag?post=71428"}],"curies":[{"name":"wp","href":"https:\/\/api.w.org\/{rel}","templated":true}]}}