{"id":71458,"date":"2026-03-02T22:02:04","date_gmt":"2026-03-02T22:02:04","guid":{"rendered":"https:\/\/occasionmachines.com\/?post_type=product&#038;p=71458"},"modified":"2026-03-02T22:02:05","modified_gmt":"2026-03-02T22:02:05","slug":"mesa-de-soldadura-soldagem","status":"publish","type":"product","link":"https:\/\/occasionmachines.com\/pt\/produto\/mesa-de-soldadura-soldagem\/","title":{"rendered":"Mesa de Soldadura, Soldagem"},"content":{"rendered":"<p>Superf\u00edcie de trabalho: chapa de a\u00e7o de alta resist\u00eancia<br \/>\nBase \/ pernas: perfil estruturado em a\u00e7o soldado<br \/>\nAcabamento: pintura anticorrosiva ou revestimento pulverizado<br \/>\nPlanicidade: \u2264 0,2 mm\/m<br \/>\nPerpendicularidade: conforme toler\u00e2ncia industrial<br \/>\nIdeal para posicionamento, montagem e soldadura de pe\u00e7as com exig\u00eancia de precis\u00e3o<br \/>\nFuros \u00d8: 14 mm \u2013 22 mm (dependendo do modelo)<br \/>\nEspa\u00e7amento padr\u00e3o: rede quadrada (ex.: 100 mm x 100 mm) ou rect\u00e2ngular<br \/>\nPermite a fixa\u00e7\u00e3o de clamps, locators e outros acess\u00f3rios<br \/>\nCarga m\u00e1xima distribu\u00edda: (ex.: 1 500 kg \u2013 3 000 kg ou mais)<br \/>\nSuperf\u00edcie robusta para trabalhos pesados de soldadura e montagem<br \/>\nAcess\u00f3rios Compat\u00edveis:Clamps e Garras de fixa\u00e7\u00e3o\/ Barras de refer\u00eancia \/ stops\/ Suportes ajust\u00e1veis\/ Ferramentas de alinhamento\/ Rodas com trav\u00e3o<\/p>\n","protected":false},"excerpt":{"rendered":"<p>Superf\u00edcie de trabalho: chapa de a\u00e7o de alta resist\u00eancia Base \/ pernas: perfil estruturado em a\u00e7o soldado Acabamento: pintura anticorrosiva ou revestimento pulverizado Planicidade: \u2264 0,2 mm\/m Perpendicularidade: conforme toler\u00e2ncia industrial Ideal para posicionamento, montagem e soldadura de pe\u00e7as com exig\u00eancia de precis\u00e3o Furos \u00d8: 14 mm \u2013 22 mm (dependendo do modelo) Espa\u00e7amento padr\u00e3o: [&hellip;]<\/p>\n","protected":false},"featured_media":71459,"comment_status":"closed","ping_status":"closed","template":"","meta":[],"product_brand":[],"product_cat":[7746,7720,7837],"product_tag":[],"class_list":{"0":"post-71458","1":"product","2":"type-product","3":"status-publish","4":"has-post-thumbnail","6":"product_cat-acessorios-e-ferramentas-usadas","7":"product_cat-maquinas-usadas-e-recondicionadas","8":"product_cat-soldagem","9":"product_shipping_class-ferramentas-minusculas","11":"first","12":"instock","13":"taxable","14":"shipping-taxable","15":"purchasable","16":"product-type-simple"},"_links":{"self":[{"href":"https:\/\/occasionmachines.com\/pt\/wp-json\/wp\/v2\/product\/71458","targetHints":{"allow":["GET"]}}],"collection":[{"href":"https:\/\/occasionmachines.com\/pt\/wp-json\/wp\/v2\/product"}],"about":[{"href":"https:\/\/occasionmachines.com\/pt\/wp-json\/wp\/v2\/types\/product"}],"replies":[{"embeddable":true,"href":"https:\/\/occasionmachines.com\/pt\/wp-json\/wp\/v2\/comments?post=71458"}],"wp:featuredmedia":[{"embeddable":true,"href":"https:\/\/occasionmachines.com\/pt\/wp-json\/wp\/v2\/media\/71459"}],"wp:attachment":[{"href":"https:\/\/occasionmachines.com\/pt\/wp-json\/wp\/v2\/media?parent=71458"}],"wp:term":[{"taxonomy":"product_brand","embeddable":true,"href":"https:\/\/occasionmachines.com\/pt\/wp-json\/wp\/v2\/product_brand?post=71458"},{"taxonomy":"product_cat","embeddable":true,"href":"https:\/\/occasionmachines.com\/pt\/wp-json\/wp\/v2\/product_cat?post=71458"},{"taxonomy":"product_tag","embeddable":true,"href":"https:\/\/occasionmachines.com\/pt\/wp-json\/wp\/v2\/product_tag?post=71458"}],"curies":[{"name":"wp","href":"https:\/\/api.w.org\/{rel}","templated":true}]}}