{"id":71461,"date":"2026-03-02T22:10:11","date_gmt":"2026-03-02T22:10:11","guid":{"rendered":"https:\/\/occasionmachines.com\/?post_type=product&#038;p=71461"},"modified":"2026-03-02T22:10:12","modified_gmt":"2026-03-02T22:10:12","slug":"estrutura-para-armazenar-placas-materiais-ou-chapas","status":"publish","type":"product","link":"https:\/\/occasionmachines.com\/pt\/produto\/estrutura-para-armazenar-placas-materiais-ou-chapas\/","title":{"rendered":"Estrutura para armazenar placas, materiais ou chapas"},"content":{"rendered":"<p data-start=\"66\" data-end=\"184\"><strong data-start=\"69\" data-end=\"102\">Postes verticais de conten\u00e7\u00e3o<\/strong> \u2014 impedem que as chapas tombem ou deslizem durante o transporte ou armazenamento.<\/p>\n<p data-start=\"186\" data-end=\"210\">Al\u00e9m disso, a estrutura:<\/p>\n<ul data-start=\"212\" data-end=\"423\">\n<li data-start=\"212\" data-end=\"265\">\n<p data-start=\"214\" data-end=\"265\">\u2705 \u00c9 <strong data-start=\"218\" data-end=\"238\">refor\u00e7ada em a\u00e7o<\/strong>, suportando peso elevado<\/p>\n<\/li>\n<li data-start=\"266\" data-end=\"340\">\n<p data-start=\"268\" data-end=\"340\">\u2705 Tem <strong data-start=\"274\" data-end=\"298\">base est\u00e1vel e larga<\/strong>, ideal para empilhador ou ponte rolante<\/p>\n<\/li>\n<li data-start=\"341\" data-end=\"423\">\n<p data-start=\"343\" data-end=\"423\">\u2705 Permite <strong data-start=\"353\" data-end=\"391\">organiza\u00e7\u00e3o por separa\u00e7\u00e3o vertical<\/strong>, facilitando acesso \u00e0s chapas<\/p>\n<\/li>\n<\/ul>\n<p data-start=\"425\" data-end=\"522\">Parece ser um <strong data-start=\"439\" data-end=\"521\">suporte\/estante industrial para armazenamento e transporte de chapas met\u00e1licas<\/strong>.<\/p>\n","protected":false},"excerpt":{"rendered":"<p>Postes verticais de conten\u00e7\u00e3o \u2014 impedem que as chapas tombem ou deslizem durante o transporte ou armazenamento. Al\u00e9m disso, a estrutura: \u2705 \u00c9 refor\u00e7ada em a\u00e7o, suportando peso elevado \u2705 Tem base est\u00e1vel e larga, ideal para empilhador ou ponte rolante \u2705 Permite organiza\u00e7\u00e3o por separa\u00e7\u00e3o vertical, facilitando acesso \u00e0s chapas Parece ser um suporte\/estante [&hellip;]<\/p>\n","protected":false},"featured_media":71462,"comment_status":"closed","ping_status":"closed","template":"","meta":[],"product_brand":[],"product_cat":[7746,7720],"product_tag":[],"class_list":{"0":"post-71461","1":"product","2":"type-product","3":"status-publish","4":"has-post-thumbnail","6":"product_cat-acessorios-e-ferramentas-usadas","7":"product_cat-maquinas-usadas-e-recondicionadas","8":"product_shipping_class-maquinas-pequenas","10":"first","11":"instock","12":"taxable","13":"shipping-taxable","14":"purchasable","15":"product-type-simple"},"_links":{"self":[{"href":"https:\/\/occasionmachines.com\/pt\/wp-json\/wp\/v2\/product\/71461","targetHints":{"allow":["GET"]}}],"collection":[{"href":"https:\/\/occasionmachines.com\/pt\/wp-json\/wp\/v2\/product"}],"about":[{"href":"https:\/\/occasionmachines.com\/pt\/wp-json\/wp\/v2\/types\/product"}],"replies":[{"embeddable":true,"href":"https:\/\/occasionmachines.com\/pt\/wp-json\/wp\/v2\/comments?post=71461"}],"wp:featuredmedia":[{"embeddable":true,"href":"https:\/\/occasionmachines.com\/pt\/wp-json\/wp\/v2\/media\/71462"}],"wp:attachment":[{"href":"https:\/\/occasionmachines.com\/pt\/wp-json\/wp\/v2\/media?parent=71461"}],"wp:term":[{"taxonomy":"product_brand","embeddable":true,"href":"https:\/\/occasionmachines.com\/pt\/wp-json\/wp\/v2\/product_brand?post=71461"},{"taxonomy":"product_cat","embeddable":true,"href":"https:\/\/occasionmachines.com\/pt\/wp-json\/wp\/v2\/product_cat?post=71461"},{"taxonomy":"product_tag","embeddable":true,"href":"https:\/\/occasionmachines.com\/pt\/wp-json\/wp\/v2\/product_tag?post=71461"}],"curies":[{"name":"wp","href":"https:\/\/api.w.org\/{rel}","templated":true}]}}