{"id":71478,"date":"2026-03-03T11:05:49","date_gmt":"2026-03-03T11:05:49","guid":{"rendered":"https:\/\/occasionmachines.com\/?post_type=product&#038;p=71478"},"modified":"2026-03-26T11:40:54","modified_gmt":"2026-03-26T11:40:54","slug":"sistema-hidraulico","status":"publish","type":"product","link":"https:\/\/occasionmachines.com\/pt\/produto\/sistema-hidraulico\/","title":{"rendered":"Sistema Hidraulico"},"content":{"rendered":"<p>Sistema hidraulico -Conjunto composto por motor el\u00e9trico, bomba hidr\u00e1ulica, reservat\u00f3rio de \u00f3leo e sistema de v\u00e1lvulas<br \/>\n-Estrutura robusta adequada para funcionamento cont\u00ednuo<br \/>\n-Constru\u00e7\u00e3o em a\u00e7o de elevada resist\u00eancia<br \/>\n-Projetada para opera\u00e7\u00e3o em regimes de alta press\u00e3o<br \/>\n-Sistema de controlo de press\u00e3o e caudal<br \/>\n-Reservat\u00f3rio com filtro de retorno e respiro<br \/>\n-V\u00e1lvulas de seguran\u00e7a para prote\u00e7\u00e3o do sistema<br \/>\n-Baixo n\u00edvel de ru\u00eddo e elevada efici\u00eancia energ\u00e9tica<br \/>\n-Facilidade de manuten\u00e7\u00e3o e acesso aos componentes<br \/>\n-Possibilidade de personaliza\u00e7\u00e3o conforme aplica\u00e7\u00e3o<\/p>\n","protected":false},"excerpt":{"rendered":"<p>Sistema hidraulico -Conjunto composto por motor el\u00e9trico, bomba hidr\u00e1ulica, reservat\u00f3rio de \u00f3leo e sistema de v\u00e1lvulas -Estrutura robusta adequada para funcionamento cont\u00ednuo -Constru\u00e7\u00e3o em a\u00e7o de elevada resist\u00eancia -Projetada para opera\u00e7\u00e3o em regimes de alta press\u00e3o -Sistema de controlo de press\u00e3o e caudal -Reservat\u00f3rio com filtro de retorno e respiro -V\u00e1lvulas de seguran\u00e7a para prote\u00e7\u00e3o [&hellip;]<\/p>\n","protected":false},"featured_media":71484,"comment_status":"closed","ping_status":"closed","template":"","meta":[],"product_brand":[],"product_cat":[7746,10547,7720],"product_tag":[],"class_list":{"0":"post-71478","1":"product","2":"type-product","3":"status-publish","4":"has-post-thumbnail","6":"product_cat-acessorios-e-ferramentas-usadas","7":"product_cat-maquinas-de-injecao-2","8":"product_cat-maquinas-usadas-e-recondicionadas","9":"product_shipping_class-maquinas-medias","11":"first","12":"instock","13":"taxable","14":"shipping-taxable","15":"purchasable","16":"product-type-simple"},"_links":{"self":[{"href":"https:\/\/occasionmachines.com\/pt\/wp-json\/wp\/v2\/product\/71478","targetHints":{"allow":["GET"]}}],"collection":[{"href":"https:\/\/occasionmachines.com\/pt\/wp-json\/wp\/v2\/product"}],"about":[{"href":"https:\/\/occasionmachines.com\/pt\/wp-json\/wp\/v2\/types\/product"}],"replies":[{"embeddable":true,"href":"https:\/\/occasionmachines.com\/pt\/wp-json\/wp\/v2\/comments?post=71478"}],"wp:featuredmedia":[{"embeddable":true,"href":"https:\/\/occasionmachines.com\/pt\/wp-json\/wp\/v2\/media\/71484"}],"wp:attachment":[{"href":"https:\/\/occasionmachines.com\/pt\/wp-json\/wp\/v2\/media?parent=71478"}],"wp:term":[{"taxonomy":"product_brand","embeddable":true,"href":"https:\/\/occasionmachines.com\/pt\/wp-json\/wp\/v2\/product_brand?post=71478"},{"taxonomy":"product_cat","embeddable":true,"href":"https:\/\/occasionmachines.com\/pt\/wp-json\/wp\/v2\/product_cat?post=71478"},{"taxonomy":"product_tag","embeddable":true,"href":"https:\/\/occasionmachines.com\/pt\/wp-json\/wp\/v2\/product_tag?post=71478"}],"curies":[{"name":"wp","href":"https:\/\/api.w.org\/{rel}","templated":true}]}}