{"id":71485,"date":"2026-03-03T11:12:12","date_gmt":"2026-03-03T11:12:12","guid":{"rendered":"https:\/\/occasionmachines.com\/?post_type=product&#038;p=71485"},"modified":"2026-03-03T11:12:13","modified_gmt":"2026-03-03T11:12:13","slug":"maquina-afiadora-de-fresas","status":"publish","type":"product","link":"https:\/\/occasionmachines.com\/pt\/produto\/maquina-afiadora-de-fresas\/","title":{"rendered":"M\u00e1quina afiadora de fresas"},"content":{"rendered":"<p><span data-sheets-root=\"1\">M\u00e1quina afiadora de fresas -Indicada para afia\u00e7\u00e3o de fresas de diferentes di\u00e2metros e geometrias<br \/>\n-Sistema de afia\u00e7\u00e3o preciso e ajust\u00e1vel<br \/>\n-Constru\u00e7\u00e3o robusta para elevada estabilidade durante a opera\u00e7\u00e3o<br \/>\n-Componentes usinados de alta precis\u00e3o<br \/>\n-Ajuste fino dos \u00e2ngulos de corte<br \/>\n-Mesa de trabalho regul\u00e1vel para maior versatilidade<br \/>\n-Compat\u00edvel com fresas em a\u00e7o r\u00e1pido (HSS) e metal duro<br \/>\n-Funcionamento manual ou el\u00e9trico, conforme o modelo<br \/>\n-F\u00e1cil opera\u00e7\u00e3o e manuten\u00e7\u00e3o<br \/>\n-Projetada para uso em ambientes industriais e oficinas mec\u00e2nicas<br \/>\n<\/span><\/p>\n","protected":false},"excerpt":{"rendered":"<p>M\u00e1quina afiadora de fresas -Indicada para afia\u00e7\u00e3o de fresas de diferentes di\u00e2metros e geometrias -Sistema de afia\u00e7\u00e3o preciso e ajust\u00e1vel -Constru\u00e7\u00e3o robusta para elevada estabilidade durante a opera\u00e7\u00e3o -Componentes usinados de alta precis\u00e3o -Ajuste fino dos \u00e2ngulos de corte -Mesa de trabalho regul\u00e1vel para maior versatilidade -Compat\u00edvel com fresas em a\u00e7o r\u00e1pido (HSS) e metal [&hellip;]<\/p>\n","protected":false},"featured_media":71486,"comment_status":"closed","ping_status":"closed","template":"","meta":[],"product_brand":[],"product_cat":[2672,7720,5660],"product_tag":[],"class_list":{"0":"post-71485","1":"product","2":"type-product","3":"status-publish","4":"has-post-thumbnail","6":"product_cat-fresadoras","7":"product_cat-maquinas-usadas-e-recondicionadas","8":"product_cat-serralharia","9":"product_shipping_class-maquinas-pequenas","11":"first","12":"instock","13":"taxable","14":"shipping-taxable","15":"purchasable","16":"product-type-simple"},"_links":{"self":[{"href":"https:\/\/occasionmachines.com\/pt\/wp-json\/wp\/v2\/product\/71485","targetHints":{"allow":["GET"]}}],"collection":[{"href":"https:\/\/occasionmachines.com\/pt\/wp-json\/wp\/v2\/product"}],"about":[{"href":"https:\/\/occasionmachines.com\/pt\/wp-json\/wp\/v2\/types\/product"}],"replies":[{"embeddable":true,"href":"https:\/\/occasionmachines.com\/pt\/wp-json\/wp\/v2\/comments?post=71485"}],"wp:featuredmedia":[{"embeddable":true,"href":"https:\/\/occasionmachines.com\/pt\/wp-json\/wp\/v2\/media\/71486"}],"wp:attachment":[{"href":"https:\/\/occasionmachines.com\/pt\/wp-json\/wp\/v2\/media?parent=71485"}],"wp:term":[{"taxonomy":"product_brand","embeddable":true,"href":"https:\/\/occasionmachines.com\/pt\/wp-json\/wp\/v2\/product_brand?post=71485"},{"taxonomy":"product_cat","embeddable":true,"href":"https:\/\/occasionmachines.com\/pt\/wp-json\/wp\/v2\/product_cat?post=71485"},{"taxonomy":"product_tag","embeddable":true,"href":"https:\/\/occasionmachines.com\/pt\/wp-json\/wp\/v2\/product_tag?post=71485"}],"curies":[{"name":"wp","href":"https:\/\/api.w.org\/{rel}","templated":true}]}}