{"id":71490,"date":"2026-03-03T11:21:51","date_gmt":"2026-03-03T11:21:51","guid":{"rendered":"https:\/\/occasionmachines.com\/?post_type=product&#038;p=71490"},"modified":"2026-03-03T11:21:53","modified_gmt":"2026-03-03T11:21:53","slug":"micrometro","status":"publish","type":"product","link":"https:\/\/occasionmachines.com\/pt\/produto\/micrometro\/","title":{"rendered":"Micrometro"},"content":{"rendered":"<p><span data-sheets-root=\"1\">Micrometro -Medi\u00e7\u00e3o precisa de di\u00e2metros, espessuras e profundidades<br \/>\n-Alta repetibilidade e fiabilidade nos resultados<br \/>\n-Constru\u00e7\u00e3o robusta e dur\u00e1vel, adequada para uso profissional<br \/>\n-Graduado em mil\u00edmetros ou polegadas, conforme o modelo<br \/>\n-Leitura direta em escala mec\u00e2nica ou digital (dependendo do modelo)<br \/>\n-Componentes de alta qualidade, resistentes ao desgaste<br \/>\n-Sistema de bloqueio e ajuste fino para medi\u00e7\u00f5es est\u00e1veis<br \/>\n-Compacto e f\u00e1cil de manusear<br \/>\n-Ideal para controlo dimensional em produ\u00e7\u00e3o e manuten\u00e7\u00e3o<br \/>\n<\/span><\/p>\n","protected":false},"excerpt":{"rendered":"<p>Micrometro -Medi\u00e7\u00e3o precisa de di\u00e2metros, espessuras e profundidades -Alta repetibilidade e fiabilidade nos resultados -Constru\u00e7\u00e3o robusta e dur\u00e1vel, adequada para uso profissional -Graduado em mil\u00edmetros ou polegadas, conforme o modelo -Leitura direta em escala mec\u00e2nica ou digital (dependendo do modelo) -Componentes de alta qualidade, resistentes ao desgaste -Sistema de bloqueio e ajuste fino para medi\u00e7\u00f5es [&hellip;]<\/p>\n","protected":false},"featured_media":71494,"comment_status":"closed","ping_status":"closed","template":"","meta":[],"product_brand":[],"product_cat":[5351,7720],"product_tag":[],"class_list":{"0":"post-71490","1":"product","2":"type-product","3":"status-publish","4":"has-post-thumbnail","6":"product_cat-micrometros","7":"product_cat-maquinas-usadas-e-recondicionadas","8":"product_shipping_class-ferramentas-pequenas","10":"first","11":"instock","12":"taxable","13":"shipping-taxable","14":"purchasable","15":"product-type-simple"},"_links":{"self":[{"href":"https:\/\/occasionmachines.com\/pt\/wp-json\/wp\/v2\/product\/71490","targetHints":{"allow":["GET"]}}],"collection":[{"href":"https:\/\/occasionmachines.com\/pt\/wp-json\/wp\/v2\/product"}],"about":[{"href":"https:\/\/occasionmachines.com\/pt\/wp-json\/wp\/v2\/types\/product"}],"replies":[{"embeddable":true,"href":"https:\/\/occasionmachines.com\/pt\/wp-json\/wp\/v2\/comments?post=71490"}],"wp:featuredmedia":[{"embeddable":true,"href":"https:\/\/occasionmachines.com\/pt\/wp-json\/wp\/v2\/media\/71494"}],"wp:attachment":[{"href":"https:\/\/occasionmachines.com\/pt\/wp-json\/wp\/v2\/media?parent=71490"}],"wp:term":[{"taxonomy":"product_brand","embeddable":true,"href":"https:\/\/occasionmachines.com\/pt\/wp-json\/wp\/v2\/product_brand?post=71490"},{"taxonomy":"product_cat","embeddable":true,"href":"https:\/\/occasionmachines.com\/pt\/wp-json\/wp\/v2\/product_cat?post=71490"},{"taxonomy":"product_tag","embeddable":true,"href":"https:\/\/occasionmachines.com\/pt\/wp-json\/wp\/v2\/product_tag?post=71490"}],"curies":[{"name":"wp","href":"https:\/\/api.w.org\/{rel}","templated":true}]}}